{"id":22884,"date":"2024-07-16T14:38:44","date_gmt":"2024-07-16T13:38:44","guid":{"rendered":"https:\/\/www.eurogate-international.com\/product\/pd-55-schlagstueck-fuer-stahlpfosten-60mm-o\/"},"modified":"2024-07-16T14:59:32","modified_gmt":"2024-07-16T13:59:32","slug":"pd-55-schlagstueck-fuer-stahlpfosten-60mm-o","status":"publish","type":"product","link":"https:\/\/www.eurogate-international.com\/de\/product\/pd-55-schlagstueck-fuer-stahlpfosten-60mm-o\/","title":{"rendered":"PD-55 Schlagst\u00fcck f\u00fcr Stahlpfosten 60mm \u00d8"},"excerpt":{"rendered":"<h2>PD-55 Schlagst\u00fcck f\u00fcr Stahlpfosten 60mm \u00d8<\/h2>\n<p>Dieses Schlagst\u00fcck kann direkt auf einem 60-mm-Rundpfosten platziert werden. Die Standardbuchse des pneumatischen Pfahlrammes PD-55 passt genau auf dieses Schlagst\u00fcck. Durch die Verwendung des Schlagst\u00fccks reduzieren Sie Sch\u00e4den an Pfosten und Maschine.<\/p>\n<p>Das Schlagst\u00fcck aus Stahl ist aus einem St\u00fcck gefertigt und wird in den Niederlanden hergestellt. Wir fertigen dieses Schlagst\u00fcck auf Anfrage, die Lieferzeit betr\u00e4gt 1 bis 2 Wochen.<\/p>\n<p>Bei Fragen oder einem Sonderwunsch wenden Sie sich bitte an die Vertriebsabteilung. \u00fcber info@eurogate-international.com oder +31 (0)523-638286<\/p>\n","protected":false},"featured_media":22874,"comment_status":"closed","ping_status":"closed","template":"","meta":{"_acf_changed":false},"product_cat":[3757,3650],"product_tag":[],"class_list":{"0":"post-22884","1":"product","2":"type-product","3":"status-publish","4":"has-post-thumbnail","6":"product_brand-rhino-tool-de","7":"product_cat-pd-55-schlagstucke","8":"product_cat-schlagstucke","10":"first","11":"instock","12":"taxable","13":"shipping-taxable","14":"purchasable","15":"product-type-simple"},"acf":[],"yoast_head":"<!-- This site is optimized with the Yoast SEO plugin v27.5 - https:\/\/yoast.com\/product\/yoast-seo-wordpress\/ -->\n<title>PD-55 Schlagst\u00fcck f\u00fcr Stahlpfosten 60mm \u00d8 | EuroGate International<\/title>\n<meta name=\"robots\" content=\"index, follow, max-snippet:-1, max-image-preview:large, max-video-preview:-1\" \/>\n<link rel=\"canonical\" href=\"https:\/\/www.eurogate-international.com\/de\/product\/pd-55-schlagstueck-fuer-stahlpfosten-60mm-o\/\" \/>\n<meta property=\"og:locale\" content=\"de_DE\" \/>\n<meta property=\"og:type\" content=\"article\" \/>\n<meta property=\"og:title\" content=\"PD-55 Schlagst\u00fcck f\u00fcr Stahlpfosten 60mm \u00d8 | EuroGate International\" \/>\n<meta property=\"og:description\" content=\"PD-55 Schlagst\u00fcck f\u00fcr Stahlpfosten 60mm \u00d8 Dieses Schlagst\u00fcck kann direkt auf einem 60-mm-Rundpfosten platziert werden. Die Standardbuchse des pneumatischen Pfahlrammes PD-55 passt genau auf dieses Schlagst\u00fcck. Durch die Verwendung des Schlagst\u00fccks reduzieren Sie Sch\u00e4den an Pfosten und Maschine.  Das Schlagst\u00fcck aus Stahl ist aus einem St\u00fcck gefertigt und wird in den Niederlanden hergestellt. Wir fertigen dieses Schlagst\u00fcck auf Anfrage, die Lieferzeit betr\u00e4gt 1 bis 2 Wochen.  Bei Fragen oder einem Sonderwunsch wenden Sie sich bitte an die Vertriebsabteilung. \u00fcber info@eurogate-international.com oder +31 (0)523-638286\" \/>\n<meta property=\"og:url\" content=\"https:\/\/www.eurogate-international.com\/de\/product\/pd-55-schlagstueck-fuer-stahlpfosten-60mm-o\/\" \/>\n<meta property=\"og:site_name\" content=\"EuroGate International\" \/>\n<meta property=\"article:publisher\" content=\"https:\/\/www.facebook.com\/EuroGateInternational\/\" \/>\n<meta property=\"article:modified_time\" content=\"2024-07-16T13:59:32+00:00\" \/>\n<meta property=\"og:image\" content=\"https:\/\/www.eurogate-international.com\/wp-content\/uploads\/2024\/07\/PD55-39-100-6000.gif\" \/>\n\t<meta property=\"og:image:width\" content=\"1299\" \/>\n\t<meta property=\"og:image:height\" content=\"1819\" \/>\n\t<meta property=\"og:image:type\" content=\"image\/gif\" \/>\n<meta name=\"twitter:card\" content=\"summary_large_image\" \/>\n<meta name=\"twitter:label1\" content=\"Gesch\u00e4tzte Lesezeit\" \/>\n\t<meta name=\"twitter:data1\" content=\"1 Minute\" \/>\n<!-- \/ Yoast SEO plugin. -->","yoast_head_json":{"title":"PD-55 Schlagst\u00fcck f\u00fcr Stahlpfosten 60mm \u00d8 | EuroGate International","robots":{"index":"index","follow":"follow","max-snippet":"max-snippet:-1","max-image-preview":"max-image-preview:large","max-video-preview":"max-video-preview:-1"},"canonical":"https:\/\/www.eurogate-international.com\/de\/product\/pd-55-schlagstueck-fuer-stahlpfosten-60mm-o\/","og_locale":"de_DE","og_type":"article","og_title":"PD-55 Schlagst\u00fcck f\u00fcr Stahlpfosten 60mm \u00d8 | EuroGate International","og_description":"PD-55 Schlagst\u00fcck f\u00fcr Stahlpfosten 60mm \u00d8 Dieses Schlagst\u00fcck kann direkt auf einem 60-mm-Rundpfosten platziert werden. Die Standardbuchse des pneumatischen Pfahlrammes PD-55 passt genau auf dieses Schlagst\u00fcck. Durch die Verwendung des Schlagst\u00fccks reduzieren Sie Sch\u00e4den an Pfosten und Maschine.  Das Schlagst\u00fcck aus Stahl ist aus einem St\u00fcck gefertigt und wird in den Niederlanden hergestellt. Wir fertigen dieses Schlagst\u00fcck auf Anfrage, die Lieferzeit betr\u00e4gt 1 bis 2 Wochen.  Bei Fragen oder einem Sonderwunsch wenden Sie sich bitte an die Vertriebsabteilung. \u00fcber info@eurogate-international.com oder +31 (0)523-638286","og_url":"https:\/\/www.eurogate-international.com\/de\/product\/pd-55-schlagstueck-fuer-stahlpfosten-60mm-o\/","og_site_name":"EuroGate International","article_publisher":"https:\/\/www.facebook.com\/EuroGateInternational\/","article_modified_time":"2024-07-16T13:59:32+00:00","og_image":[{"width":1299,"height":1819,"url":"https:\/\/www.eurogate-international.com\/wp-content\/uploads\/2024\/07\/PD55-39-100-6000.gif","type":"image\/gif"}],"twitter_card":"summary_large_image","twitter_misc":{"Gesch\u00e4tzte Lesezeit":"1 Minute"},"schema":{"@context":"https:\/\/schema.org","@graph":[{"@type":"WebPage","@id":"https:\/\/www.eurogate-international.com\/de\/product\/pd-55-schlagstueck-fuer-stahlpfosten-60mm-o\/","url":"https:\/\/www.eurogate-international.com\/de\/product\/pd-55-schlagstueck-fuer-stahlpfosten-60mm-o\/","name":"PD-55 Schlagst\u00fcck f\u00fcr Stahlpfosten 60mm \u00d8 | EuroGate International","isPartOf":{"@id":"https:\/\/www.eurogate-international.com\/de\/#website"},"primaryImageOfPage":{"@id":"https:\/\/www.eurogate-international.com\/de\/product\/pd-55-schlagstueck-fuer-stahlpfosten-60mm-o\/#primaryimage"},"image":{"@id":"https:\/\/www.eurogate-international.com\/de\/product\/pd-55-schlagstueck-fuer-stahlpfosten-60mm-o\/#primaryimage"},"thumbnailUrl":"https:\/\/www.eurogate-international.com\/wp-content\/uploads\/2024\/07\/PD55-39-100-6000.gif","datePublished":"2024-07-16T13:38:44+00:00","dateModified":"2024-07-16T13:59:32+00:00","breadcrumb":{"@id":"https:\/\/www.eurogate-international.com\/de\/product\/pd-55-schlagstueck-fuer-stahlpfosten-60mm-o\/#breadcrumb"},"inLanguage":"de-DE","potentialAction":[{"@type":"ReadAction","target":["https:\/\/www.eurogate-international.com\/de\/product\/pd-55-schlagstueck-fuer-stahlpfosten-60mm-o\/"]}]},{"@type":"ImageObject","inLanguage":"de-DE","@id":"https:\/\/www.eurogate-international.com\/de\/product\/pd-55-schlagstueck-fuer-stahlpfosten-60mm-o\/#primaryimage","url":"https:\/\/www.eurogate-international.com\/wp-content\/uploads\/2024\/07\/PD55-39-100-6000.gif","contentUrl":"https:\/\/www.eurogate-international.com\/wp-content\/uploads\/2024\/07\/PD55-39-100-6000.gif","width":1299,"height":1819,"caption":"PD-55 slagstuk voor stalen palen 60mm"},{"@type":"BreadcrumbList","@id":"https:\/\/www.eurogate-international.com\/de\/product\/pd-55-schlagstueck-fuer-stahlpfosten-60mm-o\/#breadcrumb","itemListElement":[{"@type":"ListItem","position":1,"name":"Home","item":"https:\/\/www.eurogate-international.com\/de\/"},{"@type":"ListItem","position":2,"name":"Shop","item":"https:\/\/www.eurogate-international.com\/de\/shop-2\/"},{"@type":"ListItem","position":3,"name":"PD-55 Schlagst\u00fcck f\u00fcr Stahlpfosten 60mm \u00d8"}]},{"@type":"WebSite","@id":"https:\/\/www.eurogate-international.com\/de\/#website","url":"https:\/\/www.eurogate-international.com\/de\/","name":"EuroGate International","description":"D\u00e9 onafhankelijke Europese verkooporganisatie van machines","publisher":{"@id":"https:\/\/www.eurogate-international.com\/de\/#organization"},"potentialAction":[{"@type":"SearchAction","target":{"@type":"EntryPoint","urlTemplate":"https:\/\/www.eurogate-international.com\/de\/?s={search_term_string}"},"query-input":{"@type":"PropertyValueSpecification","valueRequired":true,"valueName":"search_term_string"}}],"inLanguage":"de-DE"},{"@type":"Organization","@id":"https:\/\/www.eurogate-international.com\/de\/#organization","name":"EuroGate International","url":"https:\/\/www.eurogate-international.com\/de\/","logo":{"@type":"ImageObject","inLanguage":"de-DE","@id":"https:\/\/www.eurogate-international.com\/de\/#\/schema\/logo\/image\/","url":"https:\/\/www.eurogate-international.com\/wp-content\/uploads\/2020\/06\/Logo_EuroGateInternational2.png","contentUrl":"https:\/\/www.eurogate-international.com\/wp-content\/uploads\/2020\/06\/Logo_EuroGateInternational2.png","width":150,"height":148,"caption":"EuroGate International"},"image":{"@id":"https:\/\/www.eurogate-international.com\/de\/#\/schema\/logo\/image\/"},"sameAs":["https:\/\/www.facebook.com\/EuroGateInternational\/","https:\/\/nl.linkedin.com\/company\/eurogate-international"]}]}},"jetpack_sharing_enabled":true,"_links":{"self":[{"href":"https:\/\/www.eurogate-international.com\/de\/wp-json\/wp\/v2\/product\/22884","targetHints":{"allow":["GET"]}}],"collection":[{"href":"https:\/\/www.eurogate-international.com\/de\/wp-json\/wp\/v2\/product"}],"about":[{"href":"https:\/\/www.eurogate-international.com\/de\/wp-json\/wp\/v2\/types\/product"}],"replies":[{"embeddable":true,"href":"https:\/\/www.eurogate-international.com\/de\/wp-json\/wp\/v2\/comments?post=22884"}],"version-history":[{"count":0,"href":"https:\/\/www.eurogate-international.com\/de\/wp-json\/wp\/v2\/product\/22884\/revisions"}],"wp:featuredmedia":[{"embeddable":true,"href":"https:\/\/www.eurogate-international.com\/de\/wp-json\/wp\/v2\/media\/22874"}],"wp:attachment":[{"href":"https:\/\/www.eurogate-international.com\/de\/wp-json\/wp\/v2\/media?parent=22884"}],"wp:term":[{"taxonomy":"product_cat","embeddable":true,"href":"https:\/\/www.eurogate-international.com\/de\/wp-json\/wp\/v2\/product_cat?post=22884"},{"taxonomy":"product_tag","embeddable":true,"href":"https:\/\/www.eurogate-international.com\/de\/wp-json\/wp\/v2\/product_tag?post=22884"}],"curies":[{"name":"wp","href":"https:\/\/api.w.org\/{rel}","templated":true}]}}