{"id":24468,"date":"2025-03-12T10:22:56","date_gmt":"2025-03-12T09:22:56","guid":{"rendered":"https:\/\/www.eurogate-international.com\/product\/pd-55-body\/"},"modified":"2025-03-12T10:32:06","modified_gmt":"2025-03-12T09:32:06","slug":"pd-55-body","status":"publish","type":"product","link":"https:\/\/www.eurogate-international.com\/de\/product\/pd-55-body\/","title":{"rendered":"PD-55 body"},"excerpt":{"rendered":"<h2>PD-55 body<\/h2>\n<p><strong>Rhino Tool<\/strong><\/p>\n<p>Das europ\u00e4ische Ersatzteillager von Rhino Tool befindet sich in den Niederlanden bei EuroGate International in Dedemsvaart. Rhino Tool mit Sitz in den Vereinigten Staaten ist der urspr\u00fcngliche Erfinder und Entwickler der ersten pneumatischen Pfahlramme im Jahr 1974. Um die Jahrtausendwende entwickelte das Unternehmen die erste benzinbetriebene Pfahlramme, ein neues Konzept einer Pfahlramme, die autonom und ohne externe Antriebskraft funktioniert. Dies mithilfe des kleinen und leistungsstarken Honda GX35 4-Takt-Benzinmotors.<\/p>\n<p><strong>Fachwissen und Service<\/strong><\/p>\n<p>Im Laufe der Jahre hat EuroGate International ein gro\u00dfes Fachwissen \u00fcber Pfahlrammen angesammelt. Wir haben ein breites Sortiment von Spezialadaptern und Schlagst\u00fccken entwickelt, um unseren Kunden die beste Beratung und den besten Service zu bieten. Sehen Sie\u00a0hier\u00a0alle Pfahlrammen von EuroGate International. Fragen zu unseren Produkten? Rufen Sie unsere Verkaufsabteilung an, um passende Beratung zu erhalten: +31 0523-638286.<\/p>\n","protected":false},"featured_media":24458,"comment_status":"closed","ping_status":"closed","template":"","meta":{"_acf_changed":false},"product_cat":[3790],"product_tag":[],"class_list":{"0":"post-24468","1":"product","2":"type-product","3":"status-publish","4":"has-post-thumbnail","6":"product_brand-rhino-tool-de","7":"product_cat-pd-55-teile","9":"first","10":"instock","11":"taxable","12":"shipping-taxable","13":"purchasable","14":"product-type-simple"},"acf":[],"yoast_head":"<!-- This site is optimized with the Yoast SEO plugin v27.2 - https:\/\/yoast.com\/product\/yoast-seo-wordpress\/ -->\n<title>PD-55 body | EuroGate International<\/title>\n<meta name=\"robots\" content=\"index, follow, max-snippet:-1, max-image-preview:large, max-video-preview:-1\" \/>\n<link rel=\"canonical\" href=\"https:\/\/www.eurogate-international.com\/de\/product\/pd-55-body\/\" \/>\n<meta property=\"og:locale\" content=\"de_DE\" \/>\n<meta property=\"og:type\" content=\"article\" \/>\n<meta property=\"og:title\" content=\"PD-55 body | EuroGate International\" \/>\n<meta property=\"og:description\" content=\"PD-55 body Rhino Tool  Das europ\u00e4ische Ersatzteillager von Rhino Tool befindet sich in den Niederlanden bei EuroGate International in Dedemsvaart. Rhino Tool mit Sitz in den Vereinigten Staaten ist der urspr\u00fcngliche Erfinder und Entwickler der ersten pneumatischen Pfahlramme im Jahr 1974. Um die Jahrtausendwende entwickelte das Unternehmen die erste benzinbetriebene Pfahlramme, ein neues Konzept einer Pfahlramme, die autonom und ohne externe Antriebskraft funktioniert. Dies mithilfe des kleinen und leistungsstarken Honda GX35 4-Takt-Benzinmotors.  Fachwissen und Service  Im Laufe der Jahre hat EuroGate International ein gro\u00dfes Fachwissen \u00fcber Pfahlrammen angesammelt. Wir haben ein breites Sortiment von Spezialadaptern und Schlagst\u00fccken entwickelt, um unseren Kunden die beste Beratung und den besten Service zu bieten. Sehen Sie\u00a0hier\u00a0alle Pfahlrammen von EuroGate International. Fragen zu unseren Produkten? Rufen Sie unsere Verkaufsabteilung an, um passende Beratung zu erhalten: +31 0523-638286.\" \/>\n<meta property=\"og:url\" content=\"https:\/\/www.eurogate-international.com\/de\/product\/pd-55-body\/\" \/>\n<meta property=\"og:site_name\" content=\"EuroGate International\" \/>\n<meta property=\"article:publisher\" content=\"https:\/\/www.facebook.com\/EuroGateInternational\/\" \/>\n<meta property=\"article:modified_time\" content=\"2025-03-12T09:32:06+00:00\" \/>\n<meta property=\"og:image\" content=\"https:\/\/www.eurogate-international.com\/wp-content\/uploads\/2025\/03\/PD-55-body-1.png\" \/>\n\t<meta property=\"og:image:width\" content=\"3024\" \/>\n\t<meta property=\"og:image:height\" content=\"4032\" \/>\n\t<meta property=\"og:image:type\" content=\"image\/png\" \/>\n<meta name=\"twitter:card\" content=\"summary_large_image\" \/>\n<meta name=\"twitter:label1\" content=\"Gesch\u00e4tzte Lesezeit\" \/>\n\t<meta name=\"twitter:data1\" content=\"1 Minute\" \/>\n<!-- \/ Yoast SEO plugin. -->","yoast_head_json":{"title":"PD-55 body | EuroGate International","robots":{"index":"index","follow":"follow","max-snippet":"max-snippet:-1","max-image-preview":"max-image-preview:large","max-video-preview":"max-video-preview:-1"},"canonical":"https:\/\/www.eurogate-international.com\/de\/product\/pd-55-body\/","og_locale":"de_DE","og_type":"article","og_title":"PD-55 body | EuroGate International","og_description":"PD-55 body Rhino Tool  Das europ\u00e4ische Ersatzteillager von Rhino Tool befindet sich in den Niederlanden bei EuroGate International in Dedemsvaart. Rhino Tool mit Sitz in den Vereinigten Staaten ist der urspr\u00fcngliche Erfinder und Entwickler der ersten pneumatischen Pfahlramme im Jahr 1974. Um die Jahrtausendwende entwickelte das Unternehmen die erste benzinbetriebene Pfahlramme, ein neues Konzept einer Pfahlramme, die autonom und ohne externe Antriebskraft funktioniert. Dies mithilfe des kleinen und leistungsstarken Honda GX35 4-Takt-Benzinmotors.  Fachwissen und Service  Im Laufe der Jahre hat EuroGate International ein gro\u00dfes Fachwissen \u00fcber Pfahlrammen angesammelt. Wir haben ein breites Sortiment von Spezialadaptern und Schlagst\u00fccken entwickelt, um unseren Kunden die beste Beratung und den besten Service zu bieten. Sehen Sie\u00a0hier\u00a0alle Pfahlrammen von EuroGate International. Fragen zu unseren Produkten? Rufen Sie unsere Verkaufsabteilung an, um passende Beratung zu erhalten: +31 0523-638286.","og_url":"https:\/\/www.eurogate-international.com\/de\/product\/pd-55-body\/","og_site_name":"EuroGate International","article_publisher":"https:\/\/www.facebook.com\/EuroGateInternational\/","article_modified_time":"2025-03-12T09:32:06+00:00","og_image":[{"width":3024,"height":4032,"url":"https:\/\/www.eurogate-international.com\/wp-content\/uploads\/2025\/03\/PD-55-body-1.png","type":"image\/png"}],"twitter_card":"summary_large_image","twitter_misc":{"Gesch\u00e4tzte Lesezeit":"1 Minute"},"schema":{"@context":"https:\/\/schema.org","@graph":[{"@type":"WebPage","@id":"https:\/\/www.eurogate-international.com\/de\/product\/pd-55-body\/","url":"https:\/\/www.eurogate-international.com\/de\/product\/pd-55-body\/","name":"PD-55 body | EuroGate International","isPartOf":{"@id":"https:\/\/www.eurogate-international.com\/de\/#website"},"primaryImageOfPage":{"@id":"https:\/\/www.eurogate-international.com\/de\/product\/pd-55-body\/#primaryimage"},"image":{"@id":"https:\/\/www.eurogate-international.com\/de\/product\/pd-55-body\/#primaryimage"},"thumbnailUrl":"https:\/\/www.eurogate-international.com\/wp-content\/uploads\/2025\/03\/PD-55-body-1.png","datePublished":"2025-03-12T09:22:56+00:00","dateModified":"2025-03-12T09:32:06+00:00","breadcrumb":{"@id":"https:\/\/www.eurogate-international.com\/de\/product\/pd-55-body\/#breadcrumb"},"inLanguage":"de-DE","potentialAction":[{"@type":"ReadAction","target":["https:\/\/www.eurogate-international.com\/de\/product\/pd-55-body\/"]}]},{"@type":"ImageObject","inLanguage":"de-DE","@id":"https:\/\/www.eurogate-international.com\/de\/product\/pd-55-body\/#primaryimage","url":"https:\/\/www.eurogate-international.com\/wp-content\/uploads\/2025\/03\/PD-55-body-1.png","contentUrl":"https:\/\/www.eurogate-international.com\/wp-content\/uploads\/2025\/03\/PD-55-body-1.png","width":3024,"height":4032,"caption":"PD-55 body"},{"@type":"BreadcrumbList","@id":"https:\/\/www.eurogate-international.com\/de\/product\/pd-55-body\/#breadcrumb","itemListElement":[{"@type":"ListItem","position":1,"name":"Home","item":"https:\/\/www.eurogate-international.com\/de\/"},{"@type":"ListItem","position":2,"name":"Shop","item":"https:\/\/www.eurogate-international.com\/de\/shop-2\/"},{"@type":"ListItem","position":3,"name":"PD-55 body"}]},{"@type":"WebSite","@id":"https:\/\/www.eurogate-international.com\/de\/#website","url":"https:\/\/www.eurogate-international.com\/de\/","name":"EuroGate International","description":"D\u00e9 onafhankelijke Europese verkooporganisatie van machines","publisher":{"@id":"https:\/\/www.eurogate-international.com\/de\/#organization"},"potentialAction":[{"@type":"SearchAction","target":{"@type":"EntryPoint","urlTemplate":"https:\/\/www.eurogate-international.com\/de\/?s={search_term_string}"},"query-input":{"@type":"PropertyValueSpecification","valueRequired":true,"valueName":"search_term_string"}}],"inLanguage":"de-DE"},{"@type":"Organization","@id":"https:\/\/www.eurogate-international.com\/de\/#organization","name":"EuroGate International","url":"https:\/\/www.eurogate-international.com\/de\/","logo":{"@type":"ImageObject","inLanguage":"de-DE","@id":"https:\/\/www.eurogate-international.com\/de\/#\/schema\/logo\/image\/","url":"https:\/\/www.eurogate-international.com\/wp-content\/uploads\/2020\/06\/Logo_EuroGateInternational2.png","contentUrl":"https:\/\/www.eurogate-international.com\/wp-content\/uploads\/2020\/06\/Logo_EuroGateInternational2.png","width":150,"height":148,"caption":"EuroGate International"},"image":{"@id":"https:\/\/www.eurogate-international.com\/de\/#\/schema\/logo\/image\/"},"sameAs":["https:\/\/www.facebook.com\/EuroGateInternational\/","https:\/\/nl.linkedin.com\/company\/eurogate-international"]}]}},"jetpack_sharing_enabled":true,"_links":{"self":[{"href":"https:\/\/www.eurogate-international.com\/de\/wp-json\/wp\/v2\/product\/24468","targetHints":{"allow":["GET"]}}],"collection":[{"href":"https:\/\/www.eurogate-international.com\/de\/wp-json\/wp\/v2\/product"}],"about":[{"href":"https:\/\/www.eurogate-international.com\/de\/wp-json\/wp\/v2\/types\/product"}],"replies":[{"embeddable":true,"href":"https:\/\/www.eurogate-international.com\/de\/wp-json\/wp\/v2\/comments?post=24468"}],"version-history":[{"count":0,"href":"https:\/\/www.eurogate-international.com\/de\/wp-json\/wp\/v2\/product\/24468\/revisions"}],"wp:featuredmedia":[{"embeddable":true,"href":"https:\/\/www.eurogate-international.com\/de\/wp-json\/wp\/v2\/media\/24458"}],"wp:attachment":[{"href":"https:\/\/www.eurogate-international.com\/de\/wp-json\/wp\/v2\/media?parent=24468"}],"wp:term":[{"taxonomy":"product_cat","embeddable":true,"href":"https:\/\/www.eurogate-international.com\/de\/wp-json\/wp\/v2\/product_cat?post=24468"},{"taxonomy":"product_tag","embeddable":true,"href":"https:\/\/www.eurogate-international.com\/de\/wp-json\/wp\/v2\/product_tag?post=24468"}],"curies":[{"name":"wp","href":"https:\/\/api.w.org\/{rel}","templated":true}]}}