{"id":24809,"date":"2018-10-29T14:01:56","date_gmt":"2018-10-29T13:01:56","guid":{"rendered":"https:\/\/www.eurogate-international.com\/product\/filter-literzaehler\/"},"modified":"2025-09-18T08:34:04","modified_gmt":"2025-09-18T07:34:04","slug":"filter-literzaehler","status":"publish","type":"product","link":"https:\/\/www.eurogate-international.com\/de\/product\/filter-literzaehler\/","title":{"rendered":"Filter + Literz\u00e4hler"},"excerpt":{"rendered":"<p>Die Option, einen Filter und einen digitalen Literz\u00e4hler an Ihrem Fuel Cube zu installieren, bietet verschiedene Vorteile. Der Filter sorgt f\u00fcr die Abscheidung von Wasser, Schmutz, Sand und Rost. Dadurch erh\u00e4lt der Motor Ihrer Maschine saubereren Diesel. Zudem stoppt dieser Filter automatisch die Kraftstoffzufuhr, sobald ein Austausch erforderlich ist. Dar\u00fcber hinaus ist der digitale Literz\u00e4hler von Piusi ideal, um den gesamten getankten Kraftstoff zu erfassen sowie die getankte Menge pro Vorgang oder innerhalb eines bestimmten Zeitraums zu dokumentieren.<\/p>\n","protected":false},"featured_media":5939,"comment_status":"closed","ping_status":"closed","template":"","meta":{"_acf_changed":false},"product_cat":[3710],"product_tag":[],"class_list":{"0":"post-24809","1":"product","2":"type-product","3":"status-publish","4":"has-post-thumbnail","6":"product_brand-fuel-proof-de","7":"product_cat-fuel-proof-zubehoer","9":"first","10":"instock","11":"taxable","12":"shipping-taxable","13":"purchasable","14":"product-type-simple"},"acf":[],"yoast_head":"<!-- This site is optimized with the Yoast SEO plugin v27.3 - https:\/\/yoast.com\/product\/yoast-seo-wordpress\/ -->\n<title>Filter + Literz\u00e4hler | EuroGate International<\/title>\n<meta name=\"robots\" content=\"index, follow, max-snippet:-1, max-image-preview:large, max-video-preview:-1\" \/>\n<link rel=\"canonical\" href=\"https:\/\/www.eurogate-international.com\/de\/product\/filter-literzaehler\/\" \/>\n<meta property=\"og:locale\" content=\"de_DE\" \/>\n<meta property=\"og:type\" content=\"article\" \/>\n<meta property=\"og:title\" content=\"Filter + Literz\u00e4hler | EuroGate International\" \/>\n<meta property=\"og:description\" content=\"Die Option, einen Filter und einen digitalen Literz\u00e4hler an Ihrem Fuel Cube zu installieren, bietet verschiedene Vorteile. Der Filter sorgt f\u00fcr die Abscheidung von Wasser, Schmutz, Sand und Rost. Dadurch erh\u00e4lt der Motor Ihrer Maschine saubereren Diesel. Zudem stoppt dieser Filter automatisch die Kraftstoffzufuhr, sobald ein Austausch erforderlich ist. Dar\u00fcber hinaus ist der digitale Literz\u00e4hler von Piusi ideal, um den gesamten getankten Kraftstoff zu erfassen sowie die getankte Menge pro Vorgang oder innerhalb eines bestimmten Zeitraums zu dokumentieren.\" \/>\n<meta property=\"og:url\" content=\"https:\/\/www.eurogate-international.com\/de\/product\/filter-literzaehler\/\" \/>\n<meta property=\"og:site_name\" content=\"EuroGate International\" \/>\n<meta property=\"article:publisher\" content=\"https:\/\/www.facebook.com\/EuroGateInternational\/\" \/>\n<meta property=\"article:modified_time\" content=\"2025-09-18T07:34:04+00:00\" \/>\n<meta property=\"og:image\" content=\"https:\/\/www.eurogate-international.com\/wp-content\/uploads\/2018\/10\/filter-literteller-2.png\" \/>\n\t<meta property=\"og:image:width\" content=\"721\" \/>\n\t<meta property=\"og:image:height\" content=\"437\" \/>\n\t<meta property=\"og:image:type\" content=\"image\/png\" \/>\n<meta name=\"twitter:card\" content=\"summary_large_image\" \/>\n<meta name=\"twitter:label1\" content=\"Gesch\u00e4tzte Lesezeit\" \/>\n\t<meta name=\"twitter:data1\" content=\"1 Minute\" \/>\n<!-- \/ Yoast SEO plugin. -->","yoast_head_json":{"title":"Filter + Literz\u00e4hler | EuroGate International","robots":{"index":"index","follow":"follow","max-snippet":"max-snippet:-1","max-image-preview":"max-image-preview:large","max-video-preview":"max-video-preview:-1"},"canonical":"https:\/\/www.eurogate-international.com\/de\/product\/filter-literzaehler\/","og_locale":"de_DE","og_type":"article","og_title":"Filter + Literz\u00e4hler | EuroGate International","og_description":"Die Option, einen Filter und einen digitalen Literz\u00e4hler an Ihrem Fuel Cube zu installieren, bietet verschiedene Vorteile. Der Filter sorgt f\u00fcr die Abscheidung von Wasser, Schmutz, Sand und Rost. Dadurch erh\u00e4lt der Motor Ihrer Maschine saubereren Diesel. Zudem stoppt dieser Filter automatisch die Kraftstoffzufuhr, sobald ein Austausch erforderlich ist. Dar\u00fcber hinaus ist der digitale Literz\u00e4hler von Piusi ideal, um den gesamten getankten Kraftstoff zu erfassen sowie die getankte Menge pro Vorgang oder innerhalb eines bestimmten Zeitraums zu dokumentieren.","og_url":"https:\/\/www.eurogate-international.com\/de\/product\/filter-literzaehler\/","og_site_name":"EuroGate International","article_publisher":"https:\/\/www.facebook.com\/EuroGateInternational\/","article_modified_time":"2025-09-18T07:34:04+00:00","og_image":[{"width":721,"height":437,"url":"https:\/\/www.eurogate-international.com\/wp-content\/uploads\/2018\/10\/filter-literteller-2.png","type":"image\/png"}],"twitter_card":"summary_large_image","twitter_misc":{"Gesch\u00e4tzte Lesezeit":"1 Minute"},"schema":{"@context":"https:\/\/schema.org","@graph":[{"@type":"WebPage","@id":"https:\/\/www.eurogate-international.com\/de\/product\/filter-literzaehler\/","url":"https:\/\/www.eurogate-international.com\/de\/product\/filter-literzaehler\/","name":"Filter + Literz\u00e4hler | EuroGate International","isPartOf":{"@id":"https:\/\/www.eurogate-international.com\/de\/#website"},"primaryImageOfPage":{"@id":"https:\/\/www.eurogate-international.com\/de\/product\/filter-literzaehler\/#primaryimage"},"image":{"@id":"https:\/\/www.eurogate-international.com\/de\/product\/filter-literzaehler\/#primaryimage"},"thumbnailUrl":"https:\/\/www.eurogate-international.com\/wp-content\/uploads\/2018\/10\/filter-literteller-2.png","datePublished":"2018-10-29T13:01:56+00:00","dateModified":"2025-09-18T07:34:04+00:00","breadcrumb":{"@id":"https:\/\/www.eurogate-international.com\/de\/product\/filter-literzaehler\/#breadcrumb"},"inLanguage":"de-DE","potentialAction":[{"@type":"ReadAction","target":["https:\/\/www.eurogate-international.com\/de\/product\/filter-literzaehler\/"]}]},{"@type":"ImageObject","inLanguage":"de-DE","@id":"https:\/\/www.eurogate-international.com\/de\/product\/filter-literzaehler\/#primaryimage","url":"https:\/\/www.eurogate-international.com\/wp-content\/uploads\/2018\/10\/filter-literteller-2.png","contentUrl":"https:\/\/www.eurogate-international.com\/wp-content\/uploads\/2018\/10\/filter-literteller-2.png","width":721,"height":437},{"@type":"BreadcrumbList","@id":"https:\/\/www.eurogate-international.com\/de\/product\/filter-literzaehler\/#breadcrumb","itemListElement":[{"@type":"ListItem","position":1,"name":"Home","item":"https:\/\/www.eurogate-international.com\/de\/"},{"@type":"ListItem","position":2,"name":"Shop","item":"https:\/\/www.eurogate-international.com\/de\/shop-2\/"},{"@type":"ListItem","position":3,"name":"Filter + Literz\u00e4hler"}]},{"@type":"WebSite","@id":"https:\/\/www.eurogate-international.com\/de\/#website","url":"https:\/\/www.eurogate-international.com\/de\/","name":"EuroGate International","description":"D\u00e9 onafhankelijke Europese verkooporganisatie van machines","publisher":{"@id":"https:\/\/www.eurogate-international.com\/de\/#organization"},"potentialAction":[{"@type":"SearchAction","target":{"@type":"EntryPoint","urlTemplate":"https:\/\/www.eurogate-international.com\/de\/?s={search_term_string}"},"query-input":{"@type":"PropertyValueSpecification","valueRequired":true,"valueName":"search_term_string"}}],"inLanguage":"de-DE"},{"@type":"Organization","@id":"https:\/\/www.eurogate-international.com\/de\/#organization","name":"EuroGate International","url":"https:\/\/www.eurogate-international.com\/de\/","logo":{"@type":"ImageObject","inLanguage":"de-DE","@id":"https:\/\/www.eurogate-international.com\/de\/#\/schema\/logo\/image\/","url":"https:\/\/www.eurogate-international.com\/wp-content\/uploads\/2020\/06\/Logo_EuroGateInternational2.png","contentUrl":"https:\/\/www.eurogate-international.com\/wp-content\/uploads\/2020\/06\/Logo_EuroGateInternational2.png","width":150,"height":148,"caption":"EuroGate International"},"image":{"@id":"https:\/\/www.eurogate-international.com\/de\/#\/schema\/logo\/image\/"},"sameAs":["https:\/\/www.facebook.com\/EuroGateInternational\/","https:\/\/nl.linkedin.com\/company\/eurogate-international"]}]}},"jetpack_sharing_enabled":true,"_links":{"self":[{"href":"https:\/\/www.eurogate-international.com\/de\/wp-json\/wp\/v2\/product\/24809","targetHints":{"allow":["GET"]}}],"collection":[{"href":"https:\/\/www.eurogate-international.com\/de\/wp-json\/wp\/v2\/product"}],"about":[{"href":"https:\/\/www.eurogate-international.com\/de\/wp-json\/wp\/v2\/types\/product"}],"replies":[{"embeddable":true,"href":"https:\/\/www.eurogate-international.com\/de\/wp-json\/wp\/v2\/comments?post=24809"}],"version-history":[{"count":0,"href":"https:\/\/www.eurogate-international.com\/de\/wp-json\/wp\/v2\/product\/24809\/revisions"}],"wp:featuredmedia":[{"embeddable":true,"href":"https:\/\/www.eurogate-international.com\/de\/wp-json\/wp\/v2\/media\/5939"}],"wp:attachment":[{"href":"https:\/\/www.eurogate-international.com\/de\/wp-json\/wp\/v2\/media?parent=24809"}],"wp:term":[{"taxonomy":"product_cat","embeddable":true,"href":"https:\/\/www.eurogate-international.com\/de\/wp-json\/wp\/v2\/product_cat?post=24809"},{"taxonomy":"product_tag","embeddable":true,"href":"https:\/\/www.eurogate-international.com\/de\/wp-json\/wp\/v2\/product_tag?post=24809"}],"curies":[{"name":"wp","href":"https:\/\/api.w.org\/{rel}","templated":true}]}}