{"id":25089,"date":"2018-10-30T09:08:19","date_gmt":"2025-10-09T11:08:30","guid":{"rendered":"https:\/\/www.eurogate-international.com\/?post_type=product&#038;p=25089"},"modified":"2025-10-09T12:10:39","modified_gmt":"2025-10-09T11:10:39","slug":"generatorpumpenoptionen-einschliesslich-3-meter-schlauch-zapfpistole","status":"publish","type":"product","link":"https:\/\/www.eurogate-international.com\/de\/product\/generatorpumpenoptionen-einschliesslich-3-meter-schlauch-zapfpistole\/","title":{"rendered":"Generatorpumpenoptionen (einschlie\u00dflich 3-Meter-Schlauch + Zapfpistole)"},"excerpt":{"rendered":"<h2>Generator-Pumpenoptionen (inklusive 3 Meter Schlauch + Zapfpistole)<\/h2>\n<p>Diese 12\/24V-Pumpe ist serienm\u00e4\u00dfig mit einem 3 Meter langen Stromkabel und Klemmen zur Befestigung an einer Batterie ausgestattet. Au\u00dferdem wird die Pumpenoption standardm\u00e4\u00dfig mit einem 3 Meter langen Schlauch und einer Zapfpistole geliefert. Optional kann ein Filter montiert werden.<\/p>\n","protected":false},"featured_media":1792,"comment_status":"closed","ping_status":"closed","template":"","meta":{"_acf_changed":false},"product_cat":[3710],"product_tag":[],"class_list":{"0":"post-25089","1":"product","2":"type-product","3":"status-publish","4":"has-post-thumbnail","6":"product_brand-fuel-proof-de","7":"product_cat-fuel-proof-zubehoer","9":"first","10":"instock","11":"taxable","12":"shipping-taxable","13":"purchasable","14":"product-type-variable"},"acf":[],"yoast_head":"<!-- This site is optimized with the Yoast SEO plugin v27.3 - https:\/\/yoast.com\/product\/yoast-seo-wordpress\/ -->\n<title>Generatorpumpenoptionen (einschlie\u00dflich 3-Meter-Schlauch + Zapfpistole) | EuroGate International<\/title>\n<meta name=\"robots\" content=\"index, follow, max-snippet:-1, max-image-preview:large, max-video-preview:-1\" \/>\n<link rel=\"canonical\" href=\"https:\/\/www.eurogate-international.com\/de\/product\/generatorpumpenoptionen-einschliesslich-3-meter-schlauch-zapfpistole\/\" \/>\n<meta property=\"og:locale\" content=\"de_DE\" \/>\n<meta property=\"og:type\" content=\"article\" \/>\n<meta property=\"og:title\" content=\"Generatorpumpenoptionen (einschlie\u00dflich 3-Meter-Schlauch + Zapfpistole) | EuroGate International\" \/>\n<meta property=\"og:description\" content=\"Generator-Pumpenoptionen (inklusive 3 Meter Schlauch + Zapfpistole) Diese 12\/24V-Pumpe ist serienm\u00e4\u00dfig mit einem 3 Meter langen Stromkabel und Klemmen zur Befestigung an einer Batterie ausgestattet. Au\u00dferdem wird die Pumpenoption standardm\u00e4\u00dfig mit einem 3 Meter langen Schlauch und einer Zapfpistole geliefert. Optional kann ein Filter montiert werden.\" \/>\n<meta property=\"og:url\" content=\"https:\/\/www.eurogate-international.com\/de\/product\/generatorpumpenoptionen-einschliesslich-3-meter-schlauch-zapfpistole\/\" \/>\n<meta property=\"og:site_name\" content=\"EuroGate International\" \/>\n<meta property=\"article:publisher\" content=\"https:\/\/www.facebook.com\/EuroGateInternational\/\" \/>\n<meta property=\"article:modified_time\" content=\"2025-10-09T11:10:39+00:00\" \/>\n<meta property=\"og:image\" content=\"https:\/\/www.eurogate-international.com\/wp-content\/uploads\/2018\/10\/12-24V-pomp.png\" \/>\n\t<meta property=\"og:image:width\" content=\"579\" \/>\n\t<meta property=\"og:image:height\" content=\"534\" \/>\n\t<meta property=\"og:image:type\" content=\"image\/png\" \/>\n<meta name=\"twitter:card\" content=\"summary_large_image\" \/>\n<meta name=\"twitter:label1\" content=\"Gesch\u00e4tzte Lesezeit\" \/>\n\t<meta name=\"twitter:data1\" content=\"1 Minute\" \/>\n<!-- \/ Yoast SEO plugin. -->","yoast_head_json":{"title":"Generatorpumpenoptionen (einschlie\u00dflich 3-Meter-Schlauch + Zapfpistole) | EuroGate International","robots":{"index":"index","follow":"follow","max-snippet":"max-snippet:-1","max-image-preview":"max-image-preview:large","max-video-preview":"max-video-preview:-1"},"canonical":"https:\/\/www.eurogate-international.com\/de\/product\/generatorpumpenoptionen-einschliesslich-3-meter-schlauch-zapfpistole\/","og_locale":"de_DE","og_type":"article","og_title":"Generatorpumpenoptionen (einschlie\u00dflich 3-Meter-Schlauch + Zapfpistole) | EuroGate International","og_description":"Generator-Pumpenoptionen (inklusive 3 Meter Schlauch + Zapfpistole) Diese 12\/24V-Pumpe ist serienm\u00e4\u00dfig mit einem 3 Meter langen Stromkabel und Klemmen zur Befestigung an einer Batterie ausgestattet. Au\u00dferdem wird die Pumpenoption standardm\u00e4\u00dfig mit einem 3 Meter langen Schlauch und einer Zapfpistole geliefert. Optional kann ein Filter montiert werden.","og_url":"https:\/\/www.eurogate-international.com\/de\/product\/generatorpumpenoptionen-einschliesslich-3-meter-schlauch-zapfpistole\/","og_site_name":"EuroGate International","article_publisher":"https:\/\/www.facebook.com\/EuroGateInternational\/","article_modified_time":"2025-10-09T11:10:39+00:00","og_image":[{"width":579,"height":534,"url":"https:\/\/www.eurogate-international.com\/wp-content\/uploads\/2018\/10\/12-24V-pomp.png","type":"image\/png"}],"twitter_card":"summary_large_image","twitter_misc":{"Gesch\u00e4tzte Lesezeit":"1 Minute"},"schema":{"@context":"https:\/\/schema.org","@graph":[{"@type":"WebPage","@id":"https:\/\/www.eurogate-international.com\/de\/product\/generatorpumpenoptionen-einschliesslich-3-meter-schlauch-zapfpistole\/","url":"https:\/\/www.eurogate-international.com\/de\/product\/generatorpumpenoptionen-einschliesslich-3-meter-schlauch-zapfpistole\/","name":"Generatorpumpenoptionen (einschlie\u00dflich 3-Meter-Schlauch + Zapfpistole) | EuroGate International","isPartOf":{"@id":"https:\/\/www.eurogate-international.com\/de\/#website"},"primaryImageOfPage":{"@id":"https:\/\/www.eurogate-international.com\/de\/product\/generatorpumpenoptionen-einschliesslich-3-meter-schlauch-zapfpistole\/#primaryimage"},"image":{"@id":"https:\/\/www.eurogate-international.com\/de\/product\/generatorpumpenoptionen-einschliesslich-3-meter-schlauch-zapfpistole\/#primaryimage"},"thumbnailUrl":"https:\/\/www.eurogate-international.com\/wp-content\/uploads\/2018\/10\/12-24V-pomp.png","datePublished":"2025-10-09T11:08:30+00:00","dateModified":"2025-10-09T11:10:39+00:00","breadcrumb":{"@id":"https:\/\/www.eurogate-international.com\/de\/product\/generatorpumpenoptionen-einschliesslich-3-meter-schlauch-zapfpistole\/#breadcrumb"},"inLanguage":"de-DE","potentialAction":[{"@type":"ReadAction","target":["https:\/\/www.eurogate-international.com\/de\/product\/generatorpumpenoptionen-einschliesslich-3-meter-schlauch-zapfpistole\/"]}]},{"@type":"ImageObject","inLanguage":"de-DE","@id":"https:\/\/www.eurogate-international.com\/de\/product\/generatorpumpenoptionen-einschliesslich-3-meter-schlauch-zapfpistole\/#primaryimage","url":"https:\/\/www.eurogate-international.com\/wp-content\/uploads\/2018\/10\/12-24V-pomp.png","contentUrl":"https:\/\/www.eurogate-international.com\/wp-content\/uploads\/2018\/10\/12-24V-pomp.png","width":579,"height":534},{"@type":"BreadcrumbList","@id":"https:\/\/www.eurogate-international.com\/de\/product\/generatorpumpenoptionen-einschliesslich-3-meter-schlauch-zapfpistole\/#breadcrumb","itemListElement":[{"@type":"ListItem","position":1,"name":"Home","item":"https:\/\/www.eurogate-international.com\/de\/"},{"@type":"ListItem","position":2,"name":"Shop","item":"https:\/\/www.eurogate-international.com\/de\/shop-2\/"},{"@type":"ListItem","position":3,"name":"Generatorpumpenoptionen (einschlie\u00dflich 3-Meter-Schlauch + Zapfpistole)"}]},{"@type":"WebSite","@id":"https:\/\/www.eurogate-international.com\/de\/#website","url":"https:\/\/www.eurogate-international.com\/de\/","name":"EuroGate International","description":"D\u00e9 onafhankelijke Europese verkooporganisatie van machines","publisher":{"@id":"https:\/\/www.eurogate-international.com\/de\/#organization"},"potentialAction":[{"@type":"SearchAction","target":{"@type":"EntryPoint","urlTemplate":"https:\/\/www.eurogate-international.com\/de\/?s={search_term_string}"},"query-input":{"@type":"PropertyValueSpecification","valueRequired":true,"valueName":"search_term_string"}}],"inLanguage":"de-DE"},{"@type":"Organization","@id":"https:\/\/www.eurogate-international.com\/de\/#organization","name":"EuroGate International","url":"https:\/\/www.eurogate-international.com\/de\/","logo":{"@type":"ImageObject","inLanguage":"de-DE","@id":"https:\/\/www.eurogate-international.com\/de\/#\/schema\/logo\/image\/","url":"https:\/\/www.eurogate-international.com\/wp-content\/uploads\/2020\/06\/Logo_EuroGateInternational2.png","contentUrl":"https:\/\/www.eurogate-international.com\/wp-content\/uploads\/2020\/06\/Logo_EuroGateInternational2.png","width":150,"height":148,"caption":"EuroGate International"},"image":{"@id":"https:\/\/www.eurogate-international.com\/de\/#\/schema\/logo\/image\/"},"sameAs":["https:\/\/www.facebook.com\/EuroGateInternational\/","https:\/\/nl.linkedin.com\/company\/eurogate-international"]}]}},"jetpack_sharing_enabled":true,"_links":{"self":[{"href":"https:\/\/www.eurogate-international.com\/de\/wp-json\/wp\/v2\/product\/25089","targetHints":{"allow":["GET"]}}],"collection":[{"href":"https:\/\/www.eurogate-international.com\/de\/wp-json\/wp\/v2\/product"}],"about":[{"href":"https:\/\/www.eurogate-international.com\/de\/wp-json\/wp\/v2\/types\/product"}],"replies":[{"embeddable":true,"href":"https:\/\/www.eurogate-international.com\/de\/wp-json\/wp\/v2\/comments?post=25089"}],"version-history":[{"count":0,"href":"https:\/\/www.eurogate-international.com\/de\/wp-json\/wp\/v2\/product\/25089\/revisions"}],"wp:featuredmedia":[{"embeddable":true,"href":"https:\/\/www.eurogate-international.com\/de\/wp-json\/wp\/v2\/media\/1792"}],"wp:attachment":[{"href":"https:\/\/www.eurogate-international.com\/de\/wp-json\/wp\/v2\/media?parent=25089"}],"wp:term":[{"taxonomy":"product_cat","embeddable":true,"href":"https:\/\/www.eurogate-international.com\/de\/wp-json\/wp\/v2\/product_cat?post=25089"},{"taxonomy":"product_tag","embeddable":true,"href":"https:\/\/www.eurogate-international.com\/de\/wp-json\/wp\/v2\/product_tag?post=25089"}],"curies":[{"name":"wp","href":"https:\/\/api.w.org\/{rel}","templated":true}]}}