{"id":14764,"date":"2020-09-17T06:32:26","date_gmt":"2020-09-17T05:32:26","guid":{"rendered":"https:\/\/www.eurogate-international.com\/product\/plant-bulb-auger\/"},"modified":"2025-01-08T15:29:20","modified_gmt":"2025-01-08T14:29:20","slug":"plant-bulb-auger","status":"publish","type":"product","link":"https:\/\/www.eurogate-international.com\/en\/product\/plant-bulb-auger\/","title":{"rendered":"Plant bulb auger"},"excerpt":{"rendered":"<h2>Plant flower bulbs quickly and successfully<\/h2>\n<p>Planting bulbs and seedlings successfully always starts with preparing the soil for the new planting, in terms of soil composition and structure. Well-known tools are the handy small planter or the larger bulb planter.<br \/>\nWho&#8217;s not familiar with it, planting a few bulbs by hand is fine. But what if more meters have to be made? All in all, quite a job that involves a lot of physical effort.<\/p>\n<p>Plant bulb augers, from the mini series of augers from EuroGate International, does the heavier work for you and digs perfect holes without hassle. It makes planting a quick and easy job. Attach the handy bulb auger to your electric or cordless drill, after which you are immediately ready to get started.<\/p>\n<p>Designed to make your planting work in the garden go much faster than if you were using a bulb planter. No more back pain due to the optimal auger tube length. The auger pulverizes the soil at the bottom of the planting hole, so that your bulbs make better contact with the soil and achieve better root growth. With the choice of 3 different diameters, there is always a drill that suits your needs. The auger has a non-slip grip.<\/p>\n<p><iframe data-src=\"https:\/\/www.youtube.com\/embed\/DsfI9_g73lc\" width=\"560\" height=\"315\" frameborder=\"0\" allowfullscreen=\"allowfullscreen\" src=\"data:image\/gif;base64,R0lGODlhAQABAAAAACH5BAEKAAEALAAAAAABAAEAAAICTAEAOw==\" class=\"lazyload\" data-load-mode=\"1\"><\/iframe><\/p>\n<p><strong>Highlighted features:<\/strong><br \/>\n\u2022 \u00a0 Perfect bulb auger for tulips, daffodils, iris, but also bedding plants and seedlings.<br \/>\n\u2022 \u00a0 Exceptional quality, the bulb auger is handy and durable.<br \/>\n\u2022 \u00a0 Save time and energy. Use in any electric or cordless drill that has a<br \/>\nHolds 3\/8&#8243; bit. No better tool for digging holes in the garden.<br \/>\n\u2022 \u00a0 Available in 3 sizes: \u00f8 70 mm, \u00f845 mm, \u00f830 mm<br \/>\n\u2022 \u00a0 Now also available: <a href=\"https:\/\/www.eurogate-international.com\/nl\/product\/plantenboor-p7-p9\/\">P7 and P9 pot size<\/a><\/p>\n","protected":false},"featured_media":10869,"comment_status":"closed","ping_status":"closed","template":"","meta":{"_acf_changed":false},"product_cat":[1250,2287],"product_tag":[],"class_list":{"0":"post-14764","1":"product","2":"type-product","3":"status-publish","4":"has-post-thumbnail","6":"product_brand-egi-en","7":"product_cat-augers","8":"product_cat-hole-diggers-en","10":"first","11":"instock","12":"taxable","13":"shipping-taxable","14":"purchasable","15":"product-type-variable"},"acf":[],"yoast_head":"<!-- This site is optimized with the Yoast SEO plugin v27.2 - https:\/\/yoast.com\/product\/yoast-seo-wordpress\/ -->\n<title>Plant bulb auger | EuroGate International<\/title>\n<meta name=\"description\" content=\"Plant bulb auger, with the choice of 3 diameters, you always have a drill that suits your needs.\" \/>\n<meta name=\"robots\" content=\"index, follow, max-snippet:-1, max-image-preview:large, max-video-preview:-1\" \/>\n<link rel=\"canonical\" href=\"https:\/\/www.eurogate-international.com\/en\/product\/plant-bulb-auger\/\" \/>\n<meta property=\"og:locale\" content=\"en_GB\" \/>\n<meta property=\"og:type\" content=\"article\" \/>\n<meta property=\"og:title\" content=\"Plant bulb auger | EuroGate International\" \/>\n<meta property=\"og:description\" content=\"Plant bulb auger, with the choice of 3 diameters, you always have a drill that suits your needs.\" \/>\n<meta property=\"og:url\" content=\"https:\/\/www.eurogate-international.com\/en\/product\/plant-bulb-auger\/\" \/>\n<meta property=\"og:site_name\" content=\"EuroGate International\" \/>\n<meta property=\"article:publisher\" content=\"https:\/\/www.facebook.com\/EuroGateInternational\/\" \/>\n<meta property=\"article:modified_time\" content=\"2025-01-08T14:29:20+00:00\" \/>\n<meta property=\"og:image\" content=\"https:\/\/www.eurogate-international.com\/wp-content\/uploads\/2020\/09\/bollenboor_set.png\" \/>\n\t<meta property=\"og:image:width\" content=\"1500\" \/>\n\t<meta property=\"og:image:height\" content=\"1745\" \/>\n\t<meta property=\"og:image:type\" content=\"image\/png\" \/>\n<meta name=\"twitter:card\" content=\"summary_large_image\" \/>\n<meta name=\"twitter:label1\" content=\"Estimated reading time\" \/>\n\t<meta name=\"twitter:data1\" content=\"2 minutes\" \/>\n<!-- \/ Yoast SEO plugin. -->","yoast_head_json":{"title":"Plant bulb auger | EuroGate International","description":"Plant bulb auger, with the choice of 3 diameters, you always have a drill that suits your needs.","robots":{"index":"index","follow":"follow","max-snippet":"max-snippet:-1","max-image-preview":"max-image-preview:large","max-video-preview":"max-video-preview:-1"},"canonical":"https:\/\/www.eurogate-international.com\/en\/product\/plant-bulb-auger\/","og_locale":"en_GB","og_type":"article","og_title":"Plant bulb auger | EuroGate International","og_description":"Plant bulb auger, with the choice of 3 diameters, you always have a drill that suits your needs.","og_url":"https:\/\/www.eurogate-international.com\/en\/product\/plant-bulb-auger\/","og_site_name":"EuroGate International","article_publisher":"https:\/\/www.facebook.com\/EuroGateInternational\/","article_modified_time":"2025-01-08T14:29:20+00:00","og_image":[{"width":1500,"height":1745,"url":"https:\/\/www.eurogate-international.com\/wp-content\/uploads\/2020\/09\/bollenboor_set.png","type":"image\/png"}],"twitter_card":"summary_large_image","twitter_misc":{"Estimated reading time":"2 minutes"},"schema":{"@context":"https:\/\/schema.org","@graph":[{"@type":"WebPage","@id":"https:\/\/www.eurogate-international.com\/en\/product\/plant-bulb-auger\/","url":"https:\/\/www.eurogate-international.com\/en\/product\/plant-bulb-auger\/","name":"Plant bulb auger | EuroGate International","isPartOf":{"@id":"https:\/\/www.eurogate-international.com\/en\/#website"},"primaryImageOfPage":{"@id":"https:\/\/www.eurogate-international.com\/en\/product\/plant-bulb-auger\/#primaryimage"},"image":{"@id":"https:\/\/www.eurogate-international.com\/en\/product\/plant-bulb-auger\/#primaryimage"},"thumbnailUrl":"https:\/\/www.eurogate-international.com\/wp-content\/uploads\/2020\/09\/bollenboor_set.png","datePublished":"2020-09-17T05:32:26+00:00","dateModified":"2025-01-08T14:29:20+00:00","description":"Plant bulb auger, with the choice of 3 diameters, you always have a drill that suits your needs.","breadcrumb":{"@id":"https:\/\/www.eurogate-international.com\/en\/product\/plant-bulb-auger\/#breadcrumb"},"inLanguage":"en-GB","potentialAction":[{"@type":"ReadAction","target":["https:\/\/www.eurogate-international.com\/en\/product\/plant-bulb-auger\/"]}]},{"@type":"ImageObject","inLanguage":"en-GB","@id":"https:\/\/www.eurogate-international.com\/en\/product\/plant-bulb-auger\/#primaryimage","url":"https:\/\/www.eurogate-international.com\/wp-content\/uploads\/2020\/09\/bollenboor_set.png","contentUrl":"https:\/\/www.eurogate-international.com\/wp-content\/uploads\/2020\/09\/bollenboor_set.png","width":1500,"height":1745,"caption":"Bollenboor"},{"@type":"BreadcrumbList","@id":"https:\/\/www.eurogate-international.com\/en\/product\/plant-bulb-auger\/#breadcrumb","itemListElement":[{"@type":"ListItem","position":1,"name":"Home","item":"https:\/\/www.eurogate-international.com\/en\/"},{"@type":"ListItem","position":2,"name":"Shop","item":"https:\/\/www.eurogate-international.com\/en\/shop-2\/"},{"@type":"ListItem","position":3,"name":"Plant bulb auger"}]},{"@type":"WebSite","@id":"https:\/\/www.eurogate-international.com\/en\/#website","url":"https:\/\/www.eurogate-international.com\/en\/","name":"EuroGate International","description":"D\u00e9 onafhankelijke Europese verkooporganisatie van machines","publisher":{"@id":"https:\/\/www.eurogate-international.com\/en\/#organization"},"potentialAction":[{"@type":"SearchAction","target":{"@type":"EntryPoint","urlTemplate":"https:\/\/www.eurogate-international.com\/en\/?s={search_term_string}"},"query-input":{"@type":"PropertyValueSpecification","valueRequired":true,"valueName":"search_term_string"}}],"inLanguage":"en-GB"},{"@type":"Organization","@id":"https:\/\/www.eurogate-international.com\/en\/#organization","name":"EuroGate International","url":"https:\/\/www.eurogate-international.com\/en\/","logo":{"@type":"ImageObject","inLanguage":"en-GB","@id":"https:\/\/www.eurogate-international.com\/en\/#\/schema\/logo\/image\/","url":"https:\/\/www.eurogate-international.com\/wp-content\/uploads\/2020\/06\/Logo_EuroGateInternational2.png","contentUrl":"https:\/\/www.eurogate-international.com\/wp-content\/uploads\/2020\/06\/Logo_EuroGateInternational2.png","width":150,"height":148,"caption":"EuroGate International"},"image":{"@id":"https:\/\/www.eurogate-international.com\/en\/#\/schema\/logo\/image\/"},"sameAs":["https:\/\/www.facebook.com\/EuroGateInternational\/","https:\/\/nl.linkedin.com\/company\/eurogate-international"]}]}},"jetpack_sharing_enabled":true,"_links":{"self":[{"href":"https:\/\/www.eurogate-international.com\/en\/wp-json\/wp\/v2\/product\/14764","targetHints":{"allow":["GET"]}}],"collection":[{"href":"https:\/\/www.eurogate-international.com\/en\/wp-json\/wp\/v2\/product"}],"about":[{"href":"https:\/\/www.eurogate-international.com\/en\/wp-json\/wp\/v2\/types\/product"}],"replies":[{"embeddable":true,"href":"https:\/\/www.eurogate-international.com\/en\/wp-json\/wp\/v2\/comments?post=14764"}],"version-history":[{"count":0,"href":"https:\/\/www.eurogate-international.com\/en\/wp-json\/wp\/v2\/product\/14764\/revisions"}],"wp:featuredmedia":[{"embeddable":true,"href":"https:\/\/www.eurogate-international.com\/en\/wp-json\/wp\/v2\/media\/10869"}],"wp:attachment":[{"href":"https:\/\/www.eurogate-international.com\/en\/wp-json\/wp\/v2\/media?parent=14764"}],"wp:term":[{"taxonomy":"product_cat","embeddable":true,"href":"https:\/\/www.eurogate-international.com\/en\/wp-json\/wp\/v2\/product_cat?post=14764"},{"taxonomy":"product_tag","embeddable":true,"href":"https:\/\/www.eurogate-international.com\/en\/wp-json\/wp\/v2\/product_tag?post=14764"}],"curies":[{"name":"wp","href":"https:\/\/api.w.org\/{rel}","templated":true}]}}