{"id":23674,"date":"2024-11-08T13:35:31","date_gmt":"2024-11-08T12:35:31","guid":{"rendered":"https:\/\/www.eurogate-international.com\/product\/post-lifter\/"},"modified":"2024-11-08T14:17:57","modified_gmt":"2024-11-08T13:17:57","slug":"post-lifter","status":"publish","type":"product","link":"https:\/\/www.eurogate-international.com\/en\/product\/post-lifter\/","title":{"rendered":"Post Lifter"},"excerpt":{"rendered":"<h2>The Strong Pole Lifter<\/h2>\n<p>This versatile pole lifter is an essential tool for both agricultural and infrastructure professionals. Whether you want to install fence posts or move traffic signs, this post lifter facilitates the process. Because its ergonomic design ensures that you can remove posts from the ground always correctly and without back pain. Whether it&#8217;s wooden garden posts, square concrete fence posts or round metal road marker posts, this lifter makes it all effortless. This unique design from EuroGate guarantees quality.<\/p>\n<h3>Adjustable to 3 sizes:<\/h3>\n<ul>\n<li>12\u00d710 cm<\/li>\n<li>12\u00d79 cm<\/li>\n<li>12\u00d77.5 cm<\/li>\n<\/ul>\n<h3>Performance features:<\/h3>\n<ul>\n<li>Material: High-grade steel<\/li>\n<li>Colour: Black with a powder-coated finish.<\/li>\n<li>Weight: 1.34 kg.<\/li>\n<\/ul>\n","protected":false},"featured_media":23633,"comment_status":"closed","ping_status":"closed","template":"","meta":{"_acf_changed":false},"product_cat":[2302],"product_tag":[],"class_list":{"0":"post-23674","1":"product","2":"type-product","3":"status-publish","4":"has-post-thumbnail","6":"product_brand-egi-en","7":"product_cat-post-pullers","9":"first","10":"instock","11":"taxable","12":"shipping-taxable","13":"purchasable","14":"product-type-simple"},"acf":[],"yoast_head":"<!-- This site is optimized with the Yoast SEO plugin v27.5 - https:\/\/yoast.com\/product\/yoast-seo-wordpress\/ -->\n<title>Post Lifter | EuroGate International<\/title>\n<meta name=\"robots\" content=\"index, follow, max-snippet:-1, max-image-preview:large, max-video-preview:-1\" \/>\n<link rel=\"canonical\" href=\"https:\/\/www.eurogate-international.com\/en\/product\/post-lifter\/\" \/>\n<meta property=\"og:locale\" content=\"en_GB\" \/>\n<meta property=\"og:type\" content=\"article\" \/>\n<meta property=\"og:title\" content=\"Post Lifter | EuroGate International\" \/>\n<meta property=\"og:description\" content=\"The Strong Pole Lifter This versatile pole lifter is an essential tool for both agricultural and infrastructure professionals. Whether you want to install fence posts or move traffic signs, this post lifter facilitates the process. Because its ergonomic design ensures that you can remove posts from the ground always correctly and without back pain. Whether it&#039;s wooden garden posts, square concrete fence posts or round metal road marker posts, this lifter makes it all effortless. This unique design from EuroGate guarantees quality. Adjustable to 3 sizes:   12\u00d710 cm  12\u00d79 cm  12\u00d77.5 cm  Performance features:   Material: High-grade steel  Colour: Black with a powder-coated finish.  Weight: 1.34 kg.\" \/>\n<meta property=\"og:url\" content=\"https:\/\/www.eurogate-international.com\/en\/product\/post-lifter\/\" \/>\n<meta property=\"og:site_name\" content=\"EuroGate International\" \/>\n<meta property=\"article:publisher\" content=\"https:\/\/www.facebook.com\/EuroGateInternational\/\" \/>\n<meta property=\"article:modified_time\" content=\"2024-11-08T13:17:57+00:00\" \/>\n<meta property=\"og:image\" content=\"https:\/\/www.eurogate-international.com\/wp-content\/uploads\/2024\/11\/file-24-e1731070589415.png\" \/>\n\t<meta property=\"og:image:width\" content=\"1600\" \/>\n\t<meta property=\"og:image:height\" content=\"1200\" \/>\n\t<meta property=\"og:image:type\" content=\"image\/png\" \/>\n<meta name=\"twitter:card\" content=\"summary_large_image\" \/>\n<meta name=\"twitter:label1\" content=\"Estimated reading time\" \/>\n\t<meta name=\"twitter:data1\" content=\"2 minutes\" \/>\n<!-- \/ Yoast SEO plugin. -->","yoast_head_json":{"title":"Post Lifter | EuroGate International","robots":{"index":"index","follow":"follow","max-snippet":"max-snippet:-1","max-image-preview":"max-image-preview:large","max-video-preview":"max-video-preview:-1"},"canonical":"https:\/\/www.eurogate-international.com\/en\/product\/post-lifter\/","og_locale":"en_GB","og_type":"article","og_title":"Post Lifter | EuroGate International","og_description":"The Strong Pole Lifter This versatile pole lifter is an essential tool for both agricultural and infrastructure professionals. Whether you want to install fence posts or move traffic signs, this post lifter facilitates the process. Because its ergonomic design ensures that you can remove posts from the ground always correctly and without back pain. Whether it's wooden garden posts, square concrete fence posts or round metal road marker posts, this lifter makes it all effortless. This unique design from EuroGate guarantees quality. Adjustable to 3 sizes:   12\u00d710 cm  12\u00d79 cm  12\u00d77.5 cm  Performance features:   Material: High-grade steel  Colour: Black with a powder-coated finish.  Weight: 1.34 kg.","og_url":"https:\/\/www.eurogate-international.com\/en\/product\/post-lifter\/","og_site_name":"EuroGate International","article_publisher":"https:\/\/www.facebook.com\/EuroGateInternational\/","article_modified_time":"2024-11-08T13:17:57+00:00","og_image":[{"width":1600,"height":1200,"url":"https:\/\/www.eurogate-international.com\/wp-content\/uploads\/2024\/11\/file-24-e1731070589415.png","type":"image\/png"}],"twitter_card":"summary_large_image","twitter_misc":{"Estimated reading time":"2 minutes"},"schema":{"@context":"https:\/\/schema.org","@graph":[{"@type":"WebPage","@id":"https:\/\/www.eurogate-international.com\/en\/product\/post-lifter\/","url":"https:\/\/www.eurogate-international.com\/en\/product\/post-lifter\/","name":"Post Lifter | EuroGate International","isPartOf":{"@id":"https:\/\/www.eurogate-international.com\/en\/#website"},"primaryImageOfPage":{"@id":"https:\/\/www.eurogate-international.com\/en\/product\/post-lifter\/#primaryimage"},"image":{"@id":"https:\/\/www.eurogate-international.com\/en\/product\/post-lifter\/#primaryimage"},"thumbnailUrl":"https:\/\/www.eurogate-international.com\/wp-content\/uploads\/2024\/11\/file-24-e1731070589415.png","datePublished":"2024-11-08T12:35:31+00:00","dateModified":"2024-11-08T13:17:57+00:00","breadcrumb":{"@id":"https:\/\/www.eurogate-international.com\/en\/product\/post-lifter\/#breadcrumb"},"inLanguage":"en-GB","potentialAction":[{"@type":"ReadAction","target":["https:\/\/www.eurogate-international.com\/en\/product\/post-lifter\/"]}]},{"@type":"ImageObject","inLanguage":"en-GB","@id":"https:\/\/www.eurogate-international.com\/en\/product\/post-lifter\/#primaryimage","url":"https:\/\/www.eurogate-international.com\/wp-content\/uploads\/2024\/11\/file-24-e1731070589415.png","contentUrl":"https:\/\/www.eurogate-international.com\/wp-content\/uploads\/2024\/11\/file-24-e1731070589415.png","width":1600,"height":1200,"caption":"Paallifter"},{"@type":"BreadcrumbList","@id":"https:\/\/www.eurogate-international.com\/en\/product\/post-lifter\/#breadcrumb","itemListElement":[{"@type":"ListItem","position":1,"name":"Home","item":"https:\/\/www.eurogate-international.com\/en\/"},{"@type":"ListItem","position":2,"name":"Shop","item":"https:\/\/www.eurogate-international.com\/en\/shop-2\/"},{"@type":"ListItem","position":3,"name":"Post Lifter"}]},{"@type":"WebSite","@id":"https:\/\/www.eurogate-international.com\/en\/#website","url":"https:\/\/www.eurogate-international.com\/en\/","name":"EuroGate International","description":"D\u00e9 onafhankelijke Europese verkooporganisatie van machines","publisher":{"@id":"https:\/\/www.eurogate-international.com\/en\/#organization"},"potentialAction":[{"@type":"SearchAction","target":{"@type":"EntryPoint","urlTemplate":"https:\/\/www.eurogate-international.com\/en\/?s={search_term_string}"},"query-input":{"@type":"PropertyValueSpecification","valueRequired":true,"valueName":"search_term_string"}}],"inLanguage":"en-GB"},{"@type":"Organization","@id":"https:\/\/www.eurogate-international.com\/en\/#organization","name":"EuroGate International","url":"https:\/\/www.eurogate-international.com\/en\/","logo":{"@type":"ImageObject","inLanguage":"en-GB","@id":"https:\/\/www.eurogate-international.com\/en\/#\/schema\/logo\/image\/","url":"https:\/\/www.eurogate-international.com\/wp-content\/uploads\/2020\/06\/Logo_EuroGateInternational2.png","contentUrl":"https:\/\/www.eurogate-international.com\/wp-content\/uploads\/2020\/06\/Logo_EuroGateInternational2.png","width":150,"height":148,"caption":"EuroGate International"},"image":{"@id":"https:\/\/www.eurogate-international.com\/en\/#\/schema\/logo\/image\/"},"sameAs":["https:\/\/www.facebook.com\/EuroGateInternational\/","https:\/\/nl.linkedin.com\/company\/eurogate-international"]}]}},"jetpack_sharing_enabled":true,"_links":{"self":[{"href":"https:\/\/www.eurogate-international.com\/en\/wp-json\/wp\/v2\/product\/23674","targetHints":{"allow":["GET"]}}],"collection":[{"href":"https:\/\/www.eurogate-international.com\/en\/wp-json\/wp\/v2\/product"}],"about":[{"href":"https:\/\/www.eurogate-international.com\/en\/wp-json\/wp\/v2\/types\/product"}],"replies":[{"embeddable":true,"href":"https:\/\/www.eurogate-international.com\/en\/wp-json\/wp\/v2\/comments?post=23674"}],"version-history":[{"count":0,"href":"https:\/\/www.eurogate-international.com\/en\/wp-json\/wp\/v2\/product\/23674\/revisions"}],"wp:featuredmedia":[{"embeddable":true,"href":"https:\/\/www.eurogate-international.com\/en\/wp-json\/wp\/v2\/media\/23633"}],"wp:attachment":[{"href":"https:\/\/www.eurogate-international.com\/en\/wp-json\/wp\/v2\/media?parent=23674"}],"wp:term":[{"taxonomy":"product_cat","embeddable":true,"href":"https:\/\/www.eurogate-international.com\/en\/wp-json\/wp\/v2\/product_cat?post=23674"},{"taxonomy":"product_tag","embeddable":true,"href":"https:\/\/www.eurogate-international.com\/en\/wp-json\/wp\/v2\/product_tag?post=23674"}],"curies":[{"name":"wp","href":"https:\/\/api.w.org\/{rel}","templated":true}]}}