{"id":18459,"date":"2023-06-02T14:23:10","date_gmt":"2023-06-02T13:23:10","guid":{"rendered":"https:\/\/www.eurogate-international.com\/?post_type=product&#038;p=18459"},"modified":"2023-06-02T14:29:48","modified_gmt":"2023-06-02T13:29:48","slug":"12-volt-high-flow-pomp-set-fs130","status":"publish","type":"product","link":"https:\/\/www.eurogate-international.com\/nl\/product\/12-volt-high-flow-pomp-set-fs130\/","title":{"rendered":"12 volt high flow pomp set | FS130"},"excerpt":{"rendered":"<h2 style=\"text-align: left;\">Fuel Proof pomp optie FS130<\/h2>\n<p style=\"text-align: left;\">Deze pompoptie is standaard uitgevoerd met 4 meter slang, filter en vulpistool met automatische afslag.<\/p>\n<p style=\"text-align: left;\">De Piusi Bipump bestaat uit twee gietijzeren, zelfaanzuigende schottenpompen ge\u00efntegreerd in \u00e9\u00e9n unit. Deze pompen zijn robuust, betrouwbaar, onderhoudsvriendelijk en leveren een hoge doorstroom. Ideaal voor het tanken van fabrieksapparatuur en grote landbouwvoertuigen, functies omvatten een bypassklep, IP55-bescherming en aan\/uit-schakelaar.<\/p>\n<p>Max aantal liters per minuut: 85 L\/min<\/p>\n<p><strong>Omvat: 12 volt high flow pomp, 4 meter slang, automatisch vulpistool en filter.<\/strong><\/p>\n<p style=\"text-align: left;\"><img decoding=\"async\" class=\"alignnone wp-image-18420\" src=\"https:\/\/www.eurogate-international.com\/wp-content\/uploads\/2023\/06\/FS130-1-800x216.png\" alt=\"\" width=\"619\" height=\"167\" srcset=\"https:\/\/www.eurogate-international.com\/wp-content\/uploads\/2023\/06\/FS130-1-800x216.png 800w, https:\/\/www.eurogate-international.com\/wp-content\/uploads\/2023\/06\/FS130-1-1280x345.png 1280w, https:\/\/www.eurogate-international.com\/wp-content\/uploads\/2023\/06\/FS130-1-768x207.png 768w, https:\/\/www.eurogate-international.com\/wp-content\/uploads\/2023\/06\/FS130-1-1536x414.png 1536w, https:\/\/www.eurogate-international.com\/wp-content\/uploads\/2023\/06\/FS130-1-2048x552.png 2048w, https:\/\/www.eurogate-international.com\/wp-content\/uploads\/2023\/06\/FS130-1-2000x539.png 2000w, https:\/\/www.eurogate-international.com\/wp-content\/uploads\/2023\/06\/FS130-1-640x173.png 640w, https:\/\/www.eurogate-international.com\/wp-content\/uploads\/2023\/06\/FS130-1-80x22.png 80w, https:\/\/www.eurogate-international.com\/wp-content\/uploads\/2023\/06\/FS130-1-160x43.png 160w, https:\/\/www.eurogate-international.com\/wp-content\/uploads\/2023\/06\/FS130-1-400x108.png 400w, https:\/\/www.eurogate-international.com\/wp-content\/uploads\/2023\/06\/FS130-1-600x162.png 600w\" sizes=\"(max-width: 619px) 100vw, 619px\" \/><\/p>\n<p style=\"text-align: left;\">\n","protected":false},"featured_media":18353,"comment_status":"closed","ping_status":"closed","template":"","meta":{"_acf_changed":false},"product_cat":[3188,3190],"product_tag":[],"class_list":{"0":"post-18459","1":"product","2":"type-product","3":"status-publish","4":"has-post-thumbnail","6":"product_brand-fuel-proof","7":"product_cat-pompsets-fuel-proof","8":"product_cat-pompsets-fuelstore-dieselbowser","10":"first","11":"instock","12":"taxable","13":"shipping-taxable","14":"purchasable","15":"product-type-simple"},"acf":[],"yoast_head":"<!-- This site is optimized with the Yoast SEO plugin v27.3 - https:\/\/yoast.com\/product\/yoast-seo-wordpress\/ -->\n<title>12 volt high flow pomp set | FS130 | EuroGate International<\/title>\n<meta name=\"description\" content=\"Deze pompoptie is standaard uitgevoerd met 4 meter slang, filter, literteler en vulpistool. Dubbelwerkende handpomp met hoge doorstroom.\" \/>\n<meta name=\"robots\" content=\"index, follow, max-snippet:-1, max-image-preview:large, max-video-preview:-1\" \/>\n<link rel=\"canonical\" href=\"https:\/\/www.eurogate-international.com\/nl\/product\/12-volt-high-flow-pomp-set-fs130\/\" \/>\n<meta property=\"og:locale\" content=\"nl_NL\" \/>\n<meta property=\"og:type\" content=\"article\" \/>\n<meta property=\"og:title\" content=\"12 volt high flow pomp set | FS130 | EuroGate International\" \/>\n<meta property=\"og:description\" content=\"Deze pompoptie is standaard uitgevoerd met 4 meter slang, filter, literteler en vulpistool. Dubbelwerkende handpomp met hoge doorstroom.\" \/>\n<meta property=\"og:url\" content=\"https:\/\/www.eurogate-international.com\/nl\/product\/12-volt-high-flow-pomp-set-fs130\/\" \/>\n<meta property=\"og:site_name\" content=\"EuroGate International\" \/>\n<meta property=\"article:publisher\" content=\"https:\/\/www.facebook.com\/EuroGateInternational\/\" \/>\n<meta property=\"article:modified_time\" content=\"2023-06-02T13:29:48+00:00\" \/>\n<meta property=\"og:image\" content=\"https:\/\/www.eurogate-international.com\/wp-content\/uploads\/2023\/06\/FS130.png\" \/>\n\t<meta property=\"og:image:width\" content=\"1500\" \/>\n\t<meta property=\"og:image:height\" content=\"1500\" \/>\n\t<meta property=\"og:image:type\" content=\"image\/png\" \/>\n<meta name=\"twitter:card\" content=\"summary_large_image\" \/>\n<!-- \/ Yoast SEO plugin. -->","yoast_head_json":{"title":"12 volt high flow pomp set | FS130 | EuroGate International","description":"Deze pompoptie is standaard uitgevoerd met 4 meter slang, filter, literteler en vulpistool. Dubbelwerkende handpomp met hoge doorstroom.","robots":{"index":"index","follow":"follow","max-snippet":"max-snippet:-1","max-image-preview":"max-image-preview:large","max-video-preview":"max-video-preview:-1"},"canonical":"https:\/\/www.eurogate-international.com\/nl\/product\/12-volt-high-flow-pomp-set-fs130\/","og_locale":"nl_NL","og_type":"article","og_title":"12 volt high flow pomp set | FS130 | EuroGate International","og_description":"Deze pompoptie is standaard uitgevoerd met 4 meter slang, filter, literteler en vulpistool. Dubbelwerkende handpomp met hoge doorstroom.","og_url":"https:\/\/www.eurogate-international.com\/nl\/product\/12-volt-high-flow-pomp-set-fs130\/","og_site_name":"EuroGate International","article_publisher":"https:\/\/www.facebook.com\/EuroGateInternational\/","article_modified_time":"2023-06-02T13:29:48+00:00","og_image":[{"width":1500,"height":1500,"url":"https:\/\/www.eurogate-international.com\/wp-content\/uploads\/2023\/06\/FS130.png","type":"image\/png"}],"twitter_card":"summary_large_image","schema":{"@context":"https:\/\/schema.org","@graph":[{"@type":"WebPage","@id":"https:\/\/www.eurogate-international.com\/nl\/product\/12-volt-high-flow-pomp-set-fs130\/","url":"https:\/\/www.eurogate-international.com\/nl\/product\/12-volt-high-flow-pomp-set-fs130\/","name":"12 volt high flow pomp set | FS130 | EuroGate International","isPartOf":{"@id":"https:\/\/www.eurogate-international.com\/nl\/#website"},"primaryImageOfPage":{"@id":"https:\/\/www.eurogate-international.com\/nl\/product\/12-volt-high-flow-pomp-set-fs130\/#primaryimage"},"image":{"@id":"https:\/\/www.eurogate-international.com\/nl\/product\/12-volt-high-flow-pomp-set-fs130\/#primaryimage"},"thumbnailUrl":"https:\/\/www.eurogate-international.com\/wp-content\/uploads\/2023\/06\/FS130.png","datePublished":"2023-06-02T13:23:10+00:00","dateModified":"2023-06-02T13:29:48+00:00","description":"Deze pompoptie is standaard uitgevoerd met 4 meter slang, filter, literteler en vulpistool. Dubbelwerkende handpomp met hoge doorstroom.","breadcrumb":{"@id":"https:\/\/www.eurogate-international.com\/nl\/product\/12-volt-high-flow-pomp-set-fs130\/#breadcrumb"},"inLanguage":"nl-NL","potentialAction":[{"@type":"ReadAction","target":["https:\/\/www.eurogate-international.com\/nl\/product\/12-volt-high-flow-pomp-set-fs130\/"]}]},{"@type":"ImageObject","inLanguage":"nl-NL","@id":"https:\/\/www.eurogate-international.com\/nl\/product\/12-volt-high-flow-pomp-set-fs130\/#primaryimage","url":"https:\/\/www.eurogate-international.com\/wp-content\/uploads\/2023\/06\/FS130.png","contentUrl":"https:\/\/www.eurogate-international.com\/wp-content\/uploads\/2023\/06\/FS130.png","width":1500,"height":1500},{"@type":"BreadcrumbList","@id":"https:\/\/www.eurogate-international.com\/nl\/product\/12-volt-high-flow-pomp-set-fs130\/#breadcrumb","itemListElement":[{"@type":"ListItem","position":1,"name":"Home","item":"https:\/\/www.eurogate-international.com\/nl\/"},{"@type":"ListItem","position":2,"name":"Shop","item":"https:\/\/www.eurogate-international.com\/nl\/winkel\/"},{"@type":"ListItem","position":3,"name":"12 volt high flow pomp set | FS130"}]},{"@type":"WebSite","@id":"https:\/\/www.eurogate-international.com\/nl\/#website","url":"https:\/\/www.eurogate-international.com\/nl\/","name":"EuroGate International","description":"D\u00e9 onafhankelijke Europese verkooporganisatie van machines","publisher":{"@id":"https:\/\/www.eurogate-international.com\/nl\/#organization"},"potentialAction":[{"@type":"SearchAction","target":{"@type":"EntryPoint","urlTemplate":"https:\/\/www.eurogate-international.com\/nl\/?s={search_term_string}"},"query-input":{"@type":"PropertyValueSpecification","valueRequired":true,"valueName":"search_term_string"}}],"inLanguage":"nl-NL"},{"@type":"Organization","@id":"https:\/\/www.eurogate-international.com\/nl\/#organization","name":"EuroGate International","url":"https:\/\/www.eurogate-international.com\/nl\/","logo":{"@type":"ImageObject","inLanguage":"nl-NL","@id":"https:\/\/www.eurogate-international.com\/nl\/#\/schema\/logo\/image\/","url":"https:\/\/www.eurogate-international.com\/wp-content\/uploads\/2020\/06\/Logo_EuroGateInternational2.png","contentUrl":"https:\/\/www.eurogate-international.com\/wp-content\/uploads\/2020\/06\/Logo_EuroGateInternational2.png","width":150,"height":148,"caption":"EuroGate International"},"image":{"@id":"https:\/\/www.eurogate-international.com\/nl\/#\/schema\/logo\/image\/"},"sameAs":["https:\/\/www.facebook.com\/EuroGateInternational\/","https:\/\/nl.linkedin.com\/company\/eurogate-international"]}]}},"jetpack_sharing_enabled":true,"_links":{"self":[{"href":"https:\/\/www.eurogate-international.com\/nl\/wp-json\/wp\/v2\/product\/18459","targetHints":{"allow":["GET"]}}],"collection":[{"href":"https:\/\/www.eurogate-international.com\/nl\/wp-json\/wp\/v2\/product"}],"about":[{"href":"https:\/\/www.eurogate-international.com\/nl\/wp-json\/wp\/v2\/types\/product"}],"replies":[{"embeddable":true,"href":"https:\/\/www.eurogate-international.com\/nl\/wp-json\/wp\/v2\/comments?post=18459"}],"version-history":[{"count":0,"href":"https:\/\/www.eurogate-international.com\/nl\/wp-json\/wp\/v2\/product\/18459\/revisions"}],"wp:featuredmedia":[{"embeddable":true,"href":"https:\/\/www.eurogate-international.com\/nl\/wp-json\/wp\/v2\/media\/18353"}],"wp:attachment":[{"href":"https:\/\/www.eurogate-international.com\/nl\/wp-json\/wp\/v2\/media?parent=18459"}],"wp:term":[{"taxonomy":"product_cat","embeddable":true,"href":"https:\/\/www.eurogate-international.com\/nl\/wp-json\/wp\/v2\/product_cat?post=18459"},{"taxonomy":"product_tag","embeddable":true,"href":"https:\/\/www.eurogate-international.com\/nl\/wp-json\/wp\/v2\/product_tag?post=18459"}],"curies":[{"name":"wp","href":"https:\/\/api.w.org\/{rel}","templated":true}]}}