{"id":606,"date":"2018-09-24T11:31:32","date_gmt":"2018-09-24T10:31:32","guid":{"rendered":"https:\/\/www.eurogate-international.com\/?post_type=product&#038;p=606"},"modified":"2024-08-21T13:25:24","modified_gmt":"2024-08-21T12:25:24","slug":"palenrammer-pneumatisch-pd-55","status":"publish","type":"product","link":"https:\/\/www.eurogate-international.com\/nl\/product\/rhino-pd-55-pneumatic\/","title":{"rendered":"Palenrammer Pneumatisch PD-55"},"excerpt":{"rendered":"<h2>De krachtige keuze voor alle palen tot \u00f8 95mm.<\/h2>\n<p>De Rhino PD-55 pneumatische palenrammer is al meer dan 40 jaar de keuze van professionele installateurs. Dit veelzijdige apparaat, met een gewicht van 25 kg, is geschikt voor het indrijven van palen, grondankers, tentharingen, druivenstokken, omheiningspalen, aardpennen en overige hekwerkpalen tot \u00f8 95mm. Met een enorme slagkracht en slechts \u00e9\u00e9n bewegend onderdeel, is de PD-55 nagenoeg onderhoudsvrij. Voor elke paal is een passende adapter verkrijgbaar, wat zorgt voor maximale kracht en minimale schade aan de palen. Voor de hekwerkbranche, infra, bouw en verhuur is dit apparaat een topper binnen het assortiment.<\/p>\n<ul>\n<li>Geschikt voor palen van alle diameters tot \u00f8 95mm<\/li>\n<li>Voor elke diameter aparte adapter verkrijgbaar<\/li>\n<li>Oerdegelijk materiaal uit het assortiment van Rhino Tool<\/li>\n<\/ul>\n<p>Bekijk hier alle <a href=\"https:\/\/www.eurogate-international.com\/nl\/product-categorie\/palenrammers\/\">palenrammers<\/a> van EuroGate International.<br \/>\nVragen over onze producten? Bel meteen onze verkoop-afdeling voor passend advies: <a href=\"tel:+31523638286\">0523-638286<\/a>.<\/p>\n<h3>Onderhoudsvrij<\/h3>\n<p>De Rhino PD-55 heeft \u00e9\u00e9n bewegend onderdeel: de zuiger. Deze wordt door perslucht aangedreven om met kracht op de kop van de paal te slaan, waardoor de paal in de grond wordt gedreven. Dit eenvoudige ontwerp maakt de PD-55 bijna onderhoudsvrij en zeer duurzaam, met een effici\u00ebnte energieoverdracht voor het indrijven van diverse soorten palen.<\/p>\n<h3><strong>Veelzijdige palenrammer op luchtdruk<\/strong><\/h3>\n<p>Eurogate biedt een breed scala adapters, waarmee de machine geschikt is voor verschillende soorten en diameters palen. Deze adapters zorgen ervoor dat de rammer nauwkeurig aansluit op de paal, wat een effici\u00ebntere energieoverdracht mogelijk maakt en schade aan de palen minimaliseert. Er zijn adapters beschikbaar voor ronde en vierkante palen, houten palen, en metalen pijpen.<\/p>\n<h3>Rhino Tool palenrammer<\/h3>\n<p>Alle palenrammers van Rhino Tool staan bekend om hun lange levensduur en degelijkheid. Als eerste producent van de palenrammer (in 1974) is Rhino Tool een betrouwbare partner met goede service. Het <a href=\"https:\/\/www.eurogate-international.com\/nl\/product-categorie\/palenrammers\/kopen\/pneumatisch-aandrijving\/\">kopen van de pneumatische palenrammer<\/a> is een goede keus en een investering waar je jaren mee vooruit kunt.<\/p>\n","protected":false},"featured_media":10595,"comment_status":"closed","ping_status":"closed","template":"","meta":{"_acf_changed":false},"product_cat":[2411,24,2259,2435,2444],"product_tag":[],"class_list":{"0":"post-606","1":"product","2":"type-product","3":"status-publish","4":"has-post-thumbnail","6":"product_brand-rhino-tool","7":"product_cat-kopen","8":"product_cat-palenrammer-machines","9":"product_cat-palenrammers","10":"product_cat-pneumatisch-aandrijving","11":"product_cat-rhino","12":"pa_aandrijving-pneumatisch","14":"first","15":"instock","16":"taxable","17":"shipping-taxable","18":"purchasable","19":"product-type-simple"},"acf":[],"yoast_head":"<!-- This site is optimized with the Yoast SEO plugin v27.4 - https:\/\/yoast.com\/product\/yoast-seo-wordpress\/ -->\n<title>Palenrammer Pneumatisch PD-55 kopen? EuroGate International<\/title>\n<meta name=\"description\" content=\"Palenrammer Pneumatisch PD-55. Topkwaliteit, lange levensduur. Bestel nu bij EuroGate International. Snelle levering en goede service!\" \/>\n<meta name=\"robots\" content=\"index, follow, max-snippet:-1, max-image-preview:large, max-video-preview:-1\" \/>\n<link rel=\"canonical\" href=\"https:\/\/www.eurogate-international.com\/nl\/product\/rhino-pd-55-pneumatic\/\" \/>\n<meta property=\"og:locale\" content=\"nl_NL\" \/>\n<meta property=\"og:type\" content=\"article\" \/>\n<meta property=\"og:title\" content=\"Palenrammer Pneumatisch PD-55 kopen? EuroGate International\" \/>\n<meta property=\"og:description\" content=\"Palenrammer Pneumatisch PD-55. Topkwaliteit, lange levensduur. Bestel nu bij EuroGate International. Snelle levering en goede service!\" \/>\n<meta property=\"og:url\" content=\"https:\/\/www.eurogate-international.com\/nl\/product\/rhino-pd-55-pneumatic\/\" \/>\n<meta property=\"og:site_name\" content=\"EuroGate International\" \/>\n<meta property=\"article:publisher\" content=\"https:\/\/www.facebook.com\/EuroGateInternational\/\" \/>\n<meta property=\"article:modified_time\" content=\"2024-08-21T12:25:24+00:00\" \/>\n<meta property=\"og:image\" content=\"https:\/\/www.eurogate-international.com\/wp-content\/uploads\/2018\/09\/PD55_palenrammer-2.png\" \/>\n\t<meta property=\"og:image:width\" content=\"1200\" \/>\n\t<meta property=\"og:image:height\" content=\"1200\" \/>\n\t<meta property=\"og:image:type\" content=\"image\/png\" \/>\n<meta name=\"twitter:card\" content=\"summary_large_image\" \/>\n<meta name=\"twitter:label1\" content=\"Geschatte leestijd\" \/>\n\t<meta name=\"twitter:data1\" content=\"2 minuten\" \/>\n<!-- \/ Yoast SEO plugin. -->","yoast_head_json":{"title":"Palenrammer Pneumatisch PD-55 kopen? EuroGate International","description":"Palenrammer Pneumatisch PD-55. Topkwaliteit, lange levensduur. Bestel nu bij EuroGate International. Snelle levering en goede service!","robots":{"index":"index","follow":"follow","max-snippet":"max-snippet:-1","max-image-preview":"max-image-preview:large","max-video-preview":"max-video-preview:-1"},"canonical":"https:\/\/www.eurogate-international.com\/nl\/product\/rhino-pd-55-pneumatic\/","og_locale":"nl_NL","og_type":"article","og_title":"Palenrammer Pneumatisch PD-55 kopen? EuroGate International","og_description":"Palenrammer Pneumatisch PD-55. Topkwaliteit, lange levensduur. Bestel nu bij EuroGate International. Snelle levering en goede service!","og_url":"https:\/\/www.eurogate-international.com\/nl\/product\/rhino-pd-55-pneumatic\/","og_site_name":"EuroGate International","article_publisher":"https:\/\/www.facebook.com\/EuroGateInternational\/","article_modified_time":"2024-08-21T12:25:24+00:00","og_image":[{"width":1200,"height":1200,"url":"https:\/\/www.eurogate-international.com\/wp-content\/uploads\/2018\/09\/PD55_palenrammer-2.png","type":"image\/png"}],"twitter_card":"summary_large_image","twitter_misc":{"Geschatte leestijd":"2 minuten"},"schema":{"@context":"https:\/\/schema.org","@graph":[{"@type":"WebPage","@id":"https:\/\/www.eurogate-international.com\/nl\/product\/rhino-pd-55-pneumatic\/","url":"https:\/\/www.eurogate-international.com\/nl\/product\/rhino-pd-55-pneumatic\/","name":"Palenrammer Pneumatisch PD-55 kopen? EuroGate International","isPartOf":{"@id":"https:\/\/www.eurogate-international.com\/nl\/#website"},"primaryImageOfPage":{"@id":"https:\/\/www.eurogate-international.com\/nl\/product\/rhino-pd-55-pneumatic\/#primaryimage"},"image":{"@id":"https:\/\/www.eurogate-international.com\/nl\/product\/rhino-pd-55-pneumatic\/#primaryimage"},"thumbnailUrl":"https:\/\/www.eurogate-international.com\/wp-content\/uploads\/2018\/09\/PD55_palenrammer-2.png","datePublished":"2018-09-24T10:31:32+00:00","dateModified":"2024-08-21T12:25:24+00:00","description":"Palenrammer Pneumatisch PD-55. Topkwaliteit, lange levensduur. Bestel nu bij EuroGate International. Snelle levering en goede service!","breadcrumb":{"@id":"https:\/\/www.eurogate-international.com\/nl\/product\/rhino-pd-55-pneumatic\/#breadcrumb"},"inLanguage":"nl-NL","potentialAction":[{"@type":"ReadAction","target":["https:\/\/www.eurogate-international.com\/nl\/product\/rhino-pd-55-pneumatic\/"]}]},{"@type":"ImageObject","inLanguage":"nl-NL","@id":"https:\/\/www.eurogate-international.com\/nl\/product\/rhino-pd-55-pneumatic\/#primaryimage","url":"https:\/\/www.eurogate-international.com\/wp-content\/uploads\/2018\/09\/PD55_palenrammer-2.png","contentUrl":"https:\/\/www.eurogate-international.com\/wp-content\/uploads\/2018\/09\/PD55_palenrammer-2.png","width":1200,"height":1200},{"@type":"BreadcrumbList","@id":"https:\/\/www.eurogate-international.com\/nl\/product\/rhino-pd-55-pneumatic\/#breadcrumb","itemListElement":[{"@type":"ListItem","position":1,"name":"Home","item":"https:\/\/www.eurogate-international.com\/nl\/"},{"@type":"ListItem","position":2,"name":"Shop","item":"https:\/\/www.eurogate-international.com\/nl\/winkel\/"},{"@type":"ListItem","position":3,"name":"Palenrammer Pneumatisch PD-55"}]},{"@type":"WebSite","@id":"https:\/\/www.eurogate-international.com\/nl\/#website","url":"https:\/\/www.eurogate-international.com\/nl\/","name":"EuroGate International","description":"D\u00e9 onafhankelijke Europese verkooporganisatie van machines","publisher":{"@id":"https:\/\/www.eurogate-international.com\/nl\/#organization"},"potentialAction":[{"@type":"SearchAction","target":{"@type":"EntryPoint","urlTemplate":"https:\/\/www.eurogate-international.com\/nl\/?s={search_term_string}"},"query-input":{"@type":"PropertyValueSpecification","valueRequired":true,"valueName":"search_term_string"}}],"inLanguage":"nl-NL"},{"@type":"Organization","@id":"https:\/\/www.eurogate-international.com\/nl\/#organization","name":"EuroGate International","url":"https:\/\/www.eurogate-international.com\/nl\/","logo":{"@type":"ImageObject","inLanguage":"nl-NL","@id":"https:\/\/www.eurogate-international.com\/nl\/#\/schema\/logo\/image\/","url":"https:\/\/www.eurogate-international.com\/wp-content\/uploads\/2020\/06\/Logo_EuroGateInternational2.png","contentUrl":"https:\/\/www.eurogate-international.com\/wp-content\/uploads\/2020\/06\/Logo_EuroGateInternational2.png","width":150,"height":148,"caption":"EuroGate International"},"image":{"@id":"https:\/\/www.eurogate-international.com\/nl\/#\/schema\/logo\/image\/"},"sameAs":["https:\/\/www.facebook.com\/EuroGateInternational\/","https:\/\/nl.linkedin.com\/company\/eurogate-international"]}]}},"jetpack_sharing_enabled":true,"_links":{"self":[{"href":"https:\/\/www.eurogate-international.com\/nl\/wp-json\/wp\/v2\/product\/606","targetHints":{"allow":["GET"]}}],"collection":[{"href":"https:\/\/www.eurogate-international.com\/nl\/wp-json\/wp\/v2\/product"}],"about":[{"href":"https:\/\/www.eurogate-international.com\/nl\/wp-json\/wp\/v2\/types\/product"}],"replies":[{"embeddable":true,"href":"https:\/\/www.eurogate-international.com\/nl\/wp-json\/wp\/v2\/comments?post=606"}],"version-history":[{"count":0,"href":"https:\/\/www.eurogate-international.com\/nl\/wp-json\/wp\/v2\/product\/606\/revisions"}],"wp:featuredmedia":[{"embeddable":true,"href":"https:\/\/www.eurogate-international.com\/nl\/wp-json\/wp\/v2\/media\/10595"}],"wp:attachment":[{"href":"https:\/\/www.eurogate-international.com\/nl\/wp-json\/wp\/v2\/media?parent=606"}],"wp:term":[{"taxonomy":"product_cat","embeddable":true,"href":"https:\/\/www.eurogate-international.com\/nl\/wp-json\/wp\/v2\/product_cat?post=606"},{"taxonomy":"product_tag","embeddable":true,"href":"https:\/\/www.eurogate-international.com\/nl\/wp-json\/wp\/v2\/product_tag?post=606"}],"curies":[{"name":"wp","href":"https:\/\/api.w.org\/{rel}","templated":true}]}}