{"id":22506,"date":"2024-06-03T13:26:47","date_gmt":"2024-06-03T12:26:47","guid":{"rendered":"https:\/\/www.eurogate-international.com\/?page_id=22506"},"modified":"2024-06-03T13:26:47","modified_gmt":"2024-06-03T12:26:47","slug":"metody-platnosci","status":"publish","type":"page","link":"https:\/\/www.eurogate-international.com\/pl\/over-ons\/metody-platnosci\/","title":{"rendered":"Metody P\u0142atno\u015bci"},"content":{"rendered":"<p><strong>Bezpieczne p\u0142atno\u015bci na r\u00f3\u017cne sposoby<\/strong><\/p>\n<p>Zamawianie w Eurogate International oznacza szybkie, proste i przede wszystkim bezpieczne p\u0142atno\u015bci. Eurogate International oferuje r\u00f3\u017cne sposoby p\u0142atno\u015bci elektronicznej. Przy kasie mo\u017cna zobaczy\u0107, jakie opcje s\u0105 dost\u0119pne. Bez wzgl\u0119du na to, co wybierzesz, zawsze otrzymasz faktur\u0119 wraz z przesy\u0142k\u0105. Na fakturze jest zaznaczone, kt\u00f3r\u0105 metod\u0119 p\u0142atno\u015bci wybra\u0142e\u015b. Mo\u017cesz p\u0142aci\u0107 za pomoc\u0105:<\/p>\n<p><strong>iDEAL<\/strong><\/p>\n<p>Je\u015bli korzystasz z bankowo\u015bci internetowej w ABN Amro, ASN Bank, bunq, ING, Knab, Rabobank, SNS Bank, RegioBank, Triodos Bank lub Van Lanschot Bankiers, mo\u017cesz bezpiecznie dokona\u0107 p\u0142atno\u015bci za swoje zam\u00f3wienie za po\u015brednictwem naszej strony.<\/p>\n<p>P\u0142atno\u015b\u0107 elektroniczna przez Internet jest por\u00f3wnywalna z p\u0142atno\u015bci\u0105 kart\u0105 w sklepie. Po z\u0142o\u017ceniu zam\u00f3wienia wybierz metod\u0119 p\u0142atno\u015bci iDEAL. Otworzy si\u0119 okno, w kt\u00f3rym mo\u017cesz wybra\u0107 bank, w kt\u00f3rym prowadzisz bankowo\u015b\u0107 internetow\u0105. Post\u0119puj zgodnie z procedur\u0105, do kt\u00f3rej jeste\u015b przyzwyczajony przy p\u0142atno\u015bciach internetowych. Zasadniczo p\u0142atno\u015b\u0107 jest przetwarzana tego samego dnia roboczego. Aby uzyska\u0107 wi\u0119cej informacji, kliknij: iDEAL.<\/p>\n<p><strong>Bancontact<\/strong><\/p>\n<p>Dla naszych belgijskich klient\u00f3w oferujemy metod\u0119 p\u0142atno\u015bci Bancontact. Ta bezpieczna i szybka metoda p\u0142atno\u015bci mo\u017ce by\u0107 u\u017cywana przez mieszka\u0144c\u00f3w Belgii, kt\u00f3rzy posiadaj\u0105 internetow\u0105 bankowo\u015b\u0107 w banku powi\u0105zanym z Bancontact i Mister Cash. Nie ma dodatkowych koszt\u00f3w zwi\u0105zanych z t\u0105 metod\u0105 p\u0142atno\u015bci.<\/p>\n<p><strong>Karta kredytowa<\/strong><\/p>\n<p>P\u0142acenie kart\u0105 kredytow\u0105 Visa lub MasterCard w Eurogate International: \u0142atwe i bezpieczne. Twoje dane s\u0105 kodowane i przesy\u0142ane w bezpieczny spos\u00f3b. Zar\u00f3wno Visa, jak i MasterCard wymagaj\u0105 has\u0142a do Twojej karty kredytowej.<\/p>\n<p>Wpisz numer karty kredytowej, dat\u0119 wa\u017cno\u015bci oraz kod CID\/CVC. Ten kod jest u\u017cywany do weryfikacji i zazwyczaj znajduje si\u0119 na odwrocie karty kredytowej. Dane s\u0105 przesy\u0142ane do firmy obs\u0142uguj\u0105cej karty kredytowe.<\/p>\n<p>W wielu przypadkach musisz zweryfikowa\u0107 p\u0142atno\u015b\u0107 za pomoc\u0105 3D Secure (MasterCard) lub Verified by Visa. S\u0105 to \u015brodki bezpiecze\u0144stwa przy p\u0142atno\u015bciach przez Internet. Dzi\u0119ki 3D Secure (MasterCard) i Verified by Visa dokonujesz zakup\u00f3w internetowych za pomoc\u0105 dodatkowego has\u0142a.<\/p>\n<p>Gdy transakcja zostanie zatwierdzona, otrzymasz wiadomo\u015b\u0107 i zam\u00f3wienie (je\u015bli jest dost\u0119pne) zostanie wys\u0142ane. W wielu przypadkach kwota jest automatycznie pobierana z Twojego konta (wi\u0119cej informacji na ten temat mo\u017cna uzyska\u0107 w firmie obs\u0142uguj\u0105cej karty kredytowe).<\/p>\n<p>Je\u015bli zdecydujesz si\u0119 anulowa\u0107 zam\u00f3wienie \u2013 lub jego cz\u0119\u015b\u0107 \u2013 lub je zwr\u00f3ci\u0107, otrzymasz zwrot \u015brodk\u00f3w na swoj\u0105 kart\u0119 kredytow\u0105. Otrzymasz od nas e-mail, gdy dokonamy zwrotu pieni\u0119dzy. Zazwyczaj zwrot jest widoczny na Twoim wyci\u0105gu w ci\u0105gu sze\u015bciu tygodni.<\/p>\n<p><strong>Przedp\u0142ata<\/strong><\/p>\n<p>Podczas procesu zamawiania mo\u017cesz wybra\u0107 opcj\u0119 przelewu bankowego (przedp\u0142ata). Wy\u015blemy Twoje zam\u00f3wienie, gdy tylko otrzymamy p\u0142atno\u015b\u0107. Pami\u0119taj, \u017ce mo\u017ce to potrwa\u0107 kilka dni, zanim otrzymamy p\u0142atno\u015b\u0107.<\/p>\n<p>W niekt\u00f3rych przypadkach prosimy o przedp\u0142at\u0119. W takim przypadku poinformujemy Ci\u0119 o tym podczas realizacji zam\u00f3wienia. To, czy prosimy o przedp\u0142at\u0119, zale\u017cy od wielko\u015bci zam\u00f3wienia.<\/p>\n<p><strong>SOFORT Banking<\/strong><\/p>\n<p>SOFORT Banking to system p\u0142atno\u015bci online w Niemczech, Austrii i Szwajcarii. Jest to prosta i bezpieczna metoda p\u0142atno\u015bci. Mo\u017cesz \u0142atwo p\u0142aci\u0107 za pomoc\u0105 zabezpieczonego formularza p\u0142atno\u015bci i potwierdzi\u0107 zam\u00f3wienie za pomoc\u0105 unikalnego kodu transakcji (TAN). P\u0142atno\u015b\u0107 jest przetwarzana natychmiast, a my mo\u017cemy szybko wys\u0142a\u0107 Twoje zam\u00f3wienie.<\/p>\n<p><strong>Zwrot pieni\u0119dzy przy zwrocie lub anulowaniu<\/strong><\/p>\n<p>Je\u015bli anulujesz zam\u00f3wienie lub je zwr\u00f3cisz, oczywi\u015bcie otrzymasz zwrot pieni\u0119dzy. Je\u015bli zap\u0142aci\u0142e\u015b za zam\u00f3wienie z g\u00f3ry, zazwyczaj mo\u017cesz spodziewa\u0107 si\u0119 zwrotu w ci\u0105gu dw\u00f3ch tygodni (najp\u00f3\u017aniej w ci\u0105gu 30 dni) od daty przetworzenia zwrotu lub anulacji. Je\u015bli wybra\u0142e\u015b opcj\u0119 p\u0142atno\u015bci po dostawie (faktura) i jeszcze nie zap\u0142aci\u0142e\u015b, obowi\u0105zek p\u0142atno\u015bci zostaje anulowany po przetworzeniu zwrotu lub anulacji.<\/p>\n","protected":false},"excerpt":{"rendered":"<p>Bezpieczne p\u0142atno\u015bci na r\u00f3\u017cne sposoby Zamawianie w Eurogate International oznacza szybkie, proste i przede wszystkim bezpieczne p\u0142atno\u015bci. Eurogate International oferuje r\u00f3\u017cne sposoby p\u0142atno\u015bci elektronicznej. Przy kasie mo\u017cna zobaczy\u0107, jakie opcje s\u0105 dost\u0119pne. Bez wzgl\u0119du na to, co wybierzesz, zawsze otrzymasz faktur\u0119 wraz z przesy\u0142k\u0105. Na fakturze jest zaznaczone, kt\u00f3r\u0105 metod\u0119 p\u0142atno\u015bci wybra\u0142e\u015b. Mo\u017cesz p\u0142aci\u0107 za [&hellip;]<\/p>\n","protected":false},"author":76,"featured_media":0,"parent":366,"menu_order":0,"comment_status":"closed","ping_status":"closed","template":"","meta":{"_acf_changed":false,"footnotes":""},"class_list":["post-22506","page","type-page","status-publish","hentry"],"acf":[],"yoast_head":"<!-- This site is optimized with the Yoast SEO plugin v27.5 - https:\/\/yoast.com\/product\/yoast-seo-wordpress\/ -->\n<title>Metody P\u0142atno\u015bci | EuroGate International<\/title>\n<meta name=\"robots\" content=\"index, follow, max-snippet:-1, max-image-preview:large, max-video-preview:-1\" \/>\n<link rel=\"canonical\" href=\"https:\/\/www.eurogate-international.com\/pl\/over-ons\/metody-platnosci\/\" \/>\n<meta property=\"og:locale\" content=\"pl_PL\" \/>\n<meta property=\"og:type\" content=\"article\" \/>\n<meta property=\"og:title\" content=\"Metody P\u0142atno\u015bci | EuroGate International\" \/>\n<meta property=\"og:description\" content=\"Bezpieczne p\u0142atno\u015bci na r\u00f3\u017cne sposoby Zamawianie w Eurogate International oznacza szybkie, proste i przede wszystkim bezpieczne p\u0142atno\u015bci. Eurogate International oferuje r\u00f3\u017cne sposoby p\u0142atno\u015bci elektronicznej. Przy kasie mo\u017cna zobaczy\u0107, jakie opcje s\u0105 dost\u0119pne. Bez wzgl\u0119du na to, co wybierzesz, zawsze otrzymasz faktur\u0119 wraz z przesy\u0142k\u0105. Na fakturze jest zaznaczone, kt\u00f3r\u0105 metod\u0119 p\u0142atno\u015bci wybra\u0142e\u015b. Mo\u017cesz p\u0142aci\u0107 za [&hellip;]\" \/>\n<meta property=\"og:url\" content=\"https:\/\/www.eurogate-international.com\/pl\/over-ons\/metody-platnosci\/\" \/>\n<meta property=\"og:site_name\" content=\"EuroGate International\" \/>\n<meta property=\"article:publisher\" content=\"https:\/\/www.facebook.com\/EuroGateInternational\/\" \/>\n<meta name=\"twitter:card\" content=\"summary_large_image\" \/>\n<meta name=\"twitter:label1\" content=\"Szacowany czas czytania\" \/>\n\t<meta name=\"twitter:data1\" content=\"3 minuty\" \/>\n<!-- \/ Yoast SEO plugin. -->","yoast_head_json":{"title":"Metody P\u0142atno\u015bci | EuroGate International","robots":{"index":"index","follow":"follow","max-snippet":"max-snippet:-1","max-image-preview":"max-image-preview:large","max-video-preview":"max-video-preview:-1"},"canonical":"https:\/\/www.eurogate-international.com\/pl\/over-ons\/metody-platnosci\/","og_locale":"pl_PL","og_type":"article","og_title":"Metody P\u0142atno\u015bci | EuroGate International","og_description":"Bezpieczne p\u0142atno\u015bci na r\u00f3\u017cne sposoby Zamawianie w Eurogate International oznacza szybkie, proste i przede wszystkim bezpieczne p\u0142atno\u015bci. Eurogate International oferuje r\u00f3\u017cne sposoby p\u0142atno\u015bci elektronicznej. Przy kasie mo\u017cna zobaczy\u0107, jakie opcje s\u0105 dost\u0119pne. Bez wzgl\u0119du na to, co wybierzesz, zawsze otrzymasz faktur\u0119 wraz z przesy\u0142k\u0105. Na fakturze jest zaznaczone, kt\u00f3r\u0105 metod\u0119 p\u0142atno\u015bci wybra\u0142e\u015b. Mo\u017cesz p\u0142aci\u0107 za [&hellip;]","og_url":"https:\/\/www.eurogate-international.com\/pl\/over-ons\/metody-platnosci\/","og_site_name":"EuroGate International","article_publisher":"https:\/\/www.facebook.com\/EuroGateInternational\/","twitter_card":"summary_large_image","twitter_misc":{"Szacowany czas czytania":"3 minuty"},"schema":{"@context":"https:\/\/schema.org","@graph":[{"@type":"WebPage","@id":"https:\/\/www.eurogate-international.com\/pl\/over-ons\/metody-platnosci\/","url":"https:\/\/www.eurogate-international.com\/pl\/over-ons\/metody-platnosci\/","name":"Metody P\u0142atno\u015bci | EuroGate International","isPartOf":{"@id":"https:\/\/www.eurogate-international.com\/pl\/#website"},"datePublished":"2024-06-03T12:26:47+00:00","breadcrumb":{"@id":"https:\/\/www.eurogate-international.com\/pl\/over-ons\/metody-platnosci\/#breadcrumb"},"inLanguage":"pl-PL","potentialAction":[{"@type":"ReadAction","target":["https:\/\/www.eurogate-international.com\/pl\/over-ons\/metody-platnosci\/"]}]},{"@type":"BreadcrumbList","@id":"https:\/\/www.eurogate-international.com\/pl\/over-ons\/metody-platnosci\/#breadcrumb","itemListElement":[{"@type":"ListItem","position":1,"name":"Home","item":"https:\/\/www.eurogate-international.com\/pl\/home\/"},{"@type":"ListItem","position":2,"name":"O nas","item":"https:\/\/www.eurogate-international.com\/pl\/over-ons\/"},{"@type":"ListItem","position":3,"name":"Metody P\u0142atno\u015bci"}]},{"@type":"WebSite","@id":"https:\/\/www.eurogate-international.com\/pl\/#website","url":"https:\/\/www.eurogate-international.com\/pl\/","name":"EuroGate International","description":"D\u00e9 onafhankelijke Europese verkooporganisatie van machines","publisher":{"@id":"https:\/\/www.eurogate-international.com\/pl\/#organization"},"potentialAction":[{"@type":"SearchAction","target":{"@type":"EntryPoint","urlTemplate":"https:\/\/www.eurogate-international.com\/pl\/?s={search_term_string}"},"query-input":{"@type":"PropertyValueSpecification","valueRequired":true,"valueName":"search_term_string"}}],"inLanguage":"pl-PL"},{"@type":"Organization","@id":"https:\/\/www.eurogate-international.com\/pl\/#organization","name":"EuroGate International","url":"https:\/\/www.eurogate-international.com\/pl\/","logo":{"@type":"ImageObject","inLanguage":"pl-PL","@id":"https:\/\/www.eurogate-international.com\/pl\/#\/schema\/logo\/image\/","url":"https:\/\/www.eurogate-international.com\/wp-content\/uploads\/2020\/06\/Logo_EuroGateInternational2.png","contentUrl":"https:\/\/www.eurogate-international.com\/wp-content\/uploads\/2020\/06\/Logo_EuroGateInternational2.png","width":150,"height":148,"caption":"EuroGate International"},"image":{"@id":"https:\/\/www.eurogate-international.com\/pl\/#\/schema\/logo\/image\/"},"sameAs":["https:\/\/www.facebook.com\/EuroGateInternational\/","https:\/\/nl.linkedin.com\/company\/eurogate-international"]}]}},"jetpack_sharing_enabled":true,"_links":{"self":[{"href":"https:\/\/www.eurogate-international.com\/pl\/wp-json\/wp\/v2\/pages\/22506","targetHints":{"allow":["GET"]}}],"collection":[{"href":"https:\/\/www.eurogate-international.com\/pl\/wp-json\/wp\/v2\/pages"}],"about":[{"href":"https:\/\/www.eurogate-international.com\/pl\/wp-json\/wp\/v2\/types\/page"}],"author":[{"embeddable":true,"href":"https:\/\/www.eurogate-international.com\/pl\/wp-json\/wp\/v2\/users\/76"}],"replies":[{"embeddable":true,"href":"https:\/\/www.eurogate-international.com\/pl\/wp-json\/wp\/v2\/comments?post=22506"}],"version-history":[{"count":0,"href":"https:\/\/www.eurogate-international.com\/pl\/wp-json\/wp\/v2\/pages\/22506\/revisions"}],"up":[{"embeddable":true,"href":"https:\/\/www.eurogate-international.com\/pl\/wp-json\/wp\/v2\/pages\/366"}],"wp:attachment":[{"href":"https:\/\/www.eurogate-international.com\/pl\/wp-json\/wp\/v2\/media?parent=22506"}],"curies":[{"name":"wp","href":"https:\/\/api.w.org\/{rel}","templated":true}]}}