{"id":22508,"date":"2024-06-03T13:32:44","date_gmt":"2024-06-03T12:32:44","guid":{"rendered":"https:\/\/www.eurogate-international.com\/?page_id=22508"},"modified":"2024-06-03T13:32:44","modified_gmt":"2024-06-03T12:32:44","slug":"zwroty","status":"publish","type":"page","link":"https:\/\/www.eurogate-international.com\/pl\/over-ons\/zwroty\/","title":{"rendered":"Zwroty"},"content":{"rendered":"<h2>Czy mog\u0119 zwr\u00f3ci\u0107 artyku\u0142?<\/h2>\n<p>Tak, mo\u017cna, ale prosz\u0119 najpierw przeczyta\u0107 poni\u017csze warunki i zawsze zg\u0142asza\u0107 zwrot do naszego zespo\u0142u sprzeda\u017cy.<\/p>\n<p>Reklamacje z powodu uszkodzenia lub niekompletno\u015bci musz\u0105 by\u0107 zg\u0142oszone do EuroGate International w ci\u0105gu 3 dni od otrzymania przesy\u0142ki. Prosimy o przes\u0142anie reklamacji wraz ze zdj\u0119ciami i opisem na nasz og\u00f3lny adres e-mail.<br \/>\nMasz prawo do 7-dniowego okresu namys\u0142u po otrzymaniu produktu przy zakupach dokonanych za po\u015brednictwem naszej strony internetowej. W tym okresie produkt mo\u017cna odes\u0142a\u0107 bez podania przyczyny. Towar nale\u017cy dostarczy\u0107 do nas w ci\u0105gu 14 dni od zakupu, osobi\u015bcie lub przez kuriera. Bezpo\u015brednie koszty wysy\u0142ki i zwrotu towar\u00f3w ponosi kupuj\u0105cy. EuroGate International u\u017cywa do zwrotu pieni\u0119dzy tego samego \u015brodka p\u0142atniczego, kt\u00f3rego u\u017cy\u0142 kupuj\u0105cy, chyba \u017ce kupuj\u0105cy zgodzi si\u0119 na inn\u0105 metod\u0119.<\/p>\n<p><strong>Aby skorzysta\u0107 z mo\u017cliwo\u015bci zwrotu i zwrotu koszt\u00f3w zakupu produkt\u00f3w, musisz spe\u0142ni\u0107 nast\u0119puj\u0105ce warunki:<\/strong><\/p>\n<p>Produkt musi by\u0107 kompletny, w dobrym stanie i w oryginalnym opakowaniu.<br \/>\nJeste\u015b odpowiedzialny za zwrot towaru.<br \/>\nProdukt musi by\u0107 w takim stanie, w jakim zosta\u0142 do ciebie dostarczony. Je\u015bli produkt jest u\u017cywany, uszkodzony lub w inny spos\u00f3b r\u00f3\u017cni si\u0119 od stanu dostarczenia, zostan\u0105 naliczone dodatkowe koszty.<br \/>\nMasz prawo rozpakowa\u0107 produkt w takim stopniu, w jakim jest to konieczne, aby oceni\u0107, czy produkt spe\u0142nia twoje oczekiwania. Po u\u017cyciu produktu nie masz prawa do pe\u0142nego zwrotu pieni\u0119dzy.<br \/>\nZakupy specjalnie wykonane na zam\u00f3wienie nie podlegaj\u0105 zwrotowi ani refundacji.<br \/>\nJe\u015bli zwr\u00f3cisz artyku\u0142 poza okre\u015blonymi warunkami, obowi\u0105zek p\u0142atno\u015bci nie zostaje anulowany.<\/p>\n<p>W przypadku w\u0105tpliwo\u015bci skontaktuj si\u0119 z naszym zespo\u0142em sprzeda\u017cy:<\/p>\n<p>+31(0)523 638286 od poniedzia\u0142ku do pi\u0105tku w godzinach od 08.30 do 17.00.<\/p>\n","protected":false},"excerpt":{"rendered":"<p>Czy mog\u0119 zwr\u00f3ci\u0107 artyku\u0142? Tak, mo\u017cna, ale prosz\u0119 najpierw przeczyta\u0107 poni\u017csze warunki i zawsze zg\u0142asza\u0107 zwrot do naszego zespo\u0142u sprzeda\u017cy. Reklamacje z powodu uszkodzenia lub niekompletno\u015bci musz\u0105 by\u0107 zg\u0142oszone do EuroGate International w ci\u0105gu 3 dni od otrzymania przesy\u0142ki. Prosimy o przes\u0142anie reklamacji wraz ze zdj\u0119ciami i opisem na nasz og\u00f3lny adres e-mail. Masz prawo [&hellip;]<\/p>\n","protected":false},"author":76,"featured_media":0,"parent":366,"menu_order":0,"comment_status":"closed","ping_status":"closed","template":"","meta":{"_acf_changed":false,"footnotes":""},"class_list":["post-22508","page","type-page","status-publish","hentry"],"acf":[],"yoast_head":"<!-- This site is optimized with the Yoast SEO plugin v27.5 - https:\/\/yoast.com\/product\/yoast-seo-wordpress\/ -->\n<title>Zwroty | EuroGate International<\/title>\n<meta name=\"robots\" content=\"index, follow, max-snippet:-1, max-image-preview:large, max-video-preview:-1\" \/>\n<link rel=\"canonical\" href=\"https:\/\/www.eurogate-international.com\/pl\/over-ons\/zwroty\/\" \/>\n<meta property=\"og:locale\" content=\"pl_PL\" \/>\n<meta property=\"og:type\" content=\"article\" \/>\n<meta property=\"og:title\" content=\"Zwroty | EuroGate International\" \/>\n<meta property=\"og:description\" content=\"Czy mog\u0119 zwr\u00f3ci\u0107 artyku\u0142? Tak, mo\u017cna, ale prosz\u0119 najpierw przeczyta\u0107 poni\u017csze warunki i zawsze zg\u0142asza\u0107 zwrot do naszego zespo\u0142u sprzeda\u017cy. Reklamacje z powodu uszkodzenia lub niekompletno\u015bci musz\u0105 by\u0107 zg\u0142oszone do EuroGate International w ci\u0105gu 3 dni od otrzymania przesy\u0142ki. Prosimy o przes\u0142anie reklamacji wraz ze zdj\u0119ciami i opisem na nasz og\u00f3lny adres e-mail. Masz prawo [&hellip;]\" \/>\n<meta property=\"og:url\" content=\"https:\/\/www.eurogate-international.com\/pl\/over-ons\/zwroty\/\" \/>\n<meta property=\"og:site_name\" content=\"EuroGate International\" \/>\n<meta property=\"article:publisher\" content=\"https:\/\/www.facebook.com\/EuroGateInternational\/\" \/>\n<meta name=\"twitter:card\" content=\"summary_large_image\" \/>\n<meta name=\"twitter:label1\" content=\"Szacowany czas czytania\" \/>\n\t<meta name=\"twitter:data1\" content=\"2 minuty\" \/>\n<!-- \/ Yoast SEO plugin. -->","yoast_head_json":{"title":"Zwroty | EuroGate International","robots":{"index":"index","follow":"follow","max-snippet":"max-snippet:-1","max-image-preview":"max-image-preview:large","max-video-preview":"max-video-preview:-1"},"canonical":"https:\/\/www.eurogate-international.com\/pl\/over-ons\/zwroty\/","og_locale":"pl_PL","og_type":"article","og_title":"Zwroty | EuroGate International","og_description":"Czy mog\u0119 zwr\u00f3ci\u0107 artyku\u0142? Tak, mo\u017cna, ale prosz\u0119 najpierw przeczyta\u0107 poni\u017csze warunki i zawsze zg\u0142asza\u0107 zwrot do naszego zespo\u0142u sprzeda\u017cy. Reklamacje z powodu uszkodzenia lub niekompletno\u015bci musz\u0105 by\u0107 zg\u0142oszone do EuroGate International w ci\u0105gu 3 dni od otrzymania przesy\u0142ki. Prosimy o przes\u0142anie reklamacji wraz ze zdj\u0119ciami i opisem na nasz og\u00f3lny adres e-mail. Masz prawo [&hellip;]","og_url":"https:\/\/www.eurogate-international.com\/pl\/over-ons\/zwroty\/","og_site_name":"EuroGate International","article_publisher":"https:\/\/www.facebook.com\/EuroGateInternational\/","twitter_card":"summary_large_image","twitter_misc":{"Szacowany czas czytania":"2 minuty"},"schema":{"@context":"https:\/\/schema.org","@graph":[{"@type":"WebPage","@id":"https:\/\/www.eurogate-international.com\/pl\/over-ons\/zwroty\/","url":"https:\/\/www.eurogate-international.com\/pl\/over-ons\/zwroty\/","name":"Zwroty | EuroGate International","isPartOf":{"@id":"https:\/\/www.eurogate-international.com\/pl\/#website"},"datePublished":"2024-06-03T12:32:44+00:00","breadcrumb":{"@id":"https:\/\/www.eurogate-international.com\/pl\/over-ons\/zwroty\/#breadcrumb"},"inLanguage":"pl-PL","potentialAction":[{"@type":"ReadAction","target":["https:\/\/www.eurogate-international.com\/pl\/over-ons\/zwroty\/"]}]},{"@type":"BreadcrumbList","@id":"https:\/\/www.eurogate-international.com\/pl\/over-ons\/zwroty\/#breadcrumb","itemListElement":[{"@type":"ListItem","position":1,"name":"Home","item":"https:\/\/www.eurogate-international.com\/pl\/home\/"},{"@type":"ListItem","position":2,"name":"O nas","item":"https:\/\/www.eurogate-international.com\/pl\/over-ons\/"},{"@type":"ListItem","position":3,"name":"Zwroty"}]},{"@type":"WebSite","@id":"https:\/\/www.eurogate-international.com\/pl\/#website","url":"https:\/\/www.eurogate-international.com\/pl\/","name":"EuroGate International","description":"D\u00e9 onafhankelijke Europese verkooporganisatie van machines","publisher":{"@id":"https:\/\/www.eurogate-international.com\/pl\/#organization"},"potentialAction":[{"@type":"SearchAction","target":{"@type":"EntryPoint","urlTemplate":"https:\/\/www.eurogate-international.com\/pl\/?s={search_term_string}"},"query-input":{"@type":"PropertyValueSpecification","valueRequired":true,"valueName":"search_term_string"}}],"inLanguage":"pl-PL"},{"@type":"Organization","@id":"https:\/\/www.eurogate-international.com\/pl\/#organization","name":"EuroGate International","url":"https:\/\/www.eurogate-international.com\/pl\/","logo":{"@type":"ImageObject","inLanguage":"pl-PL","@id":"https:\/\/www.eurogate-international.com\/pl\/#\/schema\/logo\/image\/","url":"https:\/\/www.eurogate-international.com\/wp-content\/uploads\/2020\/06\/Logo_EuroGateInternational2.png","contentUrl":"https:\/\/www.eurogate-international.com\/wp-content\/uploads\/2020\/06\/Logo_EuroGateInternational2.png","width":150,"height":148,"caption":"EuroGate International"},"image":{"@id":"https:\/\/www.eurogate-international.com\/pl\/#\/schema\/logo\/image\/"},"sameAs":["https:\/\/www.facebook.com\/EuroGateInternational\/","https:\/\/nl.linkedin.com\/company\/eurogate-international"]}]}},"jetpack_sharing_enabled":true,"_links":{"self":[{"href":"https:\/\/www.eurogate-international.com\/pl\/wp-json\/wp\/v2\/pages\/22508","targetHints":{"allow":["GET"]}}],"collection":[{"href":"https:\/\/www.eurogate-international.com\/pl\/wp-json\/wp\/v2\/pages"}],"about":[{"href":"https:\/\/www.eurogate-international.com\/pl\/wp-json\/wp\/v2\/types\/page"}],"author":[{"embeddable":true,"href":"https:\/\/www.eurogate-international.com\/pl\/wp-json\/wp\/v2\/users\/76"}],"replies":[{"embeddable":true,"href":"https:\/\/www.eurogate-international.com\/pl\/wp-json\/wp\/v2\/comments?post=22508"}],"version-history":[{"count":0,"href":"https:\/\/www.eurogate-international.com\/pl\/wp-json\/wp\/v2\/pages\/22508\/revisions"}],"up":[{"embeddable":true,"href":"https:\/\/www.eurogate-international.com\/pl\/wp-json\/wp\/v2\/pages\/366"}],"wp:attachment":[{"href":"https:\/\/www.eurogate-international.com\/pl\/wp-json\/wp\/v2\/media?parent=22508"}],"curies":[{"name":"wp","href":"https:\/\/api.w.org\/{rel}","templated":true}]}}