{"id":10033,"date":"2019-09-04T07:17:38","date_gmt":"2019-09-04T06:17:38","guid":{"rendered":"https:\/\/www.eurogate-international.com\/product\/postmaster-maxi\/"},"modified":"2024-06-10T13:03:10","modified_gmt":"2024-06-10T12:03:10","slug":"postmaster-maxi","status":"publish","type":"product","link":"https:\/\/www.eurogate-international.com\/pl\/product\/postmaster-maxi\/","title":{"rendered":"Postmaster Maxi"},"excerpt":{"rendered":"<h2>Postmaster Maxi<\/h2>\n<p>Kafary Postmasters Mini, Midi i Maxi mo\u017cna zainstalowa\u0107 bezpo\u015brednio do koparek od 1,5 do 8 ton\u00a0Zapotrzebowanie oleju wynosi od 25do 60 ltr \/ min.<br \/>\nKafar Post Master jest szybszy, cichszy i bezpieczniejszy ni\u017c inne konwencjonalne maszyny na rynku.\u00a0Unikalny system mocowania utrzymuje s\u0142upek we w\u0142a\u015bciwej pozycji , s\u0142upek jest wbijany przy minimalnych uszkodzeniach. Z tego powodu mo\u017cna u\u017cywa\u0107 s\u0142upk\u00f3w ponownie .<\/p>\n<p>Idealny do drewnianych i stalowych s\u0142upk\u00f3w, a szczeg\u00f3lnie w przypadku monta\u017cu paneli s\u0142onecznych.<\/p>\n<p>\u2022 Szybciej<br \/>\n\u2022 Bezpieczniej<br \/>\n\u2022 Ciszej<br \/>\n\u2022 Usuwa s\u0142upki z ziemi<br \/>\n\u2022 Minimalne zak\u0142\u00f3cenia gruntu<\/p>\n<p>Maxi zosta\u0142 zaprojektowany z my\u015bl\u0105 o du\u017cych projektach oferuje podw\u00f3jn\u0105 moc Midi, niespotykana wydajno\u015b\u0107 z wyrafinowan\u0105 dok\u0142adno\u015bci\u0105 i pr\u0119dko\u015bci\u0105. Zacisk mo\u017cna \u0142atwo dostosowa\u0107 do r\u00f3\u017cnego rodzaju s\u0142upa i materia\u0142u<\/p>\n<p>i oferuje silne po\u0142\u0105czenie do chwytania, pozycjonowania, uderzania oraz usuwania.<\/p>\n","protected":false},"featured_media":9001,"comment_status":"closed","ping_status":"closed","template":"","meta":{"_acf_changed":false},"product_cat":[2314,3734,1806],"product_tag":[],"class_list":{"0":"post-10033","1":"product","2":"type-product","3":"status-publish","4":"has-post-thumbnail","6":"product_brand-postmaster-pl","7":"product_cat-kafary","8":"product_cat-kup-kafar-hydrauliczny","9":"product_cat-kafary-maszyn","10":"pa_aandrijving-hydrauliczny","12":"first","13":"instock","14":"taxable","15":"shipping-taxable","16":"purchasable","17":"product-type-simple"},"acf":[],"yoast_head":"<!-- This site is optimized with the Yoast SEO plugin v27.3 - https:\/\/yoast.com\/product\/yoast-seo-wordpress\/ -->\n<title>Postmaster Maxi | EuroGate International<\/title>\n<meta name=\"robots\" content=\"index, follow, max-snippet:-1, max-image-preview:large, max-video-preview:-1\" \/>\n<link rel=\"canonical\" href=\"https:\/\/www.eurogate-international.com\/pl\/product\/postmaster-maxi\/\" \/>\n<meta property=\"og:locale\" content=\"pl_PL\" \/>\n<meta property=\"og:type\" content=\"article\" \/>\n<meta property=\"og:title\" content=\"Postmaster Maxi | EuroGate International\" \/>\n<meta property=\"og:description\" content=\"Postmaster Maxi Kafary Postmasters Mini, Midi i Maxi mo\u017cna zainstalowa\u0107 bezpo\u015brednio do koparek od 1,5 do 8 ton\u00a0Zapotrzebowanie oleju wynosi od 25do 60 ltr \/ min. Kafar Post Master jest szybszy, cichszy i bezpieczniejszy ni\u017c inne konwencjonalne maszyny na rynku.\u00a0Unikalny system mocowania utrzymuje s\u0142upek we w\u0142a\u015bciwej pozycji , s\u0142upek jest wbijany przy minimalnych uszkodzeniach. Z tego powodu mo\u017cna u\u017cywa\u0107 s\u0142upk\u00f3w ponownie .  Idealny do drewnianych i stalowych s\u0142upk\u00f3w, a szczeg\u00f3lnie w przypadku monta\u017cu paneli s\u0142onecznych.  \u2022 Szybciej \u2022 Bezpieczniej \u2022 Ciszej \u2022 Usuwa s\u0142upki z ziemi \u2022 Minimalne zak\u0142\u00f3cenia gruntu  Maxi zosta\u0142 zaprojektowany z my\u015bl\u0105 o du\u017cych projektach oferuje podw\u00f3jn\u0105 moc Midi, niespotykana wydajno\u015b\u0107 z wyrafinowan\u0105 dok\u0142adno\u015bci\u0105 i pr\u0119dko\u015bci\u0105. Zacisk mo\u017cna \u0142atwo dostosowa\u0107 do r\u00f3\u017cnego rodzaju s\u0142upa i materia\u0142u  i oferuje silne po\u0142\u0105czenie do chwytania, pozycjonowania, uderzania oraz usuwania.\" \/>\n<meta property=\"og:url\" content=\"https:\/\/www.eurogate-international.com\/pl\/product\/postmaster-maxi\/\" \/>\n<meta property=\"og:site_name\" content=\"EuroGate International\" \/>\n<meta property=\"article:publisher\" content=\"https:\/\/www.facebook.com\/EuroGateInternational\/\" \/>\n<meta property=\"article:modified_time\" content=\"2024-06-10T12:03:10+00:00\" \/>\n<meta property=\"og:image\" content=\"https:\/\/www.eurogate-international.com\/wp-content\/uploads\/2019\/09\/ptmaster001_trans.png\" \/>\n\t<meta property=\"og:image:width\" content=\"524\" \/>\n\t<meta property=\"og:image:height\" content=\"525\" \/>\n\t<meta property=\"og:image:type\" content=\"image\/png\" \/>\n<meta name=\"twitter:card\" content=\"summary_large_image\" \/>\n<meta name=\"twitter:label1\" content=\"Szacowany czas czytania\" \/>\n\t<meta name=\"twitter:data1\" content=\"2 minuty\" \/>\n<!-- \/ Yoast SEO plugin. -->","yoast_head_json":{"title":"Postmaster Maxi | EuroGate International","robots":{"index":"index","follow":"follow","max-snippet":"max-snippet:-1","max-image-preview":"max-image-preview:large","max-video-preview":"max-video-preview:-1"},"canonical":"https:\/\/www.eurogate-international.com\/pl\/product\/postmaster-maxi\/","og_locale":"pl_PL","og_type":"article","og_title":"Postmaster Maxi | EuroGate International","og_description":"Postmaster Maxi Kafary Postmasters Mini, Midi i Maxi mo\u017cna zainstalowa\u0107 bezpo\u015brednio do koparek od 1,5 do 8 ton\u00a0Zapotrzebowanie oleju wynosi od 25do 60 ltr \/ min. Kafar Post Master jest szybszy, cichszy i bezpieczniejszy ni\u017c inne konwencjonalne maszyny na rynku.\u00a0Unikalny system mocowania utrzymuje s\u0142upek we w\u0142a\u015bciwej pozycji , s\u0142upek jest wbijany przy minimalnych uszkodzeniach. Z tego powodu mo\u017cna u\u017cywa\u0107 s\u0142upk\u00f3w ponownie .  Idealny do drewnianych i stalowych s\u0142upk\u00f3w, a szczeg\u00f3lnie w przypadku monta\u017cu paneli s\u0142onecznych.  \u2022 Szybciej \u2022 Bezpieczniej \u2022 Ciszej \u2022 Usuwa s\u0142upki z ziemi \u2022 Minimalne zak\u0142\u00f3cenia gruntu  Maxi zosta\u0142 zaprojektowany z my\u015bl\u0105 o du\u017cych projektach oferuje podw\u00f3jn\u0105 moc Midi, niespotykana wydajno\u015b\u0107 z wyrafinowan\u0105 dok\u0142adno\u015bci\u0105 i pr\u0119dko\u015bci\u0105. Zacisk mo\u017cna \u0142atwo dostosowa\u0107 do r\u00f3\u017cnego rodzaju s\u0142upa i materia\u0142u  i oferuje silne po\u0142\u0105czenie do chwytania, pozycjonowania, uderzania oraz usuwania.","og_url":"https:\/\/www.eurogate-international.com\/pl\/product\/postmaster-maxi\/","og_site_name":"EuroGate International","article_publisher":"https:\/\/www.facebook.com\/EuroGateInternational\/","article_modified_time":"2024-06-10T12:03:10+00:00","og_image":[{"width":524,"height":525,"url":"https:\/\/www.eurogate-international.com\/wp-content\/uploads\/2019\/09\/ptmaster001_trans.png","type":"image\/png"}],"twitter_card":"summary_large_image","twitter_misc":{"Szacowany czas czytania":"2 minuty"},"schema":{"@context":"https:\/\/schema.org","@graph":[{"@type":"WebPage","@id":"https:\/\/www.eurogate-international.com\/pl\/product\/postmaster-maxi\/","url":"https:\/\/www.eurogate-international.com\/pl\/product\/postmaster-maxi\/","name":"Postmaster Maxi | EuroGate International","isPartOf":{"@id":"https:\/\/www.eurogate-international.com\/pl\/#website"},"primaryImageOfPage":{"@id":"https:\/\/www.eurogate-international.com\/pl\/product\/postmaster-maxi\/#primaryimage"},"image":{"@id":"https:\/\/www.eurogate-international.com\/pl\/product\/postmaster-maxi\/#primaryimage"},"thumbnailUrl":"https:\/\/www.eurogate-international.com\/wp-content\/uploads\/2019\/09\/ptmaster001_trans.png","datePublished":"2019-09-04T06:17:38+00:00","dateModified":"2024-06-10T12:03:10+00:00","breadcrumb":{"@id":"https:\/\/www.eurogate-international.com\/pl\/product\/postmaster-maxi\/#breadcrumb"},"inLanguage":"pl-PL","potentialAction":[{"@type":"ReadAction","target":["https:\/\/www.eurogate-international.com\/pl\/product\/postmaster-maxi\/"]}]},{"@type":"ImageObject","inLanguage":"pl-PL","@id":"https:\/\/www.eurogate-international.com\/pl\/product\/postmaster-maxi\/#primaryimage","url":"https:\/\/www.eurogate-international.com\/wp-content\/uploads\/2019\/09\/ptmaster001_trans.png","contentUrl":"https:\/\/www.eurogate-international.com\/wp-content\/uploads\/2019\/09\/ptmaster001_trans.png","width":524,"height":525},{"@type":"BreadcrumbList","@id":"https:\/\/www.eurogate-international.com\/pl\/product\/postmaster-maxi\/#breadcrumb","itemListElement":[{"@type":"ListItem","position":1,"name":"Home","item":"https:\/\/www.eurogate-international.com\/pl\/home\/"},{"@type":"ListItem","position":2,"name":"Sklep","item":"https:\/\/www.eurogate-international.com\/pl\/sklep-2\/"},{"@type":"ListItem","position":3,"name":"Postmaster Maxi"}]},{"@type":"WebSite","@id":"https:\/\/www.eurogate-international.com\/pl\/#website","url":"https:\/\/www.eurogate-international.com\/pl\/","name":"EuroGate International","description":"D\u00e9 onafhankelijke Europese verkooporganisatie van machines","publisher":{"@id":"https:\/\/www.eurogate-international.com\/pl\/#organization"},"potentialAction":[{"@type":"SearchAction","target":{"@type":"EntryPoint","urlTemplate":"https:\/\/www.eurogate-international.com\/pl\/?s={search_term_string}"},"query-input":{"@type":"PropertyValueSpecification","valueRequired":true,"valueName":"search_term_string"}}],"inLanguage":"pl-PL"},{"@type":"Organization","@id":"https:\/\/www.eurogate-international.com\/pl\/#organization","name":"EuroGate International","url":"https:\/\/www.eurogate-international.com\/pl\/","logo":{"@type":"ImageObject","inLanguage":"pl-PL","@id":"https:\/\/www.eurogate-international.com\/pl\/#\/schema\/logo\/image\/","url":"https:\/\/www.eurogate-international.com\/wp-content\/uploads\/2020\/06\/Logo_EuroGateInternational2.png","contentUrl":"https:\/\/www.eurogate-international.com\/wp-content\/uploads\/2020\/06\/Logo_EuroGateInternational2.png","width":150,"height":148,"caption":"EuroGate International"},"image":{"@id":"https:\/\/www.eurogate-international.com\/pl\/#\/schema\/logo\/image\/"},"sameAs":["https:\/\/www.facebook.com\/EuroGateInternational\/","https:\/\/nl.linkedin.com\/company\/eurogate-international"]}]}},"jetpack_sharing_enabled":true,"_links":{"self":[{"href":"https:\/\/www.eurogate-international.com\/pl\/wp-json\/wp\/v2\/product\/10033","targetHints":{"allow":["GET"]}}],"collection":[{"href":"https:\/\/www.eurogate-international.com\/pl\/wp-json\/wp\/v2\/product"}],"about":[{"href":"https:\/\/www.eurogate-international.com\/pl\/wp-json\/wp\/v2\/types\/product"}],"replies":[{"embeddable":true,"href":"https:\/\/www.eurogate-international.com\/pl\/wp-json\/wp\/v2\/comments?post=10033"}],"version-history":[{"count":0,"href":"https:\/\/www.eurogate-international.com\/pl\/wp-json\/wp\/v2\/product\/10033\/revisions"}],"wp:featuredmedia":[{"embeddable":true,"href":"https:\/\/www.eurogate-international.com\/pl\/wp-json\/wp\/v2\/media\/9001"}],"wp:attachment":[{"href":"https:\/\/www.eurogate-international.com\/pl\/wp-json\/wp\/v2\/media?parent=10033"}],"wp:term":[{"taxonomy":"product_cat","embeddable":true,"href":"https:\/\/www.eurogate-international.com\/pl\/wp-json\/wp\/v2\/product_cat?post=10033"},{"taxonomy":"product_tag","embeddable":true,"href":"https:\/\/www.eurogate-international.com\/pl\/wp-json\/wp\/v2\/product_tag?post=10033"}],"curies":[{"name":"wp","href":"https:\/\/api.w.org\/{rel}","templated":true}]}}