{"id":10834,"date":"2020-08-31T09:03:14","date_gmt":"2020-08-31T08:03:14","guid":{"rendered":"https:\/\/www.eurogate-international.com\/product\/swidry-cq303\/"},"modified":"2020-12-02T09:30:31","modified_gmt":"2020-12-02T08:30:31","slug":"swidry-cq303","status":"publish","type":"product","link":"https:\/\/www.eurogate-international.com\/pl\/produkt\/swidry-cq303\/","title":{"rendered":"\u015awidry serii CQ303"},"excerpt":{"rendered":"<h2>Ekonomiczna seria \u015bwidr\u00f3w<\/h2>\n<p>\u015awidry azjatyckie maj\u0105 okr\u0105g\u0142e przy\u0142\u0105cze 20 mm i s\u0105 specjalnie wykonane dla naszej jednoosobowej wiertnicy <a href=\"https:\/\/www.eurogate-international.com\/pl\/produkt\/egi-cq303-jednososbowa\/\">EGI-CQ303<\/a><\/p>\n<p>Ponadto ta seria pasuje do najpopularniejszych azjatyckich wiertnic glebowych.<br \/>\nTakich jak G\u00fcde, Lumach, Kibani, TimberPro i VidaXL. Ta azjatycka seria \u015bwidr\u00f3w \u00a0ma dobry stosunek ceny do jako\u015bci i jest doskona\u0142a do u\u017cytku prywatnego. \u0141atwo wymienialne ostrza i ko\u0144c\u00f3wki \u015brubowe chroni\u0105 \u015bwider. W przypadku t\u0119pego \u015blimaka wystarczy wymieni\u0107 tylko te dwie cz\u0119\u015bci zu\u017cywaj\u0105ce si\u0119 zamiast ca\u0142ego \u015bwidra.*\u00a0Spiralny kszta\u0142t jest wykonany z mocnego materia\u0142u i zapewnia wytrzyma\u0142o\u015b\u0107 samego \u015bwidra. Przestrze\u0144 mi\u0119dzy spiralami zosta\u0142a r\u00f3wnie\u017c zoptymalizowana, aby podnosi\u0107 jak najwi\u0119cej gleby z najmniejsz\u0105 si\u0142\u0105.<\/p>\n<p>* Od \u00f8 100 mm, ta seria \u015bwidr\u00f3w ma wymienny uchwyt i \u0142opatk\u0119 \u015bwidra.<\/p>\n<p>Zobacz nasze rozszerzenie, kt\u00f3re jest specjalnie wykonane dla tego \u015bwidra.<\/p>\n<p>Ta seria \u015bwidr\u00f3w pasuje do maszyn ze z\u0142\u0105czem \u00f8 20 mm, w tym: Borg, Scheppack, Jansen EBG100, Kibani, Fuxtec, Dolmar, Aquariatics, Atika ELB52, Echo, Zipper, G\u00fcde<\/p>\n","protected":false},"featured_media":10697,"comment_status":"closed","ping_status":"closed","template":"","meta":{"_acf_changed":false},"product_cat":[1794,2308],"product_tag":[],"class_list":{"0":"post-10834","1":"product","2":"type-product","3":"status-publish","4":"has-post-thumbnail","6":"product_brand-egi-pl","7":"product_cat-swidry","8":"product_cat-wiertnice-glebowe","10":"first","11":"instock","12":"taxable","13":"shipping-taxable","14":"purchasable","15":"product-type-variable"},"acf":[],"yoast_head":"<!-- This site is optimized with the Yoast SEO plugin v27.5 - https:\/\/yoast.com\/product\/yoast-seo-wordpress\/ -->\n<title>\u015awidry serii CQ303 | EuroGate International<\/title>\n<meta name=\"robots\" content=\"index, follow, max-snippet:-1, max-image-preview:large, max-video-preview:-1\" \/>\n<link rel=\"canonical\" href=\"https:\/\/www.eurogate-international.com\/pl\/produkt\/swidry-cq303\/\" \/>\n<meta property=\"og:locale\" content=\"pl_PL\" \/>\n<meta property=\"og:type\" content=\"article\" \/>\n<meta property=\"og:title\" content=\"\u015awidry serii CQ303 | EuroGate International\" \/>\n<meta property=\"og:description\" content=\"Ekonomiczna seria \u015bwidr\u00f3w \u015awidry azjatyckie maj\u0105 okr\u0105g\u0142e przy\u0142\u0105cze 20 mm i s\u0105 specjalnie wykonane dla naszej jednoosobowej wiertnicy EGI-CQ303  Ponadto ta seria pasuje do najpopularniejszych azjatyckich wiertnic glebowych. Takich jak G\u00fcde, Lumach, Kibani, TimberPro i VidaXL. Ta azjatycka seria \u015bwidr\u00f3w \u00a0ma dobry stosunek ceny do jako\u015bci i jest doskona\u0142a do u\u017cytku prywatnego. \u0141atwo wymienialne ostrza i ko\u0144c\u00f3wki \u015brubowe chroni\u0105 \u015bwider. W przypadku t\u0119pego \u015blimaka wystarczy wymieni\u0107 tylko te dwie cz\u0119\u015bci zu\u017cywaj\u0105ce si\u0119 zamiast ca\u0142ego \u015bwidra.*\u00a0Spiralny kszta\u0142t jest wykonany z mocnego materia\u0142u i zapewnia wytrzyma\u0142o\u015b\u0107 samego \u015bwidra. Przestrze\u0144 mi\u0119dzy spiralami zosta\u0142a r\u00f3wnie\u017c zoptymalizowana, aby podnosi\u0107 jak najwi\u0119cej gleby z najmniejsz\u0105 si\u0142\u0105.  * Od \u00f8 100 mm, ta seria \u015bwidr\u00f3w ma wymienny uchwyt i \u0142opatk\u0119 \u015bwidra.  Zobacz nasze rozszerzenie, kt\u00f3re jest specjalnie wykonane dla tego \u015bwidra.  Ta seria \u015bwidr\u00f3w pasuje do maszyn ze z\u0142\u0105czem \u00f8 20 mm, w tym: Borg, Scheppack, Jansen EBG100, Kibani, Fuxtec, Dolmar, Aquariatics, Atika ELB52, Echo, Zipper, G\u00fcde\" \/>\n<meta property=\"og:url\" content=\"https:\/\/www.eurogate-international.com\/pl\/produkt\/swidry-cq303\/\" \/>\n<meta property=\"og:site_name\" content=\"EuroGate International\" \/>\n<meta property=\"article:publisher\" content=\"https:\/\/www.facebook.com\/EuroGateInternational\/\" \/>\n<meta property=\"article:modified_time\" content=\"2020-12-02T08:30:31+00:00\" \/>\n<meta property=\"og:image\" content=\"https:\/\/www.eurogate-international.com\/wp-content\/uploads\/2020\/08\/CQ303-150.png\" \/>\n\t<meta property=\"og:image:width\" content=\"1088\" \/>\n\t<meta property=\"og:image:height\" content=\"3394\" \/>\n\t<meta property=\"og:image:type\" content=\"image\/png\" \/>\n<meta name=\"twitter:card\" content=\"summary_large_image\" \/>\n<!-- \/ Yoast SEO plugin. -->","yoast_head_json":{"title":"\u015awidry serii CQ303 | EuroGate International","robots":{"index":"index","follow":"follow","max-snippet":"max-snippet:-1","max-image-preview":"max-image-preview:large","max-video-preview":"max-video-preview:-1"},"canonical":"https:\/\/www.eurogate-international.com\/pl\/produkt\/swidry-cq303\/","og_locale":"pl_PL","og_type":"article","og_title":"\u015awidry serii CQ303 | EuroGate International","og_description":"Ekonomiczna seria \u015bwidr\u00f3w \u015awidry azjatyckie maj\u0105 okr\u0105g\u0142e przy\u0142\u0105cze 20 mm i s\u0105 specjalnie wykonane dla naszej jednoosobowej wiertnicy EGI-CQ303  Ponadto ta seria pasuje do najpopularniejszych azjatyckich wiertnic glebowych. Takich jak G\u00fcde, Lumach, Kibani, TimberPro i VidaXL. Ta azjatycka seria \u015bwidr\u00f3w \u00a0ma dobry stosunek ceny do jako\u015bci i jest doskona\u0142a do u\u017cytku prywatnego. \u0141atwo wymienialne ostrza i ko\u0144c\u00f3wki \u015brubowe chroni\u0105 \u015bwider. W przypadku t\u0119pego \u015blimaka wystarczy wymieni\u0107 tylko te dwie cz\u0119\u015bci zu\u017cywaj\u0105ce si\u0119 zamiast ca\u0142ego \u015bwidra.*\u00a0Spiralny kszta\u0142t jest wykonany z mocnego materia\u0142u i zapewnia wytrzyma\u0142o\u015b\u0107 samego \u015bwidra. Przestrze\u0144 mi\u0119dzy spiralami zosta\u0142a r\u00f3wnie\u017c zoptymalizowana, aby podnosi\u0107 jak najwi\u0119cej gleby z najmniejsz\u0105 si\u0142\u0105.  * Od \u00f8 100 mm, ta seria \u015bwidr\u00f3w ma wymienny uchwyt i \u0142opatk\u0119 \u015bwidra.  Zobacz nasze rozszerzenie, kt\u00f3re jest specjalnie wykonane dla tego \u015bwidra.  Ta seria \u015bwidr\u00f3w pasuje do maszyn ze z\u0142\u0105czem \u00f8 20 mm, w tym: Borg, Scheppack, Jansen EBG100, Kibani, Fuxtec, Dolmar, Aquariatics, Atika ELB52, Echo, Zipper, G\u00fcde","og_url":"https:\/\/www.eurogate-international.com\/pl\/produkt\/swidry-cq303\/","og_site_name":"EuroGate International","article_publisher":"https:\/\/www.facebook.com\/EuroGateInternational\/","article_modified_time":"2020-12-02T08:30:31+00:00","og_image":[{"width":1088,"height":3394,"url":"https:\/\/www.eurogate-international.com\/wp-content\/uploads\/2020\/08\/CQ303-150.png","type":"image\/png"}],"twitter_card":"summary_large_image","schema":{"@context":"https:\/\/schema.org","@graph":[{"@type":"WebPage","@id":"https:\/\/www.eurogate-international.com\/pl\/produkt\/swidry-cq303\/","url":"https:\/\/www.eurogate-international.com\/pl\/produkt\/swidry-cq303\/","name":"\u015awidry serii CQ303 | EuroGate International","isPartOf":{"@id":"https:\/\/www.eurogate-international.com\/pl\/#website"},"primaryImageOfPage":{"@id":"https:\/\/www.eurogate-international.com\/pl\/produkt\/swidry-cq303\/#primaryimage"},"image":{"@id":"https:\/\/www.eurogate-international.com\/pl\/produkt\/swidry-cq303\/#primaryimage"},"thumbnailUrl":"https:\/\/www.eurogate-international.com\/wp-content\/uploads\/2020\/08\/CQ303-150.png","datePublished":"2020-08-31T08:03:14+00:00","dateModified":"2020-12-02T08:30:31+00:00","breadcrumb":{"@id":"https:\/\/www.eurogate-international.com\/pl\/produkt\/swidry-cq303\/#breadcrumb"},"inLanguage":"pl-PL","potentialAction":[{"@type":"ReadAction","target":["https:\/\/www.eurogate-international.com\/pl\/produkt\/swidry-cq303\/"]}]},{"@type":"ImageObject","inLanguage":"pl-PL","@id":"https:\/\/www.eurogate-international.com\/pl\/produkt\/swidry-cq303\/#primaryimage","url":"https:\/\/www.eurogate-international.com\/wp-content\/uploads\/2020\/08\/CQ303-150.png","contentUrl":"https:\/\/www.eurogate-international.com\/wp-content\/uploads\/2020\/08\/CQ303-150.png","width":1088,"height":3394},{"@type":"BreadcrumbList","@id":"https:\/\/www.eurogate-international.com\/pl\/produkt\/swidry-cq303\/#breadcrumb","itemListElement":[{"@type":"ListItem","position":1,"name":"Home","item":"https:\/\/www.eurogate-international.com\/pl\/home\/"},{"@type":"ListItem","position":2,"name":"Sklep","item":"https:\/\/www.eurogate-international.com\/pl\/sklep-2\/"},{"@type":"ListItem","position":3,"name":"\u015awidry serii CQ303"}]},{"@type":"WebSite","@id":"https:\/\/www.eurogate-international.com\/pl\/#website","url":"https:\/\/www.eurogate-international.com\/pl\/","name":"EuroGate International","description":"D\u00e9 onafhankelijke Europese verkooporganisatie van machines","publisher":{"@id":"https:\/\/www.eurogate-international.com\/pl\/#organization"},"potentialAction":[{"@type":"SearchAction","target":{"@type":"EntryPoint","urlTemplate":"https:\/\/www.eurogate-international.com\/pl\/?s={search_term_string}"},"query-input":{"@type":"PropertyValueSpecification","valueRequired":true,"valueName":"search_term_string"}}],"inLanguage":"pl-PL"},{"@type":"Organization","@id":"https:\/\/www.eurogate-international.com\/pl\/#organization","name":"EuroGate International","url":"https:\/\/www.eurogate-international.com\/pl\/","logo":{"@type":"ImageObject","inLanguage":"pl-PL","@id":"https:\/\/www.eurogate-international.com\/pl\/#\/schema\/logo\/image\/","url":"https:\/\/www.eurogate-international.com\/wp-content\/uploads\/2020\/06\/Logo_EuroGateInternational2.png","contentUrl":"https:\/\/www.eurogate-international.com\/wp-content\/uploads\/2020\/06\/Logo_EuroGateInternational2.png","width":150,"height":148,"caption":"EuroGate International"},"image":{"@id":"https:\/\/www.eurogate-international.com\/pl\/#\/schema\/logo\/image\/"},"sameAs":["https:\/\/www.facebook.com\/EuroGateInternational\/","https:\/\/nl.linkedin.com\/company\/eurogate-international"]}]}},"jetpack_sharing_enabled":true,"_links":{"self":[{"href":"https:\/\/www.eurogate-international.com\/pl\/wp-json\/wp\/v2\/product\/10834","targetHints":{"allow":["GET"]}}],"collection":[{"href":"https:\/\/www.eurogate-international.com\/pl\/wp-json\/wp\/v2\/product"}],"about":[{"href":"https:\/\/www.eurogate-international.com\/pl\/wp-json\/wp\/v2\/types\/product"}],"replies":[{"embeddable":true,"href":"https:\/\/www.eurogate-international.com\/pl\/wp-json\/wp\/v2\/comments?post=10834"}],"version-history":[{"count":0,"href":"https:\/\/www.eurogate-international.com\/pl\/wp-json\/wp\/v2\/product\/10834\/revisions"}],"wp:featuredmedia":[{"embeddable":true,"href":"https:\/\/www.eurogate-international.com\/pl\/wp-json\/wp\/v2\/media\/10697"}],"wp:attachment":[{"href":"https:\/\/www.eurogate-international.com\/pl\/wp-json\/wp\/v2\/media?parent=10834"}],"wp:term":[{"taxonomy":"product_cat","embeddable":true,"href":"https:\/\/www.eurogate-international.com\/pl\/wp-json\/wp\/v2\/product_cat?post=10834"},{"taxonomy":"product_tag","embeddable":true,"href":"https:\/\/www.eurogate-international.com\/pl\/wp-json\/wp\/v2\/product_tag?post=10834"}],"curies":[{"name":"wp","href":"https:\/\/api.w.org\/{rel}","templated":true}]}}