{"id":10841,"date":"2020-09-10T13:48:33","date_gmt":"2020-09-10T12:48:33","guid":{"rendered":"https:\/\/www.eurogate-international.com\/product\/swider-p7-p9\/"},"modified":"2021-07-01T09:59:01","modified_gmt":"2021-07-01T08:59:01","slug":"swider-p7-p9","status":"publish","type":"product","link":"https:\/\/www.eurogate-international.com\/pl\/produkt\/swider-p7-p9\/","title":{"rendered":"\u015awider do sadzenia ro\u015blin P7 \/ P9"},"excerpt":{"rendered":"<h3>Szybko wywier\u0107 otwory pod ro\u015bliny<\/h3>\n<p>\u015awidry \u00a0do ro\u015blin to narz\u0119dzie ogrodowe, kt\u00f3re doskonale nadaje si\u0119 do szybkiego wiercenia otwor\u00f3w pod ro\u015bliny. Oznacza to szybkie i precyzyjne sadzenie rabat, rabat kwiatowych i krzew\u00f3w. Dzi\u0119ki por\u0119cznemu formatowi w po\u0142\u0105czeniu z solidn\u0105 stalow\u0105 konstrukcj\u0105 pozwala na b\u0142yskawiczne sadzenie ro\u015blin doniczkowych. \u015awider \u00a0P7 ma \u015brednic\u0119 100 mm, a P9 ma \u015brednic\u0119 130 mm.<\/p>\n<h3>U\u017cyj w\u0142asnej (bezprzewodowej) wiertarki<\/h3>\n<p>\u015awider do ro\u015blin EuroGate International wykonuje za Ciebie ci\u0119\u017csz\u0105 prac\u0119 i bez trudu wywierci idealne do\u0142ki. To sprawia, \u017ce \u200b\u200bsadzenie jest szybkie i \u0142atwe. Pod\u0142\u0105cz \u015bwider \u00a0do wiertarki elektrycznej lub akumulatorowej, po czym od razu mo\u017cesz rozpocz\u0105\u0107 prac\u0119.<\/p>\n<p>Zaprojektowany, aby Twoje sadzenie dzia\u0142a\u0142o znacznie szybciej ni\u017c gdyby\u015b u\u017cywa\u0142 r\u0119cznego \u015bwidra \u00a0lub \u0142opaty.\u00a0 \u015awider rozdrabnia gleb\u0119 na dnie otworu do sadzenia, dzi\u0119ki czemu ro\u015bliny maj\u0105 lepszy kontakt z gleb\u0105 i lepszy wzrost korzeni. Dwie standardowe \u00a0\u015brednice. \u015awider \u00a0ma antypo\u015blizgowy uchwyt, kt\u00f3ry zapewnia lepsz\u0105 przyczepno\u015b\u0107 i stabilno\u015b\u0107 podczas wiercenia.<\/p>\n<p><iframe data-src=\"https:\/\/www.youtube.com\/embed\/GL8J-03WU-g\" width=\"560\" height=\"315\" frameborder=\"0\" allowfullscreen=\"allowfullscreen\" src=\"data:image\/gif;base64,R0lGODlhAQABAAAAACH5BAEKAAEALAAAAAABAAEAAAICTAEAOw==\" class=\"lazyload\" data-load-mode=\"1\"><\/iframe><\/p>\n<p>Masz pytania dotycz\u0105ce \u015bwidra do ro\u015blin \u00a0lub innych produkt\u00f3w? Nasz zesp\u00f3\u0142 jest gotowy na wszystkie Twoje pytania. Zadzwo\u0144 do naszego dzia\u0142u sprzeda\u017cy, aby uzyska\u0107 odpowiedni\u0105 porad\u0119: 0523-638286.<br \/>\nWolisz kupi\u0107 inny \u015bwider? Du\u017cy wyb\u00f3r w EuroGate International. <a href=\"https:\/\/www.eurogate-international.com\/pl\/product-categorie\/swidry\/\">Zapoznaj si\u0119 z nasz\u0105 pe\u0142n\u0105 ofert\u0105 \u015bwidr\u00f3w tutaj<\/a>.<\/p>\n<p>Poszukujesz\u00a0 innej wielko\u015bci np. do sadzenia cebul kwiatowych, czy osadzania podp\u00f3r do ro\u015blin?<br \/>\nSp\u00f3jrz na nasz\u0105 mini seri\u0119 \u015bwidr\u00f3w. Je\u015bli szukasz \u015bwidra do ci\u0119\u017cszej pracy, zapoznaj si\u0119 z <a href=\"https:\/\/www.eurogate-international.com\/pl\/product-categorie\/wiertnice-glebowe\/\">naszymi wiertnicami glebowymi<\/a>.<\/p>\n","protected":false},"featured_media":10801,"comment_status":"closed","ping_status":"closed","template":"","meta":{"_acf_changed":false},"product_cat":[1794,2308],"product_tag":[],"class_list":{"0":"post-10841","1":"product","2":"type-product","3":"status-publish","4":"has-post-thumbnail","6":"product_brand-egi-pl","7":"product_cat-swidry","8":"product_cat-wiertnice-glebowe","10":"first","11":"instock","12":"taxable","13":"shipping-taxable","14":"purchasable","15":"product-type-variable"},"acf":[],"yoast_head":"<!-- This site is optimized with the Yoast SEO plugin v27.5 - https:\/\/yoast.com\/product\/yoast-seo-wordpress\/ -->\n<title>\u015awider do sadzenia ro\u015blin P7 \/ P9 | EuroGate International<\/title>\n<meta name=\"robots\" content=\"index, follow, max-snippet:-1, max-image-preview:large, max-video-preview:-1\" \/>\n<link rel=\"canonical\" href=\"https:\/\/www.eurogate-international.com\/pl\/produkt\/swider-p7-p9\/\" \/>\n<meta property=\"og:locale\" content=\"pl_PL\" \/>\n<meta property=\"og:type\" content=\"article\" \/>\n<meta property=\"og:title\" content=\"\u015awider do sadzenia ro\u015blin P7 \/ P9 | EuroGate International\" \/>\n<meta property=\"og:description\" content=\"Szybko wywier\u0107 otwory pod ro\u015bliny \u015awidry \u00a0do ro\u015blin to narz\u0119dzie ogrodowe, kt\u00f3re doskonale nadaje si\u0119 do szybkiego wiercenia otwor\u00f3w pod ro\u015bliny. Oznacza to szybkie i precyzyjne sadzenie rabat, rabat kwiatowych i krzew\u00f3w. Dzi\u0119ki por\u0119cznemu formatowi w po\u0142\u0105czeniu z solidn\u0105 stalow\u0105 konstrukcj\u0105 pozwala na b\u0142yskawiczne sadzenie ro\u015blin doniczkowych. \u015awider \u00a0P7 ma \u015brednic\u0119 100 mm, a P9 ma \u015brednic\u0119 130 mm. U\u017cyj w\u0142asnej (bezprzewodowej) wiertarki \u015awider do ro\u015blin EuroGate International wykonuje za Ciebie ci\u0119\u017csz\u0105 prac\u0119 i bez trudu wywierci idealne do\u0142ki. To sprawia, \u017ce \u200b\u200bsadzenie jest szybkie i \u0142atwe. Pod\u0142\u0105cz \u015bwider \u00a0do wiertarki elektrycznej lub akumulatorowej, po czym od razu mo\u017cesz rozpocz\u0105\u0107 prac\u0119.  Zaprojektowany, aby Twoje sadzenie dzia\u0142a\u0142o znacznie szybciej ni\u017c gdyby\u015b u\u017cywa\u0142 r\u0119cznego \u015bwidra \u00a0lub \u0142opaty.\u00a0 \u015awider rozdrabnia gleb\u0119 na dnie otworu do sadzenia, dzi\u0119ki czemu ro\u015bliny maj\u0105 lepszy kontakt z gleb\u0105 i lepszy wzrost korzeni. Dwie standardowe \u00a0\u015brednice. \u015awider \u00a0ma antypo\u015blizgowy uchwyt, kt\u00f3ry zapewnia lepsz\u0105 przyczepno\u015b\u0107 i stabilno\u015b\u0107 podczas wiercenia.    Masz pytania dotycz\u0105ce \u015bwidra do ro\u015blin \u00a0lub innych produkt\u00f3w? Nasz zesp\u00f3\u0142 jest gotowy na wszystkie Twoje pytania. Zadzwo\u0144 do naszego dzia\u0142u sprzeda\u017cy, aby uzyska\u0107 odpowiedni\u0105 porad\u0119: 0523-638286. Wolisz kupi\u0107 inny \u015bwider? Du\u017cy wyb\u00f3r w EuroGate International. Zapoznaj si\u0119 z nasz\u0105 pe\u0142n\u0105 ofert\u0105 \u015bwidr\u00f3w tutaj.  Poszukujesz\u00a0 innej wielko\u015bci np. do sadzenia cebul kwiatowych, czy osadzania podp\u00f3r do ro\u015blin? Sp\u00f3jrz na nasz\u0105 mini seri\u0119 \u015bwidr\u00f3w. Je\u015bli szukasz \u015bwidra do ci\u0119\u017cszej pracy, zapoznaj si\u0119 z naszymi wiertnicami glebowymi.\" \/>\n<meta property=\"og:url\" content=\"https:\/\/www.eurogate-international.com\/pl\/produkt\/swider-p7-p9\/\" \/>\n<meta property=\"og:site_name\" content=\"EuroGate International\" \/>\n<meta property=\"article:publisher\" content=\"https:\/\/www.facebook.com\/EuroGateInternational\/\" \/>\n<meta property=\"article:modified_time\" content=\"2021-07-01T08:59:01+00:00\" \/>\n<meta property=\"og:image\" content=\"https:\/\/www.eurogate-international.com\/wp-content\/uploads\/2020\/09\/Plantenboor_eurogate.png\" \/>\n\t<meta property=\"og:image:width\" content=\"1500\" \/>\n\t<meta property=\"og:image:height\" content=\"1500\" \/>\n\t<meta property=\"og:image:type\" content=\"image\/png\" \/>\n<meta name=\"twitter:card\" content=\"summary_large_image\" \/>\n<!-- \/ Yoast SEO plugin. -->","yoast_head_json":{"title":"\u015awider do sadzenia ro\u015blin P7 \/ P9 | EuroGate International","robots":{"index":"index","follow":"follow","max-snippet":"max-snippet:-1","max-image-preview":"max-image-preview:large","max-video-preview":"max-video-preview:-1"},"canonical":"https:\/\/www.eurogate-international.com\/pl\/produkt\/swider-p7-p9\/","og_locale":"pl_PL","og_type":"article","og_title":"\u015awider do sadzenia ro\u015blin P7 \/ P9 | EuroGate International","og_description":"Szybko wywier\u0107 otwory pod ro\u015bliny \u015awidry \u00a0do ro\u015blin to narz\u0119dzie ogrodowe, kt\u00f3re doskonale nadaje si\u0119 do szybkiego wiercenia otwor\u00f3w pod ro\u015bliny. Oznacza to szybkie i precyzyjne sadzenie rabat, rabat kwiatowych i krzew\u00f3w. Dzi\u0119ki por\u0119cznemu formatowi w po\u0142\u0105czeniu z solidn\u0105 stalow\u0105 konstrukcj\u0105 pozwala na b\u0142yskawiczne sadzenie ro\u015blin doniczkowych. \u015awider \u00a0P7 ma \u015brednic\u0119 100 mm, a P9 ma \u015brednic\u0119 130 mm. U\u017cyj w\u0142asnej (bezprzewodowej) wiertarki \u015awider do ro\u015blin EuroGate International wykonuje za Ciebie ci\u0119\u017csz\u0105 prac\u0119 i bez trudu wywierci idealne do\u0142ki. To sprawia, \u017ce \u200b\u200bsadzenie jest szybkie i \u0142atwe. Pod\u0142\u0105cz \u015bwider \u00a0do wiertarki elektrycznej lub akumulatorowej, po czym od razu mo\u017cesz rozpocz\u0105\u0107 prac\u0119.  Zaprojektowany, aby Twoje sadzenie dzia\u0142a\u0142o znacznie szybciej ni\u017c gdyby\u015b u\u017cywa\u0142 r\u0119cznego \u015bwidra \u00a0lub \u0142opaty.\u00a0 \u015awider rozdrabnia gleb\u0119 na dnie otworu do sadzenia, dzi\u0119ki czemu ro\u015bliny maj\u0105 lepszy kontakt z gleb\u0105 i lepszy wzrost korzeni. Dwie standardowe \u00a0\u015brednice. \u015awider \u00a0ma antypo\u015blizgowy uchwyt, kt\u00f3ry zapewnia lepsz\u0105 przyczepno\u015b\u0107 i stabilno\u015b\u0107 podczas wiercenia.    Masz pytania dotycz\u0105ce \u015bwidra do ro\u015blin \u00a0lub innych produkt\u00f3w? Nasz zesp\u00f3\u0142 jest gotowy na wszystkie Twoje pytania. Zadzwo\u0144 do naszego dzia\u0142u sprzeda\u017cy, aby uzyska\u0107 odpowiedni\u0105 porad\u0119: 0523-638286. Wolisz kupi\u0107 inny \u015bwider? Du\u017cy wyb\u00f3r w EuroGate International. Zapoznaj si\u0119 z nasz\u0105 pe\u0142n\u0105 ofert\u0105 \u015bwidr\u00f3w tutaj.  Poszukujesz\u00a0 innej wielko\u015bci np. do sadzenia cebul kwiatowych, czy osadzania podp\u00f3r do ro\u015blin? Sp\u00f3jrz na nasz\u0105 mini seri\u0119 \u015bwidr\u00f3w. Je\u015bli szukasz \u015bwidra do ci\u0119\u017cszej pracy, zapoznaj si\u0119 z naszymi wiertnicami glebowymi.","og_url":"https:\/\/www.eurogate-international.com\/pl\/produkt\/swider-p7-p9\/","og_site_name":"EuroGate International","article_publisher":"https:\/\/www.facebook.com\/EuroGateInternational\/","article_modified_time":"2021-07-01T08:59:01+00:00","og_image":[{"width":1500,"height":1500,"url":"https:\/\/www.eurogate-international.com\/wp-content\/uploads\/2020\/09\/Plantenboor_eurogate.png","type":"image\/png"}],"twitter_card":"summary_large_image","schema":{"@context":"https:\/\/schema.org","@graph":[{"@type":"WebPage","@id":"https:\/\/www.eurogate-international.com\/pl\/produkt\/swider-p7-p9\/","url":"https:\/\/www.eurogate-international.com\/pl\/produkt\/swider-p7-p9\/","name":"\u015awider do sadzenia ro\u015blin P7 \/ P9 | EuroGate International","isPartOf":{"@id":"https:\/\/www.eurogate-international.com\/pl\/#website"},"primaryImageOfPage":{"@id":"https:\/\/www.eurogate-international.com\/pl\/produkt\/swider-p7-p9\/#primaryimage"},"image":{"@id":"https:\/\/www.eurogate-international.com\/pl\/produkt\/swider-p7-p9\/#primaryimage"},"thumbnailUrl":"https:\/\/www.eurogate-international.com\/wp-content\/uploads\/2020\/09\/Plantenboor_eurogate.png","datePublished":"2020-09-10T12:48:33+00:00","dateModified":"2021-07-01T08:59:01+00:00","breadcrumb":{"@id":"https:\/\/www.eurogate-international.com\/pl\/produkt\/swider-p7-p9\/#breadcrumb"},"inLanguage":"pl-PL","potentialAction":[{"@type":"ReadAction","target":["https:\/\/www.eurogate-international.com\/pl\/produkt\/swider-p7-p9\/"]}]},{"@type":"ImageObject","inLanguage":"pl-PL","@id":"https:\/\/www.eurogate-international.com\/pl\/produkt\/swider-p7-p9\/#primaryimage","url":"https:\/\/www.eurogate-international.com\/wp-content\/uploads\/2020\/09\/Plantenboor_eurogate.png","contentUrl":"https:\/\/www.eurogate-international.com\/wp-content\/uploads\/2020\/09\/Plantenboor_eurogate.png","width":1500,"height":1500},{"@type":"BreadcrumbList","@id":"https:\/\/www.eurogate-international.com\/pl\/produkt\/swider-p7-p9\/#breadcrumb","itemListElement":[{"@type":"ListItem","position":1,"name":"Home","item":"https:\/\/www.eurogate-international.com\/pl\/home\/"},{"@type":"ListItem","position":2,"name":"Sklep","item":"https:\/\/www.eurogate-international.com\/pl\/sklep-2\/"},{"@type":"ListItem","position":3,"name":"\u015awider do sadzenia ro\u015blin P7 \/ P9"}]},{"@type":"WebSite","@id":"https:\/\/www.eurogate-international.com\/pl\/#website","url":"https:\/\/www.eurogate-international.com\/pl\/","name":"EuroGate International","description":"D\u00e9 onafhankelijke Europese verkooporganisatie van machines","publisher":{"@id":"https:\/\/www.eurogate-international.com\/pl\/#organization"},"potentialAction":[{"@type":"SearchAction","target":{"@type":"EntryPoint","urlTemplate":"https:\/\/www.eurogate-international.com\/pl\/?s={search_term_string}"},"query-input":{"@type":"PropertyValueSpecification","valueRequired":true,"valueName":"search_term_string"}}],"inLanguage":"pl-PL"},{"@type":"Organization","@id":"https:\/\/www.eurogate-international.com\/pl\/#organization","name":"EuroGate International","url":"https:\/\/www.eurogate-international.com\/pl\/","logo":{"@type":"ImageObject","inLanguage":"pl-PL","@id":"https:\/\/www.eurogate-international.com\/pl\/#\/schema\/logo\/image\/","url":"https:\/\/www.eurogate-international.com\/wp-content\/uploads\/2020\/06\/Logo_EuroGateInternational2.png","contentUrl":"https:\/\/www.eurogate-international.com\/wp-content\/uploads\/2020\/06\/Logo_EuroGateInternational2.png","width":150,"height":148,"caption":"EuroGate International"},"image":{"@id":"https:\/\/www.eurogate-international.com\/pl\/#\/schema\/logo\/image\/"},"sameAs":["https:\/\/www.facebook.com\/EuroGateInternational\/","https:\/\/nl.linkedin.com\/company\/eurogate-international"]}]}},"jetpack_sharing_enabled":true,"_links":{"self":[{"href":"https:\/\/www.eurogate-international.com\/pl\/wp-json\/wp\/v2\/product\/10841","targetHints":{"allow":["GET"]}}],"collection":[{"href":"https:\/\/www.eurogate-international.com\/pl\/wp-json\/wp\/v2\/product"}],"about":[{"href":"https:\/\/www.eurogate-international.com\/pl\/wp-json\/wp\/v2\/types\/product"}],"replies":[{"embeddable":true,"href":"https:\/\/www.eurogate-international.com\/pl\/wp-json\/wp\/v2\/comments?post=10841"}],"version-history":[{"count":0,"href":"https:\/\/www.eurogate-international.com\/pl\/wp-json\/wp\/v2\/product\/10841\/revisions"}],"wp:featuredmedia":[{"embeddable":true,"href":"https:\/\/www.eurogate-international.com\/pl\/wp-json\/wp\/v2\/media\/10801"}],"wp:attachment":[{"href":"https:\/\/www.eurogate-international.com\/pl\/wp-json\/wp\/v2\/media?parent=10841"}],"wp:term":[{"taxonomy":"product_cat","embeddable":true,"href":"https:\/\/www.eurogate-international.com\/pl\/wp-json\/wp\/v2\/product_cat?post=10841"},{"taxonomy":"product_tag","embeddable":true,"href":"https:\/\/www.eurogate-international.com\/pl\/wp-json\/wp\/v2\/product_tag?post=10841"}],"curies":[{"name":"wp","href":"https:\/\/api.w.org\/{rel}","templated":true}]}}