{"id":11411,"date":"2018-12-19T16:04:56","date_gmt":"2018-12-19T15:04:56","guid":{"rendered":"https:\/\/www.eurogate-international.com\/product\/swidry-serii-bt-stihl\/"},"modified":"2021-01-05T11:18:39","modified_gmt":"2021-01-05T10:18:39","slug":"swidry-serii-bt-stihl","status":"publish","type":"product","link":"https:\/\/www.eurogate-international.com\/pl\/produkt\/swidry-serii-bt-stihl\/","title":{"rendered":"\u015awidry serii BT STIHL"},"excerpt":{"rendered":"<p>Wiert\u0142a do ziemi firmy General Equipment (USA) z po\u0142\u0105czeniem wielowypustowym STIHL (jednoosobowe). (patrz zdj\u0119cie do pod\u0142\u0105czenia) Te wiert\u0142a s\u0105 mocne, maj\u0105 gruby trzon, a ko\u0144c\u00f3wki \/ ko\u0144c\u00f3wki s\u0105 \u0142atwe do wymiany<\/p>\n","protected":false},"featured_media":5861,"comment_status":"closed","ping_status":"closed","template":"","meta":{"_acf_changed":false},"product_cat":[1794,2308],"product_tag":[],"class_list":{"0":"post-11411","1":"product","2":"type-product","3":"status-publish","4":"has-post-thumbnail","6":"product_brand-general-equipment-pl","7":"product_cat-swidry","8":"product_cat-wiertnice-glebowe","10":"first","11":"instock","12":"sale","13":"taxable","14":"shipping-taxable","15":"purchasable","16":"product-type-variable"},"acf":[],"yoast_head":"<!-- This site is optimized with the Yoast SEO plugin v27.3 - https:\/\/yoast.com\/product\/yoast-seo-wordpress\/ -->\n<title>\u015awidry serii BT STIHL | EuroGate International<\/title>\n<meta name=\"robots\" content=\"index, follow, max-snippet:-1, max-image-preview:large, max-video-preview:-1\" \/>\n<link rel=\"canonical\" href=\"https:\/\/www.eurogate-international.com\/pl\/produkt\/swidry-serii-bt-stihl\/\" \/>\n<meta property=\"og:locale\" content=\"pl_PL\" \/>\n<meta property=\"og:type\" content=\"article\" \/>\n<meta property=\"og:title\" content=\"\u015awidry serii BT STIHL | EuroGate International\" \/>\n<meta property=\"og:description\" content=\"Wiert\u0142a do ziemi firmy General Equipment (USA) z po\u0142\u0105czeniem wielowypustowym STIHL (jednoosobowe). (patrz zdj\u0119cie do pod\u0142\u0105czenia) Te wiert\u0142a s\u0105 mocne, maj\u0105 gruby trzon, a ko\u0144c\u00f3wki \/ ko\u0144c\u00f3wki s\u0105 \u0142atwe do wymiany\" \/>\n<meta property=\"og:url\" content=\"https:\/\/www.eurogate-international.com\/pl\/produkt\/swidry-serii-bt-stihl\/\" \/>\n<meta property=\"og:site_name\" content=\"EuroGate International\" \/>\n<meta property=\"article:publisher\" content=\"https:\/\/www.facebook.com\/EuroGateInternational\/\" \/>\n<meta property=\"article:modified_time\" content=\"2021-01-05T10:18:39+00:00\" \/>\n<meta property=\"og:image\" content=\"https:\/\/www.eurogate-international.com\/wp-content\/uploads\/2018\/12\/BT106_8E_TB.png\" \/>\n\t<meta property=\"og:image:width\" content=\"3456\" \/>\n\t<meta property=\"og:image:height\" content=\"5184\" \/>\n\t<meta property=\"og:image:type\" content=\"image\/png\" \/>\n<meta name=\"twitter:card\" content=\"summary_large_image\" \/>\n<!-- \/ Yoast SEO plugin. -->","yoast_head_json":{"title":"\u015awidry serii BT STIHL | EuroGate International","robots":{"index":"index","follow":"follow","max-snippet":"max-snippet:-1","max-image-preview":"max-image-preview:large","max-video-preview":"max-video-preview:-1"},"canonical":"https:\/\/www.eurogate-international.com\/pl\/produkt\/swidry-serii-bt-stihl\/","og_locale":"pl_PL","og_type":"article","og_title":"\u015awidry serii BT STIHL | EuroGate International","og_description":"Wiert\u0142a do ziemi firmy General Equipment (USA) z po\u0142\u0105czeniem wielowypustowym STIHL (jednoosobowe). (patrz zdj\u0119cie do pod\u0142\u0105czenia) Te wiert\u0142a s\u0105 mocne, maj\u0105 gruby trzon, a ko\u0144c\u00f3wki \/ ko\u0144c\u00f3wki s\u0105 \u0142atwe do wymiany","og_url":"https:\/\/www.eurogate-international.com\/pl\/produkt\/swidry-serii-bt-stihl\/","og_site_name":"EuroGate International","article_publisher":"https:\/\/www.facebook.com\/EuroGateInternational\/","article_modified_time":"2021-01-05T10:18:39+00:00","og_image":[{"width":3456,"height":5184,"url":"https:\/\/www.eurogate-international.com\/wp-content\/uploads\/2018\/12\/BT106_8E_TB.png","type":"image\/png"}],"twitter_card":"summary_large_image","schema":{"@context":"https:\/\/schema.org","@graph":[{"@type":"WebPage","@id":"https:\/\/www.eurogate-international.com\/pl\/produkt\/swidry-serii-bt-stihl\/","url":"https:\/\/www.eurogate-international.com\/pl\/produkt\/swidry-serii-bt-stihl\/","name":"\u015awidry serii BT STIHL | EuroGate International","isPartOf":{"@id":"https:\/\/www.eurogate-international.com\/pl\/#website"},"primaryImageOfPage":{"@id":"https:\/\/www.eurogate-international.com\/pl\/produkt\/swidry-serii-bt-stihl\/#primaryimage"},"image":{"@id":"https:\/\/www.eurogate-international.com\/pl\/produkt\/swidry-serii-bt-stihl\/#primaryimage"},"thumbnailUrl":"https:\/\/www.eurogate-international.com\/wp-content\/uploads\/2018\/12\/BT106_8E_TB.png","datePublished":"2018-12-19T15:04:56+00:00","dateModified":"2021-01-05T10:18:39+00:00","breadcrumb":{"@id":"https:\/\/www.eurogate-international.com\/pl\/produkt\/swidry-serii-bt-stihl\/#breadcrumb"},"inLanguage":"pl-PL","potentialAction":[{"@type":"ReadAction","target":["https:\/\/www.eurogate-international.com\/pl\/produkt\/swidry-serii-bt-stihl\/"]}]},{"@type":"ImageObject","inLanguage":"pl-PL","@id":"https:\/\/www.eurogate-international.com\/pl\/produkt\/swidry-serii-bt-stihl\/#primaryimage","url":"https:\/\/www.eurogate-international.com\/wp-content\/uploads\/2018\/12\/BT106_8E_TB.png","contentUrl":"https:\/\/www.eurogate-international.com\/wp-content\/uploads\/2018\/12\/BT106_8E_TB.png","width":3456,"height":5184},{"@type":"BreadcrumbList","@id":"https:\/\/www.eurogate-international.com\/pl\/produkt\/swidry-serii-bt-stihl\/#breadcrumb","itemListElement":[{"@type":"ListItem","position":1,"name":"Home","item":"https:\/\/www.eurogate-international.com\/pl\/home\/"},{"@type":"ListItem","position":2,"name":"Sklep","item":"https:\/\/www.eurogate-international.com\/pl\/sklep-2\/"},{"@type":"ListItem","position":3,"name":"\u015awidry serii BT STIHL"}]},{"@type":"WebSite","@id":"https:\/\/www.eurogate-international.com\/pl\/#website","url":"https:\/\/www.eurogate-international.com\/pl\/","name":"EuroGate International","description":"D\u00e9 onafhankelijke Europese verkooporganisatie van machines","publisher":{"@id":"https:\/\/www.eurogate-international.com\/pl\/#organization"},"potentialAction":[{"@type":"SearchAction","target":{"@type":"EntryPoint","urlTemplate":"https:\/\/www.eurogate-international.com\/pl\/?s={search_term_string}"},"query-input":{"@type":"PropertyValueSpecification","valueRequired":true,"valueName":"search_term_string"}}],"inLanguage":"pl-PL"},{"@type":"Organization","@id":"https:\/\/www.eurogate-international.com\/pl\/#organization","name":"EuroGate International","url":"https:\/\/www.eurogate-international.com\/pl\/","logo":{"@type":"ImageObject","inLanguage":"pl-PL","@id":"https:\/\/www.eurogate-international.com\/pl\/#\/schema\/logo\/image\/","url":"https:\/\/www.eurogate-international.com\/wp-content\/uploads\/2020\/06\/Logo_EuroGateInternational2.png","contentUrl":"https:\/\/www.eurogate-international.com\/wp-content\/uploads\/2020\/06\/Logo_EuroGateInternational2.png","width":150,"height":148,"caption":"EuroGate International"},"image":{"@id":"https:\/\/www.eurogate-international.com\/pl\/#\/schema\/logo\/image\/"},"sameAs":["https:\/\/www.facebook.com\/EuroGateInternational\/","https:\/\/nl.linkedin.com\/company\/eurogate-international"]}]}},"jetpack_sharing_enabled":true,"_links":{"self":[{"href":"https:\/\/www.eurogate-international.com\/pl\/wp-json\/wp\/v2\/product\/11411","targetHints":{"allow":["GET"]}}],"collection":[{"href":"https:\/\/www.eurogate-international.com\/pl\/wp-json\/wp\/v2\/product"}],"about":[{"href":"https:\/\/www.eurogate-international.com\/pl\/wp-json\/wp\/v2\/types\/product"}],"replies":[{"embeddable":true,"href":"https:\/\/www.eurogate-international.com\/pl\/wp-json\/wp\/v2\/comments?post=11411"}],"version-history":[{"count":0,"href":"https:\/\/www.eurogate-international.com\/pl\/wp-json\/wp\/v2\/product\/11411\/revisions"}],"wp:featuredmedia":[{"embeddable":true,"href":"https:\/\/www.eurogate-international.com\/pl\/wp-json\/wp\/v2\/media\/5861"}],"wp:attachment":[{"href":"https:\/\/www.eurogate-international.com\/pl\/wp-json\/wp\/v2\/media?parent=11411"}],"wp:term":[{"taxonomy":"product_cat","embeddable":true,"href":"https:\/\/www.eurogate-international.com\/pl\/wp-json\/wp\/v2\/product_cat?post=11411"},{"taxonomy":"product_tag","embeddable":true,"href":"https:\/\/www.eurogate-international.com\/pl\/wp-json\/wp\/v2\/product_tag?post=11411"}],"curies":[{"name":"wp","href":"https:\/\/api.w.org\/{rel}","templated":true}]}}