{"id":17104,"date":"2023-01-15T20:25:07","date_gmt":"2023-01-15T19:25:11","guid":{"rendered":"https:\/\/www.eurogate-international.com\/?post_type=product&#038;p=17104"},"modified":"2024-03-29T16:14:04","modified_gmt":"2024-03-29T15:14:04","slug":"serii-4400-kopie","status":"publish","type":"product","link":"https:\/\/www.eurogate-international.com\/pl\/product\/serii-4400-kopie\/","title":{"rendered":"Serii 4400"},"excerpt":{"rendered":"<p>\u015awidry serii 4400 zosta\u0142y zaprojektowane do u\u017cytku z wiertnicami serii M330H i M660H oraz mog\u0105 by\u0107 wykorzystywane z wiertnic\u0105 hydrauliczn\u0105 AY01H. R\u00f3\u017cne konfiguracje g\u0142owicy wiertniczej typu pengo zapewniaj\u0105 doskona\u0142e parametry eksploatacyjne dla niewielkich wiertnic r\u0119cznych stosowanych do wykonywania odwiert\u00f3w w glebach twardych takich jak piaskowce, sp\u0119kane wapienie, rodzima saletra chilijska oraz zag\u0119szczone gliny i rumosz.<\/p>\n","protected":false},"featured_media":1901,"comment_status":"closed","ping_status":"closed","template":"","meta":{"_acf_changed":false},"product_cat":[1794,2308],"product_tag":[],"class_list":{"0":"post-17104","1":"product","2":"type-product","3":"status-publish","4":"has-post-thumbnail","6":"product_brand-general-equipment-pl","7":"product_cat-swidry","8":"product_cat-wiertnice-glebowe","10":"first","11":"instock","12":"taxable","13":"shipping-taxable","14":"purchasable","15":"product-type-variable"},"acf":[],"yoast_head":"<!-- This site is optimized with the Yoast SEO plugin v27.4 - https:\/\/yoast.com\/product\/yoast-seo-wordpress\/ -->\n<title>Serii 4400 | EuroGate International<\/title>\n<meta name=\"robots\" content=\"index, follow, max-snippet:-1, max-image-preview:large, max-video-preview:-1\" \/>\n<link rel=\"canonical\" href=\"https:\/\/www.eurogate-international.com\/pl\/product\/serii-4400-kopie\/\" \/>\n<meta property=\"og:locale\" content=\"pl_PL\" \/>\n<meta property=\"og:type\" content=\"article\" \/>\n<meta property=\"og:title\" content=\"Serii 4400 | EuroGate International\" \/>\n<meta property=\"og:description\" content=\"\u015awidry serii 4400 zosta\u0142y zaprojektowane do u\u017cytku z wiertnicami serii M330H i M660H oraz mog\u0105 by\u0107 wykorzystywane z wiertnic\u0105 hydrauliczn\u0105 AY01H. R\u00f3\u017cne konfiguracje g\u0142owicy wiertniczej typu pengo zapewniaj\u0105 doskona\u0142e parametry eksploatacyjne dla niewielkich wiertnic r\u0119cznych stosowanych do wykonywania odwiert\u00f3w w glebach twardych takich jak piaskowce, sp\u0119kane wapienie, rodzima saletra chilijska oraz zag\u0119szczone gliny i rumosz.\" \/>\n<meta property=\"og:url\" content=\"https:\/\/www.eurogate-international.com\/pl\/product\/serii-4400-kopie\/\" \/>\n<meta property=\"og:site_name\" content=\"EuroGate International\" \/>\n<meta property=\"article:publisher\" content=\"https:\/\/www.facebook.com\/EuroGateInternational\/\" \/>\n<meta property=\"article:modified_time\" content=\"2024-03-29T15:14:04+00:00\" \/>\n<meta property=\"og:image\" content=\"https:\/\/www.eurogate-international.com\/wp-content\/uploads\/2018\/10\/4400-serie-boor.png\" \/>\n\t<meta property=\"og:image:width\" content=\"3456\" \/>\n\t<meta property=\"og:image:height\" content=\"5184\" \/>\n\t<meta property=\"og:image:type\" content=\"image\/png\" \/>\n<meta name=\"twitter:card\" content=\"summary_large_image\" \/>\n<meta name=\"twitter:label1\" content=\"Szacowany czas czytania\" \/>\n\t<meta name=\"twitter:data1\" content=\"1 minuta\" \/>\n<!-- \/ Yoast SEO plugin. -->","yoast_head_json":{"title":"Serii 4400 | EuroGate International","robots":{"index":"index","follow":"follow","max-snippet":"max-snippet:-1","max-image-preview":"max-image-preview:large","max-video-preview":"max-video-preview:-1"},"canonical":"https:\/\/www.eurogate-international.com\/pl\/product\/serii-4400-kopie\/","og_locale":"pl_PL","og_type":"article","og_title":"Serii 4400 | EuroGate International","og_description":"\u015awidry serii 4400 zosta\u0142y zaprojektowane do u\u017cytku z wiertnicami serii M330H i M660H oraz mog\u0105 by\u0107 wykorzystywane z wiertnic\u0105 hydrauliczn\u0105 AY01H. R\u00f3\u017cne konfiguracje g\u0142owicy wiertniczej typu pengo zapewniaj\u0105 doskona\u0142e parametry eksploatacyjne dla niewielkich wiertnic r\u0119cznych stosowanych do wykonywania odwiert\u00f3w w glebach twardych takich jak piaskowce, sp\u0119kane wapienie, rodzima saletra chilijska oraz zag\u0119szczone gliny i rumosz.","og_url":"https:\/\/www.eurogate-international.com\/pl\/product\/serii-4400-kopie\/","og_site_name":"EuroGate International","article_publisher":"https:\/\/www.facebook.com\/EuroGateInternational\/","article_modified_time":"2024-03-29T15:14:04+00:00","og_image":[{"width":3456,"height":5184,"url":"https:\/\/www.eurogate-international.com\/wp-content\/uploads\/2018\/10\/4400-serie-boor.png","type":"image\/png"}],"twitter_card":"summary_large_image","twitter_misc":{"Szacowany czas czytania":"1 minuta"},"schema":{"@context":"https:\/\/schema.org","@graph":[{"@type":"WebPage","@id":"https:\/\/www.eurogate-international.com\/pl\/product\/serii-4400-kopie\/","url":"https:\/\/www.eurogate-international.com\/pl\/product\/serii-4400-kopie\/","name":"Serii 4400 | EuroGate International","isPartOf":{"@id":"https:\/\/www.eurogate-international.com\/pl\/#website"},"primaryImageOfPage":{"@id":"https:\/\/www.eurogate-international.com\/pl\/product\/serii-4400-kopie\/#primaryimage"},"image":{"@id":"https:\/\/www.eurogate-international.com\/pl\/product\/serii-4400-kopie\/#primaryimage"},"thumbnailUrl":"https:\/\/www.eurogate-international.com\/wp-content\/uploads\/2018\/10\/4400-serie-boor.png","datePublished":"2023-01-15T19:25:11+00:00","dateModified":"2024-03-29T15:14:04+00:00","breadcrumb":{"@id":"https:\/\/www.eurogate-international.com\/pl\/product\/serii-4400-kopie\/#breadcrumb"},"inLanguage":"pl-PL","potentialAction":[{"@type":"ReadAction","target":["https:\/\/www.eurogate-international.com\/pl\/product\/serii-4400-kopie\/"]}]},{"@type":"ImageObject","inLanguage":"pl-PL","@id":"https:\/\/www.eurogate-international.com\/pl\/product\/serii-4400-kopie\/#primaryimage","url":"https:\/\/www.eurogate-international.com\/wp-content\/uploads\/2018\/10\/4400-serie-boor.png","contentUrl":"https:\/\/www.eurogate-international.com\/wp-content\/uploads\/2018\/10\/4400-serie-boor.png","width":3456,"height":5184},{"@type":"BreadcrumbList","@id":"https:\/\/www.eurogate-international.com\/pl\/product\/serii-4400-kopie\/#breadcrumb","itemListElement":[{"@type":"ListItem","position":1,"name":"Home","item":"https:\/\/www.eurogate-international.com\/pl\/home\/"},{"@type":"ListItem","position":2,"name":"Sklep","item":"https:\/\/www.eurogate-international.com\/pl\/sklep-2\/"},{"@type":"ListItem","position":3,"name":"Serii 4400"}]},{"@type":"WebSite","@id":"https:\/\/www.eurogate-international.com\/pl\/#website","url":"https:\/\/www.eurogate-international.com\/pl\/","name":"EuroGate International","description":"D\u00e9 onafhankelijke Europese verkooporganisatie van machines","publisher":{"@id":"https:\/\/www.eurogate-international.com\/pl\/#organization"},"potentialAction":[{"@type":"SearchAction","target":{"@type":"EntryPoint","urlTemplate":"https:\/\/www.eurogate-international.com\/pl\/?s={search_term_string}"},"query-input":{"@type":"PropertyValueSpecification","valueRequired":true,"valueName":"search_term_string"}}],"inLanguage":"pl-PL"},{"@type":"Organization","@id":"https:\/\/www.eurogate-international.com\/pl\/#organization","name":"EuroGate International","url":"https:\/\/www.eurogate-international.com\/pl\/","logo":{"@type":"ImageObject","inLanguage":"pl-PL","@id":"https:\/\/www.eurogate-international.com\/pl\/#\/schema\/logo\/image\/","url":"https:\/\/www.eurogate-international.com\/wp-content\/uploads\/2020\/06\/Logo_EuroGateInternational2.png","contentUrl":"https:\/\/www.eurogate-international.com\/wp-content\/uploads\/2020\/06\/Logo_EuroGateInternational2.png","width":150,"height":148,"caption":"EuroGate International"},"image":{"@id":"https:\/\/www.eurogate-international.com\/pl\/#\/schema\/logo\/image\/"},"sameAs":["https:\/\/www.facebook.com\/EuroGateInternational\/","https:\/\/nl.linkedin.com\/company\/eurogate-international"]}]}},"jetpack_sharing_enabled":true,"_links":{"self":[{"href":"https:\/\/www.eurogate-international.com\/pl\/wp-json\/wp\/v2\/product\/17104","targetHints":{"allow":["GET"]}}],"collection":[{"href":"https:\/\/www.eurogate-international.com\/pl\/wp-json\/wp\/v2\/product"}],"about":[{"href":"https:\/\/www.eurogate-international.com\/pl\/wp-json\/wp\/v2\/types\/product"}],"replies":[{"embeddable":true,"href":"https:\/\/www.eurogate-international.com\/pl\/wp-json\/wp\/v2\/comments?post=17104"}],"version-history":[{"count":0,"href":"https:\/\/www.eurogate-international.com\/pl\/wp-json\/wp\/v2\/product\/17104\/revisions"}],"wp:featuredmedia":[{"embeddable":true,"href":"https:\/\/www.eurogate-international.com\/pl\/wp-json\/wp\/v2\/media\/1901"}],"wp:attachment":[{"href":"https:\/\/www.eurogate-international.com\/pl\/wp-json\/wp\/v2\/media?parent=17104"}],"wp:term":[{"taxonomy":"product_cat","embeddable":true,"href":"https:\/\/www.eurogate-international.com\/pl\/wp-json\/wp\/v2\/product_cat?post=17104"},{"taxonomy":"product_tag","embeddable":true,"href":"https:\/\/www.eurogate-international.com\/pl\/wp-json\/wp\/v2\/product_tag?post=17104"}],"curies":[{"name":"wp","href":"https:\/\/api.w.org\/{rel}","templated":true}]}}