{"id":22510,"date":"2022-05-20T14:26:21","date_gmt":"2022-05-20T13:26:21","guid":{"rendered":"https:\/\/www.eurogate-international.com\/product\/uchwyt-wiertarki-akumulatorowej-rj110-do-wiertarki-ziemnej\/"},"modified":"2024-06-03T14:49:54","modified_gmt":"2024-06-03T13:49:54","slug":"uchwyt-wiertarki-akumulatorowej-rj110-do-wiertarki-ziemnej","status":"publish","type":"product","link":"https:\/\/www.eurogate-international.com\/pl\/product\/uchwyt-wiertarki-akumulatorowej-rj110-do-wiertarki-ziemnej\/","title":{"rendered":"Uchwyt wiertarki akumulatorowej RJ110 do wiertarki ziemnej"},"excerpt":{"rendered":"<h2>Wierci\u0107 otwory \u015bwidrem elektrycznym?<\/h2>\n<p>Ale czy uwa\u017casz, \u017ce inwestycja w elektryczn\u0105 wiertark\u0119 ziemn\u0105 jest za du\u017ca? W takim razie wybierz ciche, czyste i wierc\u0105ce w mgnieniu oka w odpowiedniej cenie. Dzi\u0119ki innowacyjnemu gniazdu RJ110 firmy EGI mo\u017cesz przekszta\u0142ci\u0107 swoj\u0105 akumulatorow\u0105 wiertark\u0119 w pe\u0142noprawn\u0105 akumulatorow\u0105 wiertark\u0119 do rob\u00f3t ziemnych.<\/p>\n<p>Za pomoc\u0105 tej wiertarki ziemnej z \u0142atwo\u015bci\u0105 wywiercisz w ziemi otwory o \u015brednicy do \u00f8 150 mm, nawet w glebie gliniastej (w zale\u017cno\u015bci od mocy w\u0142asnej wiertarki akumulatorowej). Co wi\u0119cej, dzi\u0119ki zastosowaniu tej maszyny bezprzewodowej, RJ110 pracuje cicho, wierci cicho dzi\u0119ki mocnej transmisji 1:5 i nie emituje \u017cadnych spalin. W skr\u00f3cie; idealne wiert\u0142o, je\u015bli od czasu do czasu trzeba wywierci\u0107 otw\u00f3r!<\/p>\n<p>Nasza seria wierte\u0142 CQ303 pasuje do wa\u0142u wyj\u015bciowego o \u015brednicy 20 mm, dzi\u0119ki czemu masz szeroki wyb\u00f3r wierte\u0142 o \u015brednicy od \u00f8 60 do 150 mm. Maszyna, kt\u00f3r\u0105 zalecamy do nap\u0119dzania uchwytu \u015bwidra, to wiertarka akumulatorowa Hikoki, ale wystarczy jakakolwiek wiertarka akumulatorowa od 18 V z uchwytem 3\/8&#8243;.<\/p>\n<p>I tak, wreszcie \u015bwider ziemny, kt\u00f3ry mo\u017ce obr\u00f3ci\u0107 \u015bwider z powrotem nad ziemi\u0119. Bezprzewodowa wiertarka ziemna mo\u017ce by\u0107 u\u017cywana do r\u00f3\u017cnych zastosowa\u0144. Jest mile widzianym pomocnikiem przy sadzeniu ro\u015blin i krzew\u00f3w. Ale na pewno tak\u017ce do postawienia kilku s\u0142upk\u00f3w na p\u0142ocie lub do wykonania np. otwor\u00f3w pod fundamenty. Nigdy wi\u0119cej problem\u00f3w z dmuchaj\u0105cymi w twarz spalinami czy d\u017awi\u0119kiem rycz\u0105cego silnika benzynowego.<\/p>\n<p>Przetestowali\u015bmy dla Ciebie RJ110 obok elektrycznej wiertarki ziemnej Makita.<br \/>\nZobacz, jak uchwyt wiertarki akumulatorowej EGI radzi sobie ze \u015bwidrem ziemnym Makita.<\/p>\n<p><iframe title=\"YouTube video player\" data-src=\"https:\/\/www.youtube.com\/embed\/04sso5RBNFs\" width=\"560\" height=\"315\" frameborder=\"0\" allowfullscreen=\"allowfullscreen\" src=\"data:image\/gif;base64,R0lGODlhAQABAAAAACH5BAEKAAEALAAAAAABAAEAAAICTAEAOw==\" class=\"lazyload\" data-load-mode=\"1\"><\/iframe><\/p>\n<p><strong><em>Uchwyt do wiertarki akumulatorowej RJ110 jest standardowo dostarczany bez wiertarki akumulatorowej i \u015bwidra ziemnego.<\/em><\/strong><\/p>\n<p>&nbsp;<\/p>\n","protected":false},"featured_media":16425,"comment_status":"closed","ping_status":"closed","template":"","meta":{"_acf_changed":false},"product_cat":[3728,82,3729,3730,2308],"product_tag":[],"class_list":{"0":"post-22510","1":"product","2":"type-product","3":"status-publish","4":"has-post-thumbnail","6":"product_brand-egi-pl","7":"product_cat-kupowac-wiertnice-do-gleby","8":"product_cat-wiertnice-glebowe-maszyn","9":"product_cat-przystawka-do-wiercenia","10":"product_cat-wiertnice-egi","11":"product_cat-wiertnice-glebowe","13":"first","14":"instock","15":"taxable","16":"shipping-taxable","17":"purchasable","18":"product-type-simple"},"acf":[],"yoast_head":"<!-- This site is optimized with the Yoast SEO plugin v27.4 - https:\/\/yoast.com\/product\/yoast-seo-wordpress\/ -->\n<title>Uchwyt wiertarki akumulatorowej RJ110 do wiertarki ziemnej | EuroGate International<\/title>\n<meta name=\"robots\" content=\"index, follow, max-snippet:-1, max-image-preview:large, max-video-preview:-1\" \/>\n<link rel=\"canonical\" href=\"https:\/\/www.eurogate-international.com\/pl\/product\/uchwyt-wiertarki-akumulatorowej-rj110-do-wiertarki-ziemnej\/\" \/>\n<meta property=\"og:locale\" content=\"pl_PL\" \/>\n<meta property=\"og:type\" content=\"article\" \/>\n<meta property=\"og:title\" content=\"Uchwyt wiertarki akumulatorowej RJ110 do wiertarki ziemnej | EuroGate International\" \/>\n<meta property=\"og:description\" content=\"Wierci\u0107 otwory \u015bwidrem elektrycznym? Ale czy uwa\u017casz, \u017ce inwestycja w elektryczn\u0105 wiertark\u0119 ziemn\u0105 jest za du\u017ca? W takim razie wybierz ciche, czyste i wierc\u0105ce w mgnieniu oka w odpowiedniej cenie. Dzi\u0119ki innowacyjnemu gniazdu RJ110 firmy EGI mo\u017cesz przekszta\u0142ci\u0107 swoj\u0105 akumulatorow\u0105 wiertark\u0119 w pe\u0142noprawn\u0105 akumulatorow\u0105 wiertark\u0119 do rob\u00f3t ziemnych.  Za pomoc\u0105 tej wiertarki ziemnej z \u0142atwo\u015bci\u0105 wywiercisz w ziemi otwory o \u015brednicy do \u00f8 150 mm, nawet w glebie gliniastej (w zale\u017cno\u015bci od mocy w\u0142asnej wiertarki akumulatorowej). Co wi\u0119cej, dzi\u0119ki zastosowaniu tej maszyny bezprzewodowej, RJ110 pracuje cicho, wierci cicho dzi\u0119ki mocnej transmisji 1:5 i nie emituje \u017cadnych spalin. W skr\u00f3cie; idealne wiert\u0142o, je\u015bli od czasu do czasu trzeba wywierci\u0107 otw\u00f3r!  Nasza seria wierte\u0142 CQ303 pasuje do wa\u0142u wyj\u015bciowego o \u015brednicy 20 mm, dzi\u0119ki czemu masz szeroki wyb\u00f3r wierte\u0142 o \u015brednicy od \u00f8 60 do 150 mm. Maszyna, kt\u00f3r\u0105 zalecamy do nap\u0119dzania uchwytu \u015bwidra, to wiertarka akumulatorowa Hikoki, ale wystarczy jakakolwiek wiertarka akumulatorowa od 18 V z uchwytem 3\/8&quot;.  I tak, wreszcie \u015bwider ziemny, kt\u00f3ry mo\u017ce obr\u00f3ci\u0107 \u015bwider z powrotem nad ziemi\u0119. Bezprzewodowa wiertarka ziemna mo\u017ce by\u0107 u\u017cywana do r\u00f3\u017cnych zastosowa\u0144. Jest mile widzianym pomocnikiem przy sadzeniu ro\u015blin i krzew\u00f3w. Ale na pewno tak\u017ce do postawienia kilku s\u0142upk\u00f3w na p\u0142ocie lub do wykonania np. otwor\u00f3w pod fundamenty. Nigdy wi\u0119cej problem\u00f3w z dmuchaj\u0105cymi w twarz spalinami czy d\u017awi\u0119kiem rycz\u0105cego silnika benzynowego.  Przetestowali\u015bmy dla Ciebie RJ110 obok elektrycznej wiertarki ziemnej Makita. Zobacz, jak uchwyt wiertarki akumulatorowej EGI radzi sobie ze \u015bwidrem ziemnym Makita.    Uchwyt do wiertarki akumulatorowej RJ110 jest standardowo dostarczany bez wiertarki akumulatorowej i \u015bwidra ziemnego.  &nbsp;\" \/>\n<meta property=\"og:url\" content=\"https:\/\/www.eurogate-international.com\/pl\/product\/uchwyt-wiertarki-akumulatorowej-rj110-do-wiertarki-ziemnej\/\" \/>\n<meta property=\"og:site_name\" content=\"EuroGate International\" \/>\n<meta property=\"article:publisher\" content=\"https:\/\/www.facebook.com\/EuroGateInternational\/\" \/>\n<meta property=\"article:modified_time\" content=\"2024-06-03T13:49:54+00:00\" \/>\n<meta property=\"og:image\" content=\"https:\/\/www.eurogate-international.com\/wp-content\/uploads\/2022\/05\/RJ110_vrijstaand.png\" \/>\n\t<meta property=\"og:image:width\" content=\"1400\" \/>\n\t<meta property=\"og:image:height\" content=\"1269\" \/>\n\t<meta property=\"og:image:type\" content=\"image\/png\" \/>\n<meta name=\"twitter:card\" content=\"summary_large_image\" \/>\n<meta name=\"twitter:label1\" content=\"Szacowany czas czytania\" \/>\n\t<meta name=\"twitter:data1\" content=\"2 minuty\" \/>\n<!-- \/ Yoast SEO plugin. -->","yoast_head_json":{"title":"Uchwyt wiertarki akumulatorowej RJ110 do wiertarki ziemnej | EuroGate International","robots":{"index":"index","follow":"follow","max-snippet":"max-snippet:-1","max-image-preview":"max-image-preview:large","max-video-preview":"max-video-preview:-1"},"canonical":"https:\/\/www.eurogate-international.com\/pl\/product\/uchwyt-wiertarki-akumulatorowej-rj110-do-wiertarki-ziemnej\/","og_locale":"pl_PL","og_type":"article","og_title":"Uchwyt wiertarki akumulatorowej RJ110 do wiertarki ziemnej | EuroGate International","og_description":"Wierci\u0107 otwory \u015bwidrem elektrycznym? Ale czy uwa\u017casz, \u017ce inwestycja w elektryczn\u0105 wiertark\u0119 ziemn\u0105 jest za du\u017ca? W takim razie wybierz ciche, czyste i wierc\u0105ce w mgnieniu oka w odpowiedniej cenie. Dzi\u0119ki innowacyjnemu gniazdu RJ110 firmy EGI mo\u017cesz przekszta\u0142ci\u0107 swoj\u0105 akumulatorow\u0105 wiertark\u0119 w pe\u0142noprawn\u0105 akumulatorow\u0105 wiertark\u0119 do rob\u00f3t ziemnych.  Za pomoc\u0105 tej wiertarki ziemnej z \u0142atwo\u015bci\u0105 wywiercisz w ziemi otwory o \u015brednicy do \u00f8 150 mm, nawet w glebie gliniastej (w zale\u017cno\u015bci od mocy w\u0142asnej wiertarki akumulatorowej). Co wi\u0119cej, dzi\u0119ki zastosowaniu tej maszyny bezprzewodowej, RJ110 pracuje cicho, wierci cicho dzi\u0119ki mocnej transmisji 1:5 i nie emituje \u017cadnych spalin. W skr\u00f3cie; idealne wiert\u0142o, je\u015bli od czasu do czasu trzeba wywierci\u0107 otw\u00f3r!  Nasza seria wierte\u0142 CQ303 pasuje do wa\u0142u wyj\u015bciowego o \u015brednicy 20 mm, dzi\u0119ki czemu masz szeroki wyb\u00f3r wierte\u0142 o \u015brednicy od \u00f8 60 do 150 mm. Maszyna, kt\u00f3r\u0105 zalecamy do nap\u0119dzania uchwytu \u015bwidra, to wiertarka akumulatorowa Hikoki, ale wystarczy jakakolwiek wiertarka akumulatorowa od 18 V z uchwytem 3\/8\".  I tak, wreszcie \u015bwider ziemny, kt\u00f3ry mo\u017ce obr\u00f3ci\u0107 \u015bwider z powrotem nad ziemi\u0119. Bezprzewodowa wiertarka ziemna mo\u017ce by\u0107 u\u017cywana do r\u00f3\u017cnych zastosowa\u0144. Jest mile widzianym pomocnikiem przy sadzeniu ro\u015blin i krzew\u00f3w. Ale na pewno tak\u017ce do postawienia kilku s\u0142upk\u00f3w na p\u0142ocie lub do wykonania np. otwor\u00f3w pod fundamenty. Nigdy wi\u0119cej problem\u00f3w z dmuchaj\u0105cymi w twarz spalinami czy d\u017awi\u0119kiem rycz\u0105cego silnika benzynowego.  Przetestowali\u015bmy dla Ciebie RJ110 obok elektrycznej wiertarki ziemnej Makita. Zobacz, jak uchwyt wiertarki akumulatorowej EGI radzi sobie ze \u015bwidrem ziemnym Makita.    Uchwyt do wiertarki akumulatorowej RJ110 jest standardowo dostarczany bez wiertarki akumulatorowej i \u015bwidra ziemnego.  &nbsp;","og_url":"https:\/\/www.eurogate-international.com\/pl\/product\/uchwyt-wiertarki-akumulatorowej-rj110-do-wiertarki-ziemnej\/","og_site_name":"EuroGate International","article_publisher":"https:\/\/www.facebook.com\/EuroGateInternational\/","article_modified_time":"2024-06-03T13:49:54+00:00","og_image":[{"width":1400,"height":1269,"url":"https:\/\/www.eurogate-international.com\/wp-content\/uploads\/2022\/05\/RJ110_vrijstaand.png","type":"image\/png"}],"twitter_card":"summary_large_image","twitter_misc":{"Szacowany czas czytania":"2 minuty"},"schema":{"@context":"https:\/\/schema.org","@graph":[{"@type":"WebPage","@id":"https:\/\/www.eurogate-international.com\/pl\/product\/uchwyt-wiertarki-akumulatorowej-rj110-do-wiertarki-ziemnej\/","url":"https:\/\/www.eurogate-international.com\/pl\/product\/uchwyt-wiertarki-akumulatorowej-rj110-do-wiertarki-ziemnej\/","name":"Uchwyt wiertarki akumulatorowej RJ110 do wiertarki ziemnej | EuroGate International","isPartOf":{"@id":"https:\/\/www.eurogate-international.com\/pl\/#website"},"primaryImageOfPage":{"@id":"https:\/\/www.eurogate-international.com\/pl\/product\/uchwyt-wiertarki-akumulatorowej-rj110-do-wiertarki-ziemnej\/#primaryimage"},"image":{"@id":"https:\/\/www.eurogate-international.com\/pl\/product\/uchwyt-wiertarki-akumulatorowej-rj110-do-wiertarki-ziemnej\/#primaryimage"},"thumbnailUrl":"https:\/\/www.eurogate-international.com\/wp-content\/uploads\/2022\/05\/RJ110_vrijstaand.png","datePublished":"2022-05-20T13:26:21+00:00","dateModified":"2024-06-03T13:49:54+00:00","breadcrumb":{"@id":"https:\/\/www.eurogate-international.com\/pl\/product\/uchwyt-wiertarki-akumulatorowej-rj110-do-wiertarki-ziemnej\/#breadcrumb"},"inLanguage":"pl-PL","potentialAction":[{"@type":"ReadAction","target":["https:\/\/www.eurogate-international.com\/pl\/product\/uchwyt-wiertarki-akumulatorowej-rj110-do-wiertarki-ziemnej\/"]}]},{"@type":"ImageObject","inLanguage":"pl-PL","@id":"https:\/\/www.eurogate-international.com\/pl\/product\/uchwyt-wiertarki-akumulatorowej-rj110-do-wiertarki-ziemnej\/#primaryimage","url":"https:\/\/www.eurogate-international.com\/wp-content\/uploads\/2022\/05\/RJ110_vrijstaand.png","contentUrl":"https:\/\/www.eurogate-international.com\/wp-content\/uploads\/2022\/05\/RJ110_vrijstaand.png","width":1400,"height":1269},{"@type":"BreadcrumbList","@id":"https:\/\/www.eurogate-international.com\/pl\/product\/uchwyt-wiertarki-akumulatorowej-rj110-do-wiertarki-ziemnej\/#breadcrumb","itemListElement":[{"@type":"ListItem","position":1,"name":"Home","item":"https:\/\/www.eurogate-international.com\/pl\/home\/"},{"@type":"ListItem","position":2,"name":"Sklep","item":"https:\/\/www.eurogate-international.com\/pl\/sklep-2\/"},{"@type":"ListItem","position":3,"name":"Uchwyt wiertarki akumulatorowej RJ110 do wiertarki ziemnej"}]},{"@type":"WebSite","@id":"https:\/\/www.eurogate-international.com\/pl\/#website","url":"https:\/\/www.eurogate-international.com\/pl\/","name":"EuroGate International","description":"D\u00e9 onafhankelijke Europese verkooporganisatie van machines","publisher":{"@id":"https:\/\/www.eurogate-international.com\/pl\/#organization"},"potentialAction":[{"@type":"SearchAction","target":{"@type":"EntryPoint","urlTemplate":"https:\/\/www.eurogate-international.com\/pl\/?s={search_term_string}"},"query-input":{"@type":"PropertyValueSpecification","valueRequired":true,"valueName":"search_term_string"}}],"inLanguage":"pl-PL"},{"@type":"Organization","@id":"https:\/\/www.eurogate-international.com\/pl\/#organization","name":"EuroGate International","url":"https:\/\/www.eurogate-international.com\/pl\/","logo":{"@type":"ImageObject","inLanguage":"pl-PL","@id":"https:\/\/www.eurogate-international.com\/pl\/#\/schema\/logo\/image\/","url":"https:\/\/www.eurogate-international.com\/wp-content\/uploads\/2020\/06\/Logo_EuroGateInternational2.png","contentUrl":"https:\/\/www.eurogate-international.com\/wp-content\/uploads\/2020\/06\/Logo_EuroGateInternational2.png","width":150,"height":148,"caption":"EuroGate International"},"image":{"@id":"https:\/\/www.eurogate-international.com\/pl\/#\/schema\/logo\/image\/"},"sameAs":["https:\/\/www.facebook.com\/EuroGateInternational\/","https:\/\/nl.linkedin.com\/company\/eurogate-international"]}]}},"jetpack_sharing_enabled":true,"_links":{"self":[{"href":"https:\/\/www.eurogate-international.com\/pl\/wp-json\/wp\/v2\/product\/22510","targetHints":{"allow":["GET"]}}],"collection":[{"href":"https:\/\/www.eurogate-international.com\/pl\/wp-json\/wp\/v2\/product"}],"about":[{"href":"https:\/\/www.eurogate-international.com\/pl\/wp-json\/wp\/v2\/types\/product"}],"replies":[{"embeddable":true,"href":"https:\/\/www.eurogate-international.com\/pl\/wp-json\/wp\/v2\/comments?post=22510"}],"version-history":[{"count":0,"href":"https:\/\/www.eurogate-international.com\/pl\/wp-json\/wp\/v2\/product\/22510\/revisions"}],"wp:featuredmedia":[{"embeddable":true,"href":"https:\/\/www.eurogate-international.com\/pl\/wp-json\/wp\/v2\/media\/16425"}],"wp:attachment":[{"href":"https:\/\/www.eurogate-international.com\/pl\/wp-json\/wp\/v2\/media?parent=22510"}],"wp:term":[{"taxonomy":"product_cat","embeddable":true,"href":"https:\/\/www.eurogate-international.com\/pl\/wp-json\/wp\/v2\/product_cat?post=22510"},{"taxonomy":"product_tag","embeddable":true,"href":"https:\/\/www.eurogate-international.com\/pl\/wp-json\/wp\/v2\/product_tag?post=22510"}],"curies":[{"name":"wp","href":"https:\/\/api.w.org\/{rel}","templated":true}]}}