{"id":7736,"date":"2018-11-23T09:48:02","date_gmt":"2018-11-23T08:48:02","guid":{"rendered":"https:\/\/www.eurogate-international.com\/product\/adapters-pd-55\/"},"modified":"2021-03-02T15:57:43","modified_gmt":"2021-03-02T14:57:43","slug":"adaptery-pd-55","status":"publish","type":"product","link":"https:\/\/www.eurogate-international.com\/pl\/produkt\/adaptery-pd-55\/","title":{"rendered":"Adaptery PD-55"},"excerpt":{"rendered":"<p>Standardowo PD-55 ma okr\u0105g\u0142y adapter 98,4 mm. Opcjonalnie mo\u017cna zam\u00f3wi\u0107 dodatkowe adaptery dla wi\u0119kszych s\u0142up\u00f3w. Adapter 107,9 mm jest dost\u0119pny dla wi\u0119kszych okr\u0105g\u0142ych s\u0142upk\u00f3w. W przypadku s\u0142upk\u00f3w kwadratowych mo\u017cna zamontowa\u0107 adapter 103,2 na 103,2 mm. Adaptery mo\u017cna \u0142atwo wymienia\u0107 i mocowa\u0107 za pomoc\u0105 czterech \u015brub.<\/p>\n","protected":false},"featured_media":2578,"comment_status":"closed","ping_status":"closed","template":"","meta":{"_acf_changed":false},"product_cat":[2234,1795],"product_tag":[],"class_list":{"0":"post-7736","1":"product","2":"type-product","3":"status-publish","4":"has-post-thumbnail","6":"product_brand-rhino-tool-pl","7":"product_cat-adaptery","8":"product_cat-akcesoria-pl","10":"first","11":"instock","12":"taxable","13":"shipping-taxable","14":"purchasable","15":"product-type-variable"},"acf":[],"yoast_head":"<!-- This site is optimized with the Yoast SEO plugin v27.4 - https:\/\/yoast.com\/product\/yoast-seo-wordpress\/ -->\n<title>Adaptery PD-55 | EuroGate International<\/title>\n<meta name=\"robots\" content=\"index, follow, max-snippet:-1, max-image-preview:large, max-video-preview:-1\" \/>\n<link rel=\"canonical\" href=\"https:\/\/www.eurogate-international.com\/pl\/produkt\/adaptery-pd-55\/\" \/>\n<meta property=\"og:locale\" content=\"pl_PL\" \/>\n<meta property=\"og:type\" content=\"article\" \/>\n<meta property=\"og:title\" content=\"Adaptery PD-55 | EuroGate International\" \/>\n<meta property=\"og:description\" content=\"Standardowo PD-55 ma okr\u0105g\u0142y adapter 98,4 mm. Opcjonalnie mo\u017cna zam\u00f3wi\u0107 dodatkowe adaptery dla wi\u0119kszych s\u0142up\u00f3w. Adapter 107,9 mm jest dost\u0119pny dla wi\u0119kszych okr\u0105g\u0142ych s\u0142upk\u00f3w. W przypadku s\u0142upk\u00f3w kwadratowych mo\u017cna zamontowa\u0107 adapter 103,2 na 103,2 mm. Adaptery mo\u017cna \u0142atwo wymienia\u0107 i mocowa\u0107 za pomoc\u0105 czterech \u015brub.\" \/>\n<meta property=\"og:url\" content=\"https:\/\/www.eurogate-international.com\/pl\/produkt\/adaptery-pd-55\/\" \/>\n<meta property=\"og:site_name\" content=\"EuroGate International\" \/>\n<meta property=\"article:publisher\" content=\"https:\/\/www.facebook.com\/EuroGateInternational\/\" \/>\n<meta property=\"article:modified_time\" content=\"2021-03-02T14:57:43+00:00\" \/>\n<meta property=\"og:image\" content=\"https:\/\/www.eurogate-international.com\/wp-content\/uploads\/2018\/11\/PD55-10x10.png\" \/>\n\t<meta property=\"og:image:width\" content=\"2695\" \/>\n\t<meta property=\"og:image:height\" content=\"3600\" \/>\n\t<meta property=\"og:image:type\" content=\"image\/png\" \/>\n<meta name=\"twitter:card\" content=\"summary_large_image\" \/>\n<!-- \/ Yoast SEO plugin. -->","yoast_head_json":{"title":"Adaptery PD-55 | EuroGate International","robots":{"index":"index","follow":"follow","max-snippet":"max-snippet:-1","max-image-preview":"max-image-preview:large","max-video-preview":"max-video-preview:-1"},"canonical":"https:\/\/www.eurogate-international.com\/pl\/produkt\/adaptery-pd-55\/","og_locale":"pl_PL","og_type":"article","og_title":"Adaptery PD-55 | EuroGate International","og_description":"Standardowo PD-55 ma okr\u0105g\u0142y adapter 98,4 mm. Opcjonalnie mo\u017cna zam\u00f3wi\u0107 dodatkowe adaptery dla wi\u0119kszych s\u0142up\u00f3w. Adapter 107,9 mm jest dost\u0119pny dla wi\u0119kszych okr\u0105g\u0142ych s\u0142upk\u00f3w. W przypadku s\u0142upk\u00f3w kwadratowych mo\u017cna zamontowa\u0107 adapter 103,2 na 103,2 mm. Adaptery mo\u017cna \u0142atwo wymienia\u0107 i mocowa\u0107 za pomoc\u0105 czterech \u015brub.","og_url":"https:\/\/www.eurogate-international.com\/pl\/produkt\/adaptery-pd-55\/","og_site_name":"EuroGate International","article_publisher":"https:\/\/www.facebook.com\/EuroGateInternational\/","article_modified_time":"2021-03-02T14:57:43+00:00","og_image":[{"width":2695,"height":3600,"url":"https:\/\/www.eurogate-international.com\/wp-content\/uploads\/2018\/11\/PD55-10x10.png","type":"image\/png"}],"twitter_card":"summary_large_image","schema":{"@context":"https:\/\/schema.org","@graph":[{"@type":"WebPage","@id":"https:\/\/www.eurogate-international.com\/pl\/produkt\/adaptery-pd-55\/","url":"https:\/\/www.eurogate-international.com\/pl\/produkt\/adaptery-pd-55\/","name":"Adaptery PD-55 | EuroGate International","isPartOf":{"@id":"https:\/\/www.eurogate-international.com\/pl\/#website"},"primaryImageOfPage":{"@id":"https:\/\/www.eurogate-international.com\/pl\/produkt\/adaptery-pd-55\/#primaryimage"},"image":{"@id":"https:\/\/www.eurogate-international.com\/pl\/produkt\/adaptery-pd-55\/#primaryimage"},"thumbnailUrl":"https:\/\/www.eurogate-international.com\/wp-content\/uploads\/2018\/11\/PD55-10x10.png","datePublished":"2018-11-23T08:48:02+00:00","dateModified":"2021-03-02T14:57:43+00:00","breadcrumb":{"@id":"https:\/\/www.eurogate-international.com\/pl\/produkt\/adaptery-pd-55\/#breadcrumb"},"inLanguage":"pl-PL","potentialAction":[{"@type":"ReadAction","target":["https:\/\/www.eurogate-international.com\/pl\/produkt\/adaptery-pd-55\/"]}]},{"@type":"ImageObject","inLanguage":"pl-PL","@id":"https:\/\/www.eurogate-international.com\/pl\/produkt\/adaptery-pd-55\/#primaryimage","url":"https:\/\/www.eurogate-international.com\/wp-content\/uploads\/2018\/11\/PD55-10x10.png","contentUrl":"https:\/\/www.eurogate-international.com\/wp-content\/uploads\/2018\/11\/PD55-10x10.png","width":2695,"height":3600},{"@type":"BreadcrumbList","@id":"https:\/\/www.eurogate-international.com\/pl\/produkt\/adaptery-pd-55\/#breadcrumb","itemListElement":[{"@type":"ListItem","position":1,"name":"Home","item":"https:\/\/www.eurogate-international.com\/pl\/home\/"},{"@type":"ListItem","position":2,"name":"Sklep","item":"https:\/\/www.eurogate-international.com\/pl\/sklep-2\/"},{"@type":"ListItem","position":3,"name":"Adaptery PD-55"}]},{"@type":"WebSite","@id":"https:\/\/www.eurogate-international.com\/pl\/#website","url":"https:\/\/www.eurogate-international.com\/pl\/","name":"EuroGate International","description":"D\u00e9 onafhankelijke Europese verkooporganisatie van machines","publisher":{"@id":"https:\/\/www.eurogate-international.com\/pl\/#organization"},"potentialAction":[{"@type":"SearchAction","target":{"@type":"EntryPoint","urlTemplate":"https:\/\/www.eurogate-international.com\/pl\/?s={search_term_string}"},"query-input":{"@type":"PropertyValueSpecification","valueRequired":true,"valueName":"search_term_string"}}],"inLanguage":"pl-PL"},{"@type":"Organization","@id":"https:\/\/www.eurogate-international.com\/pl\/#organization","name":"EuroGate International","url":"https:\/\/www.eurogate-international.com\/pl\/","logo":{"@type":"ImageObject","inLanguage":"pl-PL","@id":"https:\/\/www.eurogate-international.com\/pl\/#\/schema\/logo\/image\/","url":"https:\/\/www.eurogate-international.com\/wp-content\/uploads\/2020\/06\/Logo_EuroGateInternational2.png","contentUrl":"https:\/\/www.eurogate-international.com\/wp-content\/uploads\/2020\/06\/Logo_EuroGateInternational2.png","width":150,"height":148,"caption":"EuroGate International"},"image":{"@id":"https:\/\/www.eurogate-international.com\/pl\/#\/schema\/logo\/image\/"},"sameAs":["https:\/\/www.facebook.com\/EuroGateInternational\/","https:\/\/nl.linkedin.com\/company\/eurogate-international"]}]}},"jetpack_sharing_enabled":true,"_links":{"self":[{"href":"https:\/\/www.eurogate-international.com\/pl\/wp-json\/wp\/v2\/product\/7736","targetHints":{"allow":["GET"]}}],"collection":[{"href":"https:\/\/www.eurogate-international.com\/pl\/wp-json\/wp\/v2\/product"}],"about":[{"href":"https:\/\/www.eurogate-international.com\/pl\/wp-json\/wp\/v2\/types\/product"}],"replies":[{"embeddable":true,"href":"https:\/\/www.eurogate-international.com\/pl\/wp-json\/wp\/v2\/comments?post=7736"}],"version-history":[{"count":0,"href":"https:\/\/www.eurogate-international.com\/pl\/wp-json\/wp\/v2\/product\/7736\/revisions"}],"wp:featuredmedia":[{"embeddable":true,"href":"https:\/\/www.eurogate-international.com\/pl\/wp-json\/wp\/v2\/media\/2578"}],"wp:attachment":[{"href":"https:\/\/www.eurogate-international.com\/pl\/wp-json\/wp\/v2\/media?parent=7736"}],"wp:term":[{"taxonomy":"product_cat","embeddable":true,"href":"https:\/\/www.eurogate-international.com\/pl\/wp-json\/wp\/v2\/product_cat?post=7736"},{"taxonomy":"product_tag","embeddable":true,"href":"https:\/\/www.eurogate-international.com\/pl\/wp-json\/wp\/v2\/product_tag?post=7736"}],"curies":[{"name":"wp","href":"https:\/\/api.w.org\/{rel}","templated":true}]}}