{"id":7742,"date":"2018-11-23T08:55:50","date_gmt":"2018-11-23T07:55:50","guid":{"rendered":"https:\/\/www.eurogate-international.com\/product\/adapterhouder-voor-stalen-palen\/"},"modified":"2021-03-02T16:00:35","modified_gmt":"2021-03-02T15:00:35","slug":"adaptery-do-slupkow-metalowych-2","status":"publish","type":"product","link":"https:\/\/www.eurogate-international.com\/pl\/produkt\/adaptery-do-slupkow-metalowych-2\/","title":{"rendered":"Adaptery do s\u0142upk\u00f3w metalowych (wymagany przy zakupie element\u00f3w udarowych)"},"excerpt":{"rendered":"<p>Dostarczamy adaptery do s\u0142upk\u00f3w stalowych z hartowanej stali. Dzi\u0119ki tym adapterom si\u0142a uderzenia jest r\u00f3wnomiernie roz\u0142o\u017cona na s\u0142upek i maszyn\u0119.<\/p>\n","protected":false},"featured_media":2542,"comment_status":"closed","ping_status":"closed","template":"","meta":{"_acf_changed":false},"product_cat":[2234],"product_tag":[],"class_list":{"0":"post-7742","1":"product","2":"type-product","3":"status-publish","4":"has-post-thumbnail","6":"product_brand-rhino-tool-pl","7":"product_cat-adaptery","9":"first","10":"instock","11":"taxable","12":"shipping-taxable","13":"purchasable","14":"product-type-simple"},"acf":[],"yoast_head":"<!-- This site is optimized with the Yoast SEO plugin v27.2 - https:\/\/yoast.com\/product\/yoast-seo-wordpress\/ -->\n<title>Adaptery do s\u0142upk\u00f3w metalowych (wymagany przy zakupie element\u00f3w udarowych) | EuroGate International<\/title>\n<meta name=\"robots\" content=\"index, follow, max-snippet:-1, max-image-preview:large, max-video-preview:-1\" \/>\n<link rel=\"canonical\" href=\"https:\/\/www.eurogate-international.com\/pl\/produkt\/adaptery-do-slupkow-metalowych-2\/\" \/>\n<meta property=\"og:locale\" content=\"pl_PL\" \/>\n<meta property=\"og:type\" content=\"article\" \/>\n<meta property=\"og:title\" content=\"Adaptery do s\u0142upk\u00f3w metalowych (wymagany przy zakupie element\u00f3w udarowych) | EuroGate International\" \/>\n<meta property=\"og:description\" content=\"Dostarczamy adaptery do s\u0142upk\u00f3w stalowych z hartowanej stali. Dzi\u0119ki tym adapterom si\u0142a uderzenia jest r\u00f3wnomiernie roz\u0142o\u017cona na s\u0142upek i maszyn\u0119.\" \/>\n<meta property=\"og:url\" content=\"https:\/\/www.eurogate-international.com\/pl\/produkt\/adaptery-do-slupkow-metalowych-2\/\" \/>\n<meta property=\"og:site_name\" content=\"EuroGate International\" \/>\n<meta property=\"article:publisher\" content=\"https:\/\/www.facebook.com\/EuroGateInternational\/\" \/>\n<meta property=\"article:modified_time\" content=\"2021-03-02T15:00:35+00:00\" \/>\n<meta property=\"og:image\" content=\"https:\/\/www.eurogate-international.com\/wp-content\/uploads\/2018\/11\/301171-Multi-Pro-2.5_-I.D.-Square-Tube-Chuck.png\" \/>\n\t<meta property=\"og:image:width\" content=\"3300\" \/>\n\t<meta property=\"og:image:height\" content=\"2308\" \/>\n\t<meta property=\"og:image:type\" content=\"image\/png\" \/>\n<meta name=\"twitter:card\" content=\"summary_large_image\" \/>\n<!-- \/ Yoast SEO plugin. -->","yoast_head_json":{"title":"Adaptery do s\u0142upk\u00f3w metalowych (wymagany przy zakupie element\u00f3w udarowych) | EuroGate International","robots":{"index":"index","follow":"follow","max-snippet":"max-snippet:-1","max-image-preview":"max-image-preview:large","max-video-preview":"max-video-preview:-1"},"canonical":"https:\/\/www.eurogate-international.com\/pl\/produkt\/adaptery-do-slupkow-metalowych-2\/","og_locale":"pl_PL","og_type":"article","og_title":"Adaptery do s\u0142upk\u00f3w metalowych (wymagany przy zakupie element\u00f3w udarowych) | EuroGate International","og_description":"Dostarczamy adaptery do s\u0142upk\u00f3w stalowych z hartowanej stali. Dzi\u0119ki tym adapterom si\u0142a uderzenia jest r\u00f3wnomiernie roz\u0142o\u017cona na s\u0142upek i maszyn\u0119.","og_url":"https:\/\/www.eurogate-international.com\/pl\/produkt\/adaptery-do-slupkow-metalowych-2\/","og_site_name":"EuroGate International","article_publisher":"https:\/\/www.facebook.com\/EuroGateInternational\/","article_modified_time":"2021-03-02T15:00:35+00:00","og_image":[{"width":3300,"height":2308,"url":"https:\/\/www.eurogate-international.com\/wp-content\/uploads\/2018\/11\/301171-Multi-Pro-2.5_-I.D.-Square-Tube-Chuck.png","type":"image\/png"}],"twitter_card":"summary_large_image","schema":{"@context":"https:\/\/schema.org","@graph":[{"@type":"WebPage","@id":"https:\/\/www.eurogate-international.com\/pl\/produkt\/adaptery-do-slupkow-metalowych-2\/","url":"https:\/\/www.eurogate-international.com\/pl\/produkt\/adaptery-do-slupkow-metalowych-2\/","name":"Adaptery do s\u0142upk\u00f3w metalowych (wymagany przy zakupie element\u00f3w udarowych) | EuroGate International","isPartOf":{"@id":"https:\/\/www.eurogate-international.com\/pl\/#website"},"primaryImageOfPage":{"@id":"https:\/\/www.eurogate-international.com\/pl\/produkt\/adaptery-do-slupkow-metalowych-2\/#primaryimage"},"image":{"@id":"https:\/\/www.eurogate-international.com\/pl\/produkt\/adaptery-do-slupkow-metalowych-2\/#primaryimage"},"thumbnailUrl":"https:\/\/www.eurogate-international.com\/wp-content\/uploads\/2018\/11\/301171-Multi-Pro-2.5_-I.D.-Square-Tube-Chuck.png","datePublished":"2018-11-23T07:55:50+00:00","dateModified":"2021-03-02T15:00:35+00:00","breadcrumb":{"@id":"https:\/\/www.eurogate-international.com\/pl\/produkt\/adaptery-do-slupkow-metalowych-2\/#breadcrumb"},"inLanguage":"pl-PL","potentialAction":[{"@type":"ReadAction","target":["https:\/\/www.eurogate-international.com\/pl\/produkt\/adaptery-do-slupkow-metalowych-2\/"]}]},{"@type":"ImageObject","inLanguage":"pl-PL","@id":"https:\/\/www.eurogate-international.com\/pl\/produkt\/adaptery-do-slupkow-metalowych-2\/#primaryimage","url":"https:\/\/www.eurogate-international.com\/wp-content\/uploads\/2018\/11\/301171-Multi-Pro-2.5_-I.D.-Square-Tube-Chuck.png","contentUrl":"https:\/\/www.eurogate-international.com\/wp-content\/uploads\/2018\/11\/301171-Multi-Pro-2.5_-I.D.-Square-Tube-Chuck.png","width":3300,"height":2308},{"@type":"BreadcrumbList","@id":"https:\/\/www.eurogate-international.com\/pl\/produkt\/adaptery-do-slupkow-metalowych-2\/#breadcrumb","itemListElement":[{"@type":"ListItem","position":1,"name":"Home","item":"https:\/\/www.eurogate-international.com\/pl\/home\/"},{"@type":"ListItem","position":2,"name":"Sklep","item":"https:\/\/www.eurogate-international.com\/pl\/sklep-2\/"},{"@type":"ListItem","position":3,"name":"Adaptery do s\u0142upk\u00f3w metalowych (wymagany przy zakupie element\u00f3w udarowych)"}]},{"@type":"WebSite","@id":"https:\/\/www.eurogate-international.com\/pl\/#website","url":"https:\/\/www.eurogate-international.com\/pl\/","name":"EuroGate International","description":"D\u00e9 onafhankelijke Europese verkooporganisatie van machines","publisher":{"@id":"https:\/\/www.eurogate-international.com\/pl\/#organization"},"potentialAction":[{"@type":"SearchAction","target":{"@type":"EntryPoint","urlTemplate":"https:\/\/www.eurogate-international.com\/pl\/?s={search_term_string}"},"query-input":{"@type":"PropertyValueSpecification","valueRequired":true,"valueName":"search_term_string"}}],"inLanguage":"pl-PL"},{"@type":"Organization","@id":"https:\/\/www.eurogate-international.com\/pl\/#organization","name":"EuroGate International","url":"https:\/\/www.eurogate-international.com\/pl\/","logo":{"@type":"ImageObject","inLanguage":"pl-PL","@id":"https:\/\/www.eurogate-international.com\/pl\/#\/schema\/logo\/image\/","url":"https:\/\/www.eurogate-international.com\/wp-content\/uploads\/2020\/06\/Logo_EuroGateInternational2.png","contentUrl":"https:\/\/www.eurogate-international.com\/wp-content\/uploads\/2020\/06\/Logo_EuroGateInternational2.png","width":150,"height":148,"caption":"EuroGate International"},"image":{"@id":"https:\/\/www.eurogate-international.com\/pl\/#\/schema\/logo\/image\/"},"sameAs":["https:\/\/www.facebook.com\/EuroGateInternational\/","https:\/\/nl.linkedin.com\/company\/eurogate-international"]}]}},"jetpack_sharing_enabled":true,"_links":{"self":[{"href":"https:\/\/www.eurogate-international.com\/pl\/wp-json\/wp\/v2\/product\/7742","targetHints":{"allow":["GET"]}}],"collection":[{"href":"https:\/\/www.eurogate-international.com\/pl\/wp-json\/wp\/v2\/product"}],"about":[{"href":"https:\/\/www.eurogate-international.com\/pl\/wp-json\/wp\/v2\/types\/product"}],"replies":[{"embeddable":true,"href":"https:\/\/www.eurogate-international.com\/pl\/wp-json\/wp\/v2\/comments?post=7742"}],"version-history":[{"count":0,"href":"https:\/\/www.eurogate-international.com\/pl\/wp-json\/wp\/v2\/product\/7742\/revisions"}],"wp:featuredmedia":[{"embeddable":true,"href":"https:\/\/www.eurogate-international.com\/pl\/wp-json\/wp\/v2\/media\/2542"}],"wp:attachment":[{"href":"https:\/\/www.eurogate-international.com\/pl\/wp-json\/wp\/v2\/media?parent=7742"}],"wp:term":[{"taxonomy":"product_cat","embeddable":true,"href":"https:\/\/www.eurogate-international.com\/pl\/wp-json\/wp\/v2\/product_cat?post=7742"},{"taxonomy":"product_tag","embeddable":true,"href":"https:\/\/www.eurogate-international.com\/pl\/wp-json\/wp\/v2\/product_tag?post=7742"}],"curies":[{"name":"wp","href":"https:\/\/api.w.org\/{rel}","templated":true}]}}