{"id":7910,"date":"2018-09-27T12:30:34","date_gmt":"2018-09-27T11:30:34","guid":{"rendered":"https:\/\/www.eurogate-international.com\/product\/fuelcube-250-liter\/"},"modified":"2020-06-16T13:35:37","modified_gmt":"2020-06-16T12:35:37","slug":"fuelcube-250-litrow","status":"publish","type":"product","link":"https:\/\/www.eurogate-international.com\/pl\/produkt\/fuelcube-250-litrow\/","title":{"rendered":"FuelCube 250 litr\u00f3w"},"excerpt":{"rendered":"<p>Pojemno\u015b\u0107 250 litr\u00f3w. W pe\u0142ni stalowa konstrukcja gwarantuj\u0105ca niezr\u00f3wnan\u0105 wytrzyma\u0142o\u015b\u0107 i bezpiecze\u0144stwo. Dopuszczone przez EU do transportu oleju nap\u0119dowego po drogach publicznych. Dwup\u0142aszczowa konstrukcja o pojemno\u015bci wynosz\u0105cej 110% obj\u0119to\u015bci zbiornika wewn\u0119trznego dla zgodno\u015bci z wytycznymi PPG2 (zapobieganie zanieczyszczeniu) brytyjskiej Agencji Ochrony \u015arodowiska. Pe\u0142na zgodno\u015b\u0107 z aktualnymi przepisami \u015brodowiskowymi. Idealne do dystrybucji paliwa w ma\u0142ych zak\u0142adach, na budowie, w gospodarstwie rolnym. Bezpieczna zamykana na kluczyk pokrywa z drzwiczkami odpornymi na akty wandalizmu i wewn\u0119trznymi zawiasami. Zamykana na kluczyk pokrywa, unoszona przez si\u0142ownik gazowy daj\u0105c wygodny dost\u0119p. Kompaktowa budowa pozwalaj\u0105ca na ustawianie jeden na drugim.\u00a04 szt. ocynkowanych uch do podnoszenia i kieszenie na wid\u0142y pozwalaj\u0105 na bezpieczne podnoszenie nawet w stanie nape\u0142nionym i przemieszczanie.<\/p>\n<p>Cena nie zawiera zestawu pompowego.<\/p>\n","protected":false},"featured_media":2969,"comment_status":"closed","ping_status":"closed","template":"","meta":{"_acf_changed":false},"product_cat":[2320,1796],"product_tag":[],"class_list":{"0":"post-7910","1":"product","2":"type-product","3":"status-publish","4":"has-post-thumbnail","6":"product_brand-fuel-proof-pl","7":"product_cat-inny-sprzet","8":"product_cat-zbiornik-paliwa-pl","10":"first","11":"instock","12":"taxable","13":"shipping-taxable","14":"purchasable","15":"product-type-variable","16":"has-default-attributes"},"acf":[],"yoast_head":"<!-- This site is optimized with the Yoast SEO plugin v27.4 - https:\/\/yoast.com\/product\/yoast-seo-wordpress\/ -->\n<title>FuelCube 250 litr\u00f3w | EuroGate International<\/title>\n<meta name=\"robots\" content=\"index, follow, max-snippet:-1, max-image-preview:large, max-video-preview:-1\" \/>\n<link rel=\"canonical\" href=\"https:\/\/www.eurogate-international.com\/pl\/produkt\/fuelcube-250-litrow\/\" \/>\n<meta property=\"og:locale\" content=\"pl_PL\" \/>\n<meta property=\"og:type\" content=\"article\" \/>\n<meta property=\"og:title\" content=\"FuelCube 250 litr\u00f3w | EuroGate International\" \/>\n<meta property=\"og:description\" content=\"Pojemno\u015b\u0107 250 litr\u00f3w. W pe\u0142ni stalowa konstrukcja gwarantuj\u0105ca niezr\u00f3wnan\u0105 wytrzyma\u0142o\u015b\u0107 i bezpiecze\u0144stwo. Dopuszczone przez EU do transportu oleju nap\u0119dowego po drogach publicznych. Dwup\u0142aszczowa konstrukcja o pojemno\u015bci wynosz\u0105cej 110% obj\u0119to\u015bci zbiornika wewn\u0119trznego dla zgodno\u015bci z wytycznymi PPG2 (zapobieganie zanieczyszczeniu) brytyjskiej Agencji Ochrony \u015arodowiska. Pe\u0142na zgodno\u015b\u0107 z aktualnymi przepisami \u015brodowiskowymi. Idealne do dystrybucji paliwa w ma\u0142ych zak\u0142adach, na budowie, w gospodarstwie rolnym. Bezpieczna zamykana na kluczyk pokrywa z drzwiczkami odpornymi na akty wandalizmu i wewn\u0119trznymi zawiasami. Zamykana na kluczyk pokrywa, unoszona przez si\u0142ownik gazowy daj\u0105c wygodny dost\u0119p. Kompaktowa budowa pozwalaj\u0105ca na ustawianie jeden na drugim.\u00a04 szt. ocynkowanych uch do podnoszenia i kieszenie na wid\u0142y pozwalaj\u0105 na bezpieczne podnoszenie nawet w stanie nape\u0142nionym i przemieszczanie.  Cena nie zawiera zestawu pompowego.\" \/>\n<meta property=\"og:url\" content=\"https:\/\/www.eurogate-international.com\/pl\/produkt\/fuelcube-250-litrow\/\" \/>\n<meta property=\"og:site_name\" content=\"EuroGate International\" \/>\n<meta property=\"article:publisher\" content=\"https:\/\/www.facebook.com\/EuroGateInternational\/\" \/>\n<meta property=\"article:modified_time\" content=\"2020-06-16T12:35:37+00:00\" \/>\n<meta property=\"og:image\" content=\"https:\/\/www.eurogate-international.com\/wp-content\/uploads\/2021\/02\/Fuelcube250-1.png\" \/>\n\t<meta property=\"og:image:width\" content=\"1000\" \/>\n\t<meta property=\"og:image:height\" content=\"1000\" \/>\n\t<meta property=\"og:image:type\" content=\"image\/png\" \/>\n<meta name=\"twitter:card\" content=\"summary_large_image\" \/>\n<!-- \/ Yoast SEO plugin. -->","yoast_head_json":{"title":"FuelCube 250 litr\u00f3w | EuroGate International","robots":{"index":"index","follow":"follow","max-snippet":"max-snippet:-1","max-image-preview":"max-image-preview:large","max-video-preview":"max-video-preview:-1"},"canonical":"https:\/\/www.eurogate-international.com\/pl\/produkt\/fuelcube-250-litrow\/","og_locale":"pl_PL","og_type":"article","og_title":"FuelCube 250 litr\u00f3w | EuroGate International","og_description":"Pojemno\u015b\u0107 250 litr\u00f3w. W pe\u0142ni stalowa konstrukcja gwarantuj\u0105ca niezr\u00f3wnan\u0105 wytrzyma\u0142o\u015b\u0107 i bezpiecze\u0144stwo. Dopuszczone przez EU do transportu oleju nap\u0119dowego po drogach publicznych. Dwup\u0142aszczowa konstrukcja o pojemno\u015bci wynosz\u0105cej 110% obj\u0119to\u015bci zbiornika wewn\u0119trznego dla zgodno\u015bci z wytycznymi PPG2 (zapobieganie zanieczyszczeniu) brytyjskiej Agencji Ochrony \u015arodowiska. Pe\u0142na zgodno\u015b\u0107 z aktualnymi przepisami \u015brodowiskowymi. Idealne do dystrybucji paliwa w ma\u0142ych zak\u0142adach, na budowie, w gospodarstwie rolnym. Bezpieczna zamykana na kluczyk pokrywa z drzwiczkami odpornymi na akty wandalizmu i wewn\u0119trznymi zawiasami. Zamykana na kluczyk pokrywa, unoszona przez si\u0142ownik gazowy daj\u0105c wygodny dost\u0119p. Kompaktowa budowa pozwalaj\u0105ca na ustawianie jeden na drugim.\u00a04 szt. ocynkowanych uch do podnoszenia i kieszenie na wid\u0142y pozwalaj\u0105 na bezpieczne podnoszenie nawet w stanie nape\u0142nionym i przemieszczanie.  Cena nie zawiera zestawu pompowego.","og_url":"https:\/\/www.eurogate-international.com\/pl\/produkt\/fuelcube-250-litrow\/","og_site_name":"EuroGate International","article_publisher":"https:\/\/www.facebook.com\/EuroGateInternational\/","article_modified_time":"2020-06-16T12:35:37+00:00","og_image":[{"width":1000,"height":1000,"url":"https:\/\/www.eurogate-international.com\/wp-content\/uploads\/2021\/02\/Fuelcube250-1.png","type":"image\/png"}],"twitter_card":"summary_large_image","schema":{"@context":"https:\/\/schema.org","@graph":[{"@type":"WebPage","@id":"https:\/\/www.eurogate-international.com\/pl\/produkt\/fuelcube-250-litrow\/","url":"https:\/\/www.eurogate-international.com\/pl\/produkt\/fuelcube-250-litrow\/","name":"FuelCube 250 litr\u00f3w | EuroGate International","isPartOf":{"@id":"https:\/\/www.eurogate-international.com\/pl\/#website"},"primaryImageOfPage":{"@id":"https:\/\/www.eurogate-international.com\/pl\/produkt\/fuelcube-250-litrow\/#primaryimage"},"image":{"@id":"https:\/\/www.eurogate-international.com\/pl\/produkt\/fuelcube-250-litrow\/#primaryimage"},"thumbnailUrl":"https:\/\/www.eurogate-international.com\/wp-content\/uploads\/2021\/02\/Fuelcube250-1.png","datePublished":"2018-09-27T11:30:34+00:00","dateModified":"2020-06-16T12:35:37+00:00","breadcrumb":{"@id":"https:\/\/www.eurogate-international.com\/pl\/produkt\/fuelcube-250-litrow\/#breadcrumb"},"inLanguage":"pl-PL","potentialAction":[{"@type":"ReadAction","target":["https:\/\/www.eurogate-international.com\/pl\/produkt\/fuelcube-250-litrow\/"]}]},{"@type":"ImageObject","inLanguage":"pl-PL","@id":"https:\/\/www.eurogate-international.com\/pl\/produkt\/fuelcube-250-litrow\/#primaryimage","url":"https:\/\/www.eurogate-international.com\/wp-content\/uploads\/2021\/02\/Fuelcube250-1.png","contentUrl":"https:\/\/www.eurogate-international.com\/wp-content\/uploads\/2021\/02\/Fuelcube250-1.png","width":1000,"height":1000},{"@type":"BreadcrumbList","@id":"https:\/\/www.eurogate-international.com\/pl\/produkt\/fuelcube-250-litrow\/#breadcrumb","itemListElement":[{"@type":"ListItem","position":1,"name":"Home","item":"https:\/\/www.eurogate-international.com\/pl\/home\/"},{"@type":"ListItem","position":2,"name":"Sklep","item":"https:\/\/www.eurogate-international.com\/pl\/sklep-2\/"},{"@type":"ListItem","position":3,"name":"FuelCube 250 litr\u00f3w"}]},{"@type":"WebSite","@id":"https:\/\/www.eurogate-international.com\/pl\/#website","url":"https:\/\/www.eurogate-international.com\/pl\/","name":"EuroGate International","description":"D\u00e9 onafhankelijke Europese verkooporganisatie van machines","publisher":{"@id":"https:\/\/www.eurogate-international.com\/pl\/#organization"},"potentialAction":[{"@type":"SearchAction","target":{"@type":"EntryPoint","urlTemplate":"https:\/\/www.eurogate-international.com\/pl\/?s={search_term_string}"},"query-input":{"@type":"PropertyValueSpecification","valueRequired":true,"valueName":"search_term_string"}}],"inLanguage":"pl-PL"},{"@type":"Organization","@id":"https:\/\/www.eurogate-international.com\/pl\/#organization","name":"EuroGate International","url":"https:\/\/www.eurogate-international.com\/pl\/","logo":{"@type":"ImageObject","inLanguage":"pl-PL","@id":"https:\/\/www.eurogate-international.com\/pl\/#\/schema\/logo\/image\/","url":"https:\/\/www.eurogate-international.com\/wp-content\/uploads\/2020\/06\/Logo_EuroGateInternational2.png","contentUrl":"https:\/\/www.eurogate-international.com\/wp-content\/uploads\/2020\/06\/Logo_EuroGateInternational2.png","width":150,"height":148,"caption":"EuroGate International"},"image":{"@id":"https:\/\/www.eurogate-international.com\/pl\/#\/schema\/logo\/image\/"},"sameAs":["https:\/\/www.facebook.com\/EuroGateInternational\/","https:\/\/nl.linkedin.com\/company\/eurogate-international"]}]}},"jetpack_sharing_enabled":true,"_links":{"self":[{"href":"https:\/\/www.eurogate-international.com\/pl\/wp-json\/wp\/v2\/product\/7910","targetHints":{"allow":["GET"]}}],"collection":[{"href":"https:\/\/www.eurogate-international.com\/pl\/wp-json\/wp\/v2\/product"}],"about":[{"href":"https:\/\/www.eurogate-international.com\/pl\/wp-json\/wp\/v2\/types\/product"}],"replies":[{"embeddable":true,"href":"https:\/\/www.eurogate-international.com\/pl\/wp-json\/wp\/v2\/comments?post=7910"}],"version-history":[{"count":0,"href":"https:\/\/www.eurogate-international.com\/pl\/wp-json\/wp\/v2\/product\/7910\/revisions"}],"wp:featuredmedia":[{"embeddable":true,"href":"https:\/\/www.eurogate-international.com\/pl\/wp-json\/wp\/v2\/media\/2969"}],"wp:attachment":[{"href":"https:\/\/www.eurogate-international.com\/pl\/wp-json\/wp\/v2\/media?parent=7910"}],"wp:term":[{"taxonomy":"product_cat","embeddable":true,"href":"https:\/\/www.eurogate-international.com\/pl\/wp-json\/wp\/v2\/product_cat?post=7910"},{"taxonomy":"product_tag","embeddable":true,"href":"https:\/\/www.eurogate-international.com\/pl\/wp-json\/wp\/v2\/product_tag?post=7910"}],"curies":[{"name":"wp","href":"https:\/\/api.w.org\/{rel}","templated":true}]}}