{"id":7991,"date":"2018-09-28T10:22:12","date_gmt":"2018-09-28T09:22:12","guid":{"rendered":"https:\/\/www.eurogate-international.com\/product\/brandstoftank-1500-liter-met-driepuntsaansluiting\/"},"modified":"2020-03-09T12:08:37","modified_gmt":"2020-03-09T11:08:37","slug":"zbiornik-fuelstore-1500-l-z-rama","status":"publish","type":"product","link":"https:\/\/www.eurogate-international.com\/pl\/produkt\/zbiornik-fuelstore-1500-l-z-rama\/","title":{"rendered":"Zbiornik Fuelstore 1500 l z ram\u0105"},"excerpt":{"rendered":"<p>Oferowane przez nas zbiorniki Fuelstore o pojemno\u015bci\u00a0500,\u00a01000\u00a0i\u00a01500\u00a0litr\u00f3w. Konstrukcja pozwala na bezpieczne podnoszenie i \u0142atwe przewiezienie zbiornik\u00f3w Fuelstore za pomoc\u0105 ci\u0105gnik\u00f3w i innych maszyn. Uk\u0142ad TUZ oferuje wszechstronne mo\u017cliwo\u015bci skutecznego u\u017cycia w wielu r\u00f3\u017cnych zastosowaniach, na przyk\u0142ad w rolnictwie, le\u015bnictwie, budownictwie i przemy\u015ble. Jedn\u0105 z kluczowych zalet tego systemu jest zmniejszenie liczby przejazd\u00f3w w celu wykonania danego zadania: zbiornik mo\u017cna wie\u017a\u0107 z przodu pojazdu, natomiast z ty\u0142u mo\u017cna pod\u0142\u0105czy\u0107 inny osprz\u0119t lub holowa\u0107 przyczep\u0119. Ponadto mo\u017cliwo\u015b\u0107 przewiezienia zbiornika tylko za pomoc\u0105 TUZ sprawia, \u017ce ryzyko kradzie\u017cy zostaje znacznie obni\u017cone.<\/p>\n<p>Cena nie zawiera zestawu pompowego.<\/p>\n","protected":false},"featured_media":853,"comment_status":"closed","ping_status":"closed","template":"","meta":{"_acf_changed":false},"product_cat":[1796],"product_tag":[],"class_list":{"0":"post-7991","1":"product","2":"type-product","3":"status-publish","4":"has-post-thumbnail","6":"product_brand-fuel-proof-pl","7":"product_cat-zbiornik-paliwa-pl","9":"first","10":"instock","11":"taxable","12":"shipping-taxable","13":"purchasable","14":"product-type-variable","15":"has-default-attributes"},"acf":[],"yoast_head":"<!-- This site is optimized with the Yoast SEO plugin v27.3 - https:\/\/yoast.com\/product\/yoast-seo-wordpress\/ -->\n<title>Zbiornik Fuelstore 1500 l z ram\u0105 | EuroGate International<\/title>\n<meta name=\"robots\" content=\"index, follow, max-snippet:-1, max-image-preview:large, max-video-preview:-1\" \/>\n<link rel=\"canonical\" href=\"https:\/\/www.eurogate-international.com\/pl\/produkt\/zbiornik-fuelstore-1500-l-z-rama\/\" \/>\n<meta property=\"og:locale\" content=\"pl_PL\" \/>\n<meta property=\"og:type\" content=\"article\" \/>\n<meta property=\"og:title\" content=\"Zbiornik Fuelstore 1500 l z ram\u0105 | EuroGate International\" \/>\n<meta property=\"og:description\" content=\"Oferowane przez nas zbiorniki Fuelstore o pojemno\u015bci\u00a0500,\u00a01000\u00a0i\u00a01500\u00a0litr\u00f3w. Konstrukcja pozwala na bezpieczne podnoszenie i \u0142atwe przewiezienie zbiornik\u00f3w Fuelstore za pomoc\u0105 ci\u0105gnik\u00f3w i innych maszyn. Uk\u0142ad TUZ oferuje wszechstronne mo\u017cliwo\u015bci skutecznego u\u017cycia w wielu r\u00f3\u017cnych zastosowaniach, na przyk\u0142ad w rolnictwie, le\u015bnictwie, budownictwie i przemy\u015ble. Jedn\u0105 z kluczowych zalet tego systemu jest zmniejszenie liczby przejazd\u00f3w w celu wykonania danego zadania: zbiornik mo\u017cna wie\u017a\u0107 z przodu pojazdu, natomiast z ty\u0142u mo\u017cna pod\u0142\u0105czy\u0107 inny osprz\u0119t lub holowa\u0107 przyczep\u0119. Ponadto mo\u017cliwo\u015b\u0107 przewiezienia zbiornika tylko za pomoc\u0105 TUZ sprawia, \u017ce ryzyko kradzie\u017cy zostaje znacznie obni\u017cone.  Cena nie zawiera zestawu pompowego.\" \/>\n<meta property=\"og:url\" content=\"https:\/\/www.eurogate-international.com\/pl\/produkt\/zbiornik-fuelstore-1500-l-z-rama\/\" \/>\n<meta property=\"og:site_name\" content=\"EuroGate International\" \/>\n<meta property=\"article:publisher\" content=\"https:\/\/www.facebook.com\/EuroGateInternational\/\" \/>\n<meta property=\"article:modified_time\" content=\"2020-03-09T11:08:37+00:00\" \/>\n<meta property=\"og:image\" content=\"https:\/\/www.eurogate-international.com\/wp-content\/uploads\/2018\/09\/3PL_Dieselopslagtank_1500L.png\" \/>\n\t<meta property=\"og:image:width\" content=\"1280\" \/>\n\t<meta property=\"og:image:height\" content=\"1024\" \/>\n\t<meta property=\"og:image:type\" content=\"image\/png\" \/>\n<meta name=\"twitter:card\" content=\"summary_large_image\" \/>\n<!-- \/ Yoast SEO plugin. -->","yoast_head_json":{"title":"Zbiornik Fuelstore 1500 l z ram\u0105 | EuroGate International","robots":{"index":"index","follow":"follow","max-snippet":"max-snippet:-1","max-image-preview":"max-image-preview:large","max-video-preview":"max-video-preview:-1"},"canonical":"https:\/\/www.eurogate-international.com\/pl\/produkt\/zbiornik-fuelstore-1500-l-z-rama\/","og_locale":"pl_PL","og_type":"article","og_title":"Zbiornik Fuelstore 1500 l z ram\u0105 | EuroGate International","og_description":"Oferowane przez nas zbiorniki Fuelstore o pojemno\u015bci\u00a0500,\u00a01000\u00a0i\u00a01500\u00a0litr\u00f3w. Konstrukcja pozwala na bezpieczne podnoszenie i \u0142atwe przewiezienie zbiornik\u00f3w Fuelstore za pomoc\u0105 ci\u0105gnik\u00f3w i innych maszyn. Uk\u0142ad TUZ oferuje wszechstronne mo\u017cliwo\u015bci skutecznego u\u017cycia w wielu r\u00f3\u017cnych zastosowaniach, na przyk\u0142ad w rolnictwie, le\u015bnictwie, budownictwie i przemy\u015ble. Jedn\u0105 z kluczowych zalet tego systemu jest zmniejszenie liczby przejazd\u00f3w w celu wykonania danego zadania: zbiornik mo\u017cna wie\u017a\u0107 z przodu pojazdu, natomiast z ty\u0142u mo\u017cna pod\u0142\u0105czy\u0107 inny osprz\u0119t lub holowa\u0107 przyczep\u0119. Ponadto mo\u017cliwo\u015b\u0107 przewiezienia zbiornika tylko za pomoc\u0105 TUZ sprawia, \u017ce ryzyko kradzie\u017cy zostaje znacznie obni\u017cone.  Cena nie zawiera zestawu pompowego.","og_url":"https:\/\/www.eurogate-international.com\/pl\/produkt\/zbiornik-fuelstore-1500-l-z-rama\/","og_site_name":"EuroGate International","article_publisher":"https:\/\/www.facebook.com\/EuroGateInternational\/","article_modified_time":"2020-03-09T11:08:37+00:00","og_image":[{"width":1280,"height":1024,"url":"https:\/\/www.eurogate-international.com\/wp-content\/uploads\/2018\/09\/3PL_Dieselopslagtank_1500L.png","type":"image\/png"}],"twitter_card":"summary_large_image","schema":{"@context":"https:\/\/schema.org","@graph":[{"@type":"WebPage","@id":"https:\/\/www.eurogate-international.com\/pl\/produkt\/zbiornik-fuelstore-1500-l-z-rama\/","url":"https:\/\/www.eurogate-international.com\/pl\/produkt\/zbiornik-fuelstore-1500-l-z-rama\/","name":"Zbiornik Fuelstore 1500 l z ram\u0105 | EuroGate International","isPartOf":{"@id":"https:\/\/www.eurogate-international.com\/pl\/#website"},"primaryImageOfPage":{"@id":"https:\/\/www.eurogate-international.com\/pl\/produkt\/zbiornik-fuelstore-1500-l-z-rama\/#primaryimage"},"image":{"@id":"https:\/\/www.eurogate-international.com\/pl\/produkt\/zbiornik-fuelstore-1500-l-z-rama\/#primaryimage"},"thumbnailUrl":"https:\/\/www.eurogate-international.com\/wp-content\/uploads\/2018\/09\/3PL_Dieselopslagtank_1500L.png","datePublished":"2018-09-28T09:22:12+00:00","dateModified":"2020-03-09T11:08:37+00:00","breadcrumb":{"@id":"https:\/\/www.eurogate-international.com\/pl\/produkt\/zbiornik-fuelstore-1500-l-z-rama\/#breadcrumb"},"inLanguage":"pl-PL","potentialAction":[{"@type":"ReadAction","target":["https:\/\/www.eurogate-international.com\/pl\/produkt\/zbiornik-fuelstore-1500-l-z-rama\/"]}]},{"@type":"ImageObject","inLanguage":"pl-PL","@id":"https:\/\/www.eurogate-international.com\/pl\/produkt\/zbiornik-fuelstore-1500-l-z-rama\/#primaryimage","url":"https:\/\/www.eurogate-international.com\/wp-content\/uploads\/2018\/09\/3PL_Dieselopslagtank_1500L.png","contentUrl":"https:\/\/www.eurogate-international.com\/wp-content\/uploads\/2018\/09\/3PL_Dieselopslagtank_1500L.png","width":1280,"height":1024},{"@type":"BreadcrumbList","@id":"https:\/\/www.eurogate-international.com\/pl\/produkt\/zbiornik-fuelstore-1500-l-z-rama\/#breadcrumb","itemListElement":[{"@type":"ListItem","position":1,"name":"Home","item":"https:\/\/www.eurogate-international.com\/pl\/home\/"},{"@type":"ListItem","position":2,"name":"Sklep","item":"https:\/\/www.eurogate-international.com\/pl\/sklep-2\/"},{"@type":"ListItem","position":3,"name":"Zbiornik Fuelstore 1500 l z ram\u0105"}]},{"@type":"WebSite","@id":"https:\/\/www.eurogate-international.com\/pl\/#website","url":"https:\/\/www.eurogate-international.com\/pl\/","name":"EuroGate International","description":"D\u00e9 onafhankelijke Europese verkooporganisatie van machines","publisher":{"@id":"https:\/\/www.eurogate-international.com\/pl\/#organization"},"potentialAction":[{"@type":"SearchAction","target":{"@type":"EntryPoint","urlTemplate":"https:\/\/www.eurogate-international.com\/pl\/?s={search_term_string}"},"query-input":{"@type":"PropertyValueSpecification","valueRequired":true,"valueName":"search_term_string"}}],"inLanguage":"pl-PL"},{"@type":"Organization","@id":"https:\/\/www.eurogate-international.com\/pl\/#organization","name":"EuroGate International","url":"https:\/\/www.eurogate-international.com\/pl\/","logo":{"@type":"ImageObject","inLanguage":"pl-PL","@id":"https:\/\/www.eurogate-international.com\/pl\/#\/schema\/logo\/image\/","url":"https:\/\/www.eurogate-international.com\/wp-content\/uploads\/2020\/06\/Logo_EuroGateInternational2.png","contentUrl":"https:\/\/www.eurogate-international.com\/wp-content\/uploads\/2020\/06\/Logo_EuroGateInternational2.png","width":150,"height":148,"caption":"EuroGate International"},"image":{"@id":"https:\/\/www.eurogate-international.com\/pl\/#\/schema\/logo\/image\/"},"sameAs":["https:\/\/www.facebook.com\/EuroGateInternational\/","https:\/\/nl.linkedin.com\/company\/eurogate-international"]}]}},"jetpack_sharing_enabled":true,"_links":{"self":[{"href":"https:\/\/www.eurogate-international.com\/pl\/wp-json\/wp\/v2\/product\/7991","targetHints":{"allow":["GET"]}}],"collection":[{"href":"https:\/\/www.eurogate-international.com\/pl\/wp-json\/wp\/v2\/product"}],"about":[{"href":"https:\/\/www.eurogate-international.com\/pl\/wp-json\/wp\/v2\/types\/product"}],"replies":[{"embeddable":true,"href":"https:\/\/www.eurogate-international.com\/pl\/wp-json\/wp\/v2\/comments?post=7991"}],"version-history":[{"count":0,"href":"https:\/\/www.eurogate-international.com\/pl\/wp-json\/wp\/v2\/product\/7991\/revisions"}],"wp:featuredmedia":[{"embeddable":true,"href":"https:\/\/www.eurogate-international.com\/pl\/wp-json\/wp\/v2\/media\/853"}],"wp:attachment":[{"href":"https:\/\/www.eurogate-international.com\/pl\/wp-json\/wp\/v2\/media?parent=7991"}],"wp:term":[{"taxonomy":"product_cat","embeddable":true,"href":"https:\/\/www.eurogate-international.com\/pl\/wp-json\/wp\/v2\/product_cat?post=7991"},{"taxonomy":"product_tag","embeddable":true,"href":"https:\/\/www.eurogate-international.com\/pl\/wp-json\/wp\/v2\/product_tag?post=7991"}],"curies":[{"name":"wp","href":"https:\/\/api.w.org\/{rel}","templated":true}]}}