{"id":8011,"date":"2018-10-02T12:44:47","date_gmt":"2018-10-02T11:44:47","guid":{"rendered":"https:\/\/www.eurogate-international.com\/product\/generator-tank-2000-liter\/"},"modified":"2020-03-09T12:13:37","modified_gmt":"2020-03-09T11:13:37","slug":"zbiornik-generatora-2000-l","status":"publish","type":"product","link":"https:\/\/www.eurogate-international.com\/pl\/produkt\/zbiornik-generatora-2000-l\/","title":{"rendered":"Zbiornik generatora 2000 l"},"excerpt":{"rendered":"<p>Przy rozwijaniu naszej serii dwup\u0142aszczowych zbiornik\u00f3w paliwa zasilaj\u0105cych generatory skupili\u015bmy si\u0119 na opracowaniu wytrzyma\u0142ego i \u0142atwego w u\u017cyciu produktu o doskona\u0142ym stosunku ceny do warto\u015bci. Kompaktowa konstrukcja, daj\u0105ca si\u0119 ustawia\u0107 jeden na drugim konstrukcja zbiornik\u00f3w pozwala na ich u\u017cycie w wielu r\u00f3\u017cnych zastosowaniach. Wykonana ca\u0142kowicie ze stali wzmocniona konstrukcja. Dopuszczone przez UN do transportu oleju nap\u0119dowego po drogach publicznych. W pe\u0142ni zgodne z aktualnymi przepisami \u015brodowiskowymi. 3 pary przy\u0142\u0105czy paliwa dla generator\u00f3w. Kompaktowa budowa pozwalaj\u0105ca na ustawianie jeden na drugim pozwalaj\u0105ca na wydajne transportowanie i sk\u0142adowanie. 4 szt. uch do podnoszenia i kieszenie na wid\u0142y pozwalaj\u0105 na \u0142atwe podnoszenie i przemieszczanie. Bezpieczna pokrywa z odporn\u0105 na akty wandalizmu os\u0142on\u0105 k\u0142\u00f3dki i otwieraniem z pomoc\u0105 si\u0142ownika gazowego.<\/p>\n<p>Cena nie zawiera zestawu pompowego.<\/p>\n","protected":false},"featured_media":5848,"comment_status":"closed","ping_status":"closed","template":"","meta":{"_acf_changed":false},"product_cat":[1796],"product_tag":[],"class_list":{"0":"post-8011","1":"product","2":"type-product","3":"status-publish","4":"has-post-thumbnail","6":"product_brand-fuel-proof-pl","7":"product_cat-zbiornik-paliwa-pl","9":"first","10":"instock","11":"taxable","12":"shipping-taxable","13":"purchasable","14":"product-type-variable","15":"has-default-attributes"},"acf":[],"yoast_head":"<!-- This site is optimized with the Yoast SEO plugin v27.2 - https:\/\/yoast.com\/product\/yoast-seo-wordpress\/ -->\n<title>Zbiornik generatora 2000 l | EuroGate International<\/title>\n<meta name=\"robots\" content=\"index, follow, max-snippet:-1, max-image-preview:large, max-video-preview:-1\" \/>\n<link rel=\"canonical\" href=\"https:\/\/www.eurogate-international.com\/pl\/produkt\/zbiornik-generatora-2000-l\/\" \/>\n<meta property=\"og:locale\" content=\"pl_PL\" \/>\n<meta property=\"og:type\" content=\"article\" \/>\n<meta property=\"og:title\" content=\"Zbiornik generatora 2000 l | EuroGate International\" \/>\n<meta property=\"og:description\" content=\"Przy rozwijaniu naszej serii dwup\u0142aszczowych zbiornik\u00f3w paliwa zasilaj\u0105cych generatory skupili\u015bmy si\u0119 na opracowaniu wytrzyma\u0142ego i \u0142atwego w u\u017cyciu produktu o doskona\u0142ym stosunku ceny do warto\u015bci. Kompaktowa konstrukcja, daj\u0105ca si\u0119 ustawia\u0107 jeden na drugim konstrukcja zbiornik\u00f3w pozwala na ich u\u017cycie w wielu r\u00f3\u017cnych zastosowaniach. Wykonana ca\u0142kowicie ze stali wzmocniona konstrukcja. Dopuszczone przez UN do transportu oleju nap\u0119dowego po drogach publicznych. W pe\u0142ni zgodne z aktualnymi przepisami \u015brodowiskowymi. 3 pary przy\u0142\u0105czy paliwa dla generator\u00f3w. Kompaktowa budowa pozwalaj\u0105ca na ustawianie jeden na drugim pozwalaj\u0105ca na wydajne transportowanie i sk\u0142adowanie. 4 szt. uch do podnoszenia i kieszenie na wid\u0142y pozwalaj\u0105 na \u0142atwe podnoszenie i przemieszczanie. Bezpieczna pokrywa z odporn\u0105 na akty wandalizmu os\u0142on\u0105 k\u0142\u00f3dki i otwieraniem z pomoc\u0105 si\u0142ownika gazowego.  Cena nie zawiera zestawu pompowego.\" \/>\n<meta property=\"og:url\" content=\"https:\/\/www.eurogate-international.com\/pl\/produkt\/zbiornik-generatora-2000-l\/\" \/>\n<meta property=\"og:site_name\" content=\"EuroGate International\" \/>\n<meta property=\"article:publisher\" content=\"https:\/\/www.facebook.com\/EuroGateInternational\/\" \/>\n<meta property=\"article:modified_time\" content=\"2020-03-09T11:13:37+00:00\" \/>\n<meta property=\"og:image\" content=\"https:\/\/www.eurogate-international.com\/wp-content\/uploads\/2018\/10\/Generator_2000L.png\" \/>\n\t<meta property=\"og:image:width\" content=\"1332\" \/>\n\t<meta property=\"og:image:height\" content=\"1065\" \/>\n\t<meta property=\"og:image:type\" content=\"image\/png\" \/>\n<meta name=\"twitter:card\" content=\"summary_large_image\" \/>\n<!-- \/ Yoast SEO plugin. -->","yoast_head_json":{"title":"Zbiornik generatora 2000 l | EuroGate International","robots":{"index":"index","follow":"follow","max-snippet":"max-snippet:-1","max-image-preview":"max-image-preview:large","max-video-preview":"max-video-preview:-1"},"canonical":"https:\/\/www.eurogate-international.com\/pl\/produkt\/zbiornik-generatora-2000-l\/","og_locale":"pl_PL","og_type":"article","og_title":"Zbiornik generatora 2000 l | EuroGate International","og_description":"Przy rozwijaniu naszej serii dwup\u0142aszczowych zbiornik\u00f3w paliwa zasilaj\u0105cych generatory skupili\u015bmy si\u0119 na opracowaniu wytrzyma\u0142ego i \u0142atwego w u\u017cyciu produktu o doskona\u0142ym stosunku ceny do warto\u015bci. Kompaktowa konstrukcja, daj\u0105ca si\u0119 ustawia\u0107 jeden na drugim konstrukcja zbiornik\u00f3w pozwala na ich u\u017cycie w wielu r\u00f3\u017cnych zastosowaniach. Wykonana ca\u0142kowicie ze stali wzmocniona konstrukcja. Dopuszczone przez UN do transportu oleju nap\u0119dowego po drogach publicznych. W pe\u0142ni zgodne z aktualnymi przepisami \u015brodowiskowymi. 3 pary przy\u0142\u0105czy paliwa dla generator\u00f3w. Kompaktowa budowa pozwalaj\u0105ca na ustawianie jeden na drugim pozwalaj\u0105ca na wydajne transportowanie i sk\u0142adowanie. 4 szt. uch do podnoszenia i kieszenie na wid\u0142y pozwalaj\u0105 na \u0142atwe podnoszenie i przemieszczanie. Bezpieczna pokrywa z odporn\u0105 na akty wandalizmu os\u0142on\u0105 k\u0142\u00f3dki i otwieraniem z pomoc\u0105 si\u0142ownika gazowego.  Cena nie zawiera zestawu pompowego.","og_url":"https:\/\/www.eurogate-international.com\/pl\/produkt\/zbiornik-generatora-2000-l\/","og_site_name":"EuroGate International","article_publisher":"https:\/\/www.facebook.com\/EuroGateInternational\/","article_modified_time":"2020-03-09T11:13:37+00:00","og_image":[{"width":1332,"height":1065,"url":"https:\/\/www.eurogate-international.com\/wp-content\/uploads\/2018\/10\/Generator_2000L.png","type":"image\/png"}],"twitter_card":"summary_large_image","schema":{"@context":"https:\/\/schema.org","@graph":[{"@type":"WebPage","@id":"https:\/\/www.eurogate-international.com\/pl\/produkt\/zbiornik-generatora-2000-l\/","url":"https:\/\/www.eurogate-international.com\/pl\/produkt\/zbiornik-generatora-2000-l\/","name":"Zbiornik generatora 2000 l | EuroGate International","isPartOf":{"@id":"https:\/\/www.eurogate-international.com\/pl\/#website"},"primaryImageOfPage":{"@id":"https:\/\/www.eurogate-international.com\/pl\/produkt\/zbiornik-generatora-2000-l\/#primaryimage"},"image":{"@id":"https:\/\/www.eurogate-international.com\/pl\/produkt\/zbiornik-generatora-2000-l\/#primaryimage"},"thumbnailUrl":"https:\/\/www.eurogate-international.com\/wp-content\/uploads\/2018\/10\/Generator_2000L.png","datePublished":"2018-10-02T11:44:47+00:00","dateModified":"2020-03-09T11:13:37+00:00","breadcrumb":{"@id":"https:\/\/www.eurogate-international.com\/pl\/produkt\/zbiornik-generatora-2000-l\/#breadcrumb"},"inLanguage":"pl-PL","potentialAction":[{"@type":"ReadAction","target":["https:\/\/www.eurogate-international.com\/pl\/produkt\/zbiornik-generatora-2000-l\/"]}]},{"@type":"ImageObject","inLanguage":"pl-PL","@id":"https:\/\/www.eurogate-international.com\/pl\/produkt\/zbiornik-generatora-2000-l\/#primaryimage","url":"https:\/\/www.eurogate-international.com\/wp-content\/uploads\/2018\/10\/Generator_2000L.png","contentUrl":"https:\/\/www.eurogate-international.com\/wp-content\/uploads\/2018\/10\/Generator_2000L.png","width":1332,"height":1065},{"@type":"BreadcrumbList","@id":"https:\/\/www.eurogate-international.com\/pl\/produkt\/zbiornik-generatora-2000-l\/#breadcrumb","itemListElement":[{"@type":"ListItem","position":1,"name":"Home","item":"https:\/\/www.eurogate-international.com\/pl\/home\/"},{"@type":"ListItem","position":2,"name":"Sklep","item":"https:\/\/www.eurogate-international.com\/pl\/sklep-2\/"},{"@type":"ListItem","position":3,"name":"Zbiornik generatora 2000 l"}]},{"@type":"WebSite","@id":"https:\/\/www.eurogate-international.com\/pl\/#website","url":"https:\/\/www.eurogate-international.com\/pl\/","name":"EuroGate International","description":"D\u00e9 onafhankelijke Europese verkooporganisatie van machines","publisher":{"@id":"https:\/\/www.eurogate-international.com\/pl\/#organization"},"potentialAction":[{"@type":"SearchAction","target":{"@type":"EntryPoint","urlTemplate":"https:\/\/www.eurogate-international.com\/pl\/?s={search_term_string}"},"query-input":{"@type":"PropertyValueSpecification","valueRequired":true,"valueName":"search_term_string"}}],"inLanguage":"pl-PL"},{"@type":"Organization","@id":"https:\/\/www.eurogate-international.com\/pl\/#organization","name":"EuroGate International","url":"https:\/\/www.eurogate-international.com\/pl\/","logo":{"@type":"ImageObject","inLanguage":"pl-PL","@id":"https:\/\/www.eurogate-international.com\/pl\/#\/schema\/logo\/image\/","url":"https:\/\/www.eurogate-international.com\/wp-content\/uploads\/2020\/06\/Logo_EuroGateInternational2.png","contentUrl":"https:\/\/www.eurogate-international.com\/wp-content\/uploads\/2020\/06\/Logo_EuroGateInternational2.png","width":150,"height":148,"caption":"EuroGate International"},"image":{"@id":"https:\/\/www.eurogate-international.com\/pl\/#\/schema\/logo\/image\/"},"sameAs":["https:\/\/www.facebook.com\/EuroGateInternational\/","https:\/\/nl.linkedin.com\/company\/eurogate-international"]}]}},"jetpack_sharing_enabled":true,"_links":{"self":[{"href":"https:\/\/www.eurogate-international.com\/pl\/wp-json\/wp\/v2\/product\/8011","targetHints":{"allow":["GET"]}}],"collection":[{"href":"https:\/\/www.eurogate-international.com\/pl\/wp-json\/wp\/v2\/product"}],"about":[{"href":"https:\/\/www.eurogate-international.com\/pl\/wp-json\/wp\/v2\/types\/product"}],"replies":[{"embeddable":true,"href":"https:\/\/www.eurogate-international.com\/pl\/wp-json\/wp\/v2\/comments?post=8011"}],"version-history":[{"count":0,"href":"https:\/\/www.eurogate-international.com\/pl\/wp-json\/wp\/v2\/product\/8011\/revisions"}],"wp:featuredmedia":[{"embeddable":true,"href":"https:\/\/www.eurogate-international.com\/pl\/wp-json\/wp\/v2\/media\/5848"}],"wp:attachment":[{"href":"https:\/\/www.eurogate-international.com\/pl\/wp-json\/wp\/v2\/media?parent=8011"}],"wp:term":[{"taxonomy":"product_cat","embeddable":true,"href":"https:\/\/www.eurogate-international.com\/pl\/wp-json\/wp\/v2\/product_cat?post=8011"},{"taxonomy":"product_tag","embeddable":true,"href":"https:\/\/www.eurogate-international.com\/pl\/wp-json\/wp\/v2\/product_tag?post=8011"}],"curies":[{"name":"wp","href":"https:\/\/api.w.org\/{rel}","templated":true}]}}