{"id":8027,"date":"2018-10-03T12:56:25","date_gmt":"2018-10-03T11:56:25","guid":{"rendered":"https:\/\/www.eurogate-international.com\/product\/highway-tow-diesel-bowser-500-liter\/"},"modified":"2020-03-09T12:16:51","modified_gmt":"2020-03-09T11:16:51","slug":"highway-tow-diesel-bowser-500-liter","status":"publish","type":"product","link":"https:\/\/www.eurogate-international.com\/pl\/produkt\/highway-tow-diesel-bowser-500-liter\/","title":{"rendered":"Cysterna do przewozu ON &#8211; 500 l"},"excerpt":{"rendered":"<p>Skonstruowane zgodnie z wytycznymi transportu paliw ADR oraz pe\u0142n\u0105 certyfikacj\u0105 EU cysterny o pojemno\u015bci 500 l jest idealnym rozwi\u0105zaniem do transportu paliwa drogami publicznymi. Zbiornik dwup\u0142aszczowy, zbudowany ze stali, osadzony na rurowym podwoziu z ocynkowanej stali. Opcje \u201eautostradowe\u201d zawieraj\u0105 hamulec r\u0119czny, hydraulicznie amortyzowany uchwyt z hamulcem najazdowym, b\u0142otniki, \u015bwiat\u0142a, osie i opony ze specyfikacj\u0105 wysokiej pr\u0119dko\u015bci. Zbiornik wewn\u0119trzny posiada system przegr\u00f3d zapewniaj\u0105cy stabilno\u015b\u0107 zbiornika na drodze. Sprz\u0119t dostawczy oraz wloty i wyloty do zbiornika wewn\u0119trznego s\u0105 bezpiecznie umieszczone w zamykanej skrzyni z ty\u0142u zbiornika. Do u\u017cytku z olejem nap\u0119dowym.<\/p>\n<p>Cena nie zawiera zestawu dystrybucji.<\/p>\n","protected":false},"featured_media":887,"comment_status":"closed","ping_status":"closed","template":"","meta":{"_acf_changed":false},"product_cat":[1796],"product_tag":[],"class_list":{"0":"post-8027","1":"product","2":"type-product","3":"status-publish","4":"has-post-thumbnail","6":"product_brand-fuel-proof-pl","7":"product_cat-zbiornik-paliwa-pl","9":"first","10":"instock","11":"taxable","12":"shipping-taxable","13":"purchasable","14":"product-type-variable","15":"has-default-attributes"},"acf":[],"yoast_head":"<!-- This site is optimized with the Yoast SEO plugin v27.5 - https:\/\/yoast.com\/product\/yoast-seo-wordpress\/ -->\n<title>Cysterna do przewozu ON - 500 l | EuroGate International<\/title>\n<meta name=\"robots\" content=\"index, follow, max-snippet:-1, max-image-preview:large, max-video-preview:-1\" \/>\n<link rel=\"canonical\" href=\"https:\/\/www.eurogate-international.com\/pl\/produkt\/highway-tow-diesel-bowser-500-liter\/\" \/>\n<meta property=\"og:locale\" content=\"pl_PL\" \/>\n<meta property=\"og:type\" content=\"article\" \/>\n<meta property=\"og:title\" content=\"Cysterna do przewozu ON - 500 l | EuroGate International\" \/>\n<meta property=\"og:description\" content=\"Skonstruowane zgodnie z wytycznymi transportu paliw ADR oraz pe\u0142n\u0105 certyfikacj\u0105 EU cysterny o pojemno\u015bci 500 l jest idealnym rozwi\u0105zaniem do transportu paliwa drogami publicznymi. Zbiornik dwup\u0142aszczowy, zbudowany ze stali, osadzony na rurowym podwoziu z ocynkowanej stali. Opcje \u201eautostradowe\u201d zawieraj\u0105 hamulec r\u0119czny, hydraulicznie amortyzowany uchwyt z hamulcem najazdowym, b\u0142otniki, \u015bwiat\u0142a, osie i opony ze specyfikacj\u0105 wysokiej pr\u0119dko\u015bci. Zbiornik wewn\u0119trzny posiada system przegr\u00f3d zapewniaj\u0105cy stabilno\u015b\u0107 zbiornika na drodze. Sprz\u0119t dostawczy oraz wloty i wyloty do zbiornika wewn\u0119trznego s\u0105 bezpiecznie umieszczone w zamykanej skrzyni z ty\u0142u zbiornika. Do u\u017cytku z olejem nap\u0119dowym.  Cena nie zawiera zestawu dystrybucji.\" \/>\n<meta property=\"og:url\" content=\"https:\/\/www.eurogate-international.com\/pl\/produkt\/highway-tow-diesel-bowser-500-liter\/\" \/>\n<meta property=\"og:site_name\" content=\"EuroGate International\" \/>\n<meta property=\"article:publisher\" content=\"https:\/\/www.facebook.com\/EuroGateInternational\/\" \/>\n<meta property=\"article:modified_time\" content=\"2020-03-09T11:16:51+00:00\" \/>\n<meta property=\"og:image\" content=\"https:\/\/www.eurogate-international.com\/wp-content\/uploads\/2018\/10\/Highway_Tow_Diesel_Bowser_500L.png\" \/>\n\t<meta property=\"og:image:width\" content=\"4032\" \/>\n\t<meta property=\"og:image:height\" content=\"3024\" \/>\n\t<meta property=\"og:image:type\" content=\"image\/png\" \/>\n<meta name=\"twitter:card\" content=\"summary_large_image\" \/>\n<!-- \/ Yoast SEO plugin. -->","yoast_head_json":{"title":"Cysterna do przewozu ON - 500 l | EuroGate International","robots":{"index":"index","follow":"follow","max-snippet":"max-snippet:-1","max-image-preview":"max-image-preview:large","max-video-preview":"max-video-preview:-1"},"canonical":"https:\/\/www.eurogate-international.com\/pl\/produkt\/highway-tow-diesel-bowser-500-liter\/","og_locale":"pl_PL","og_type":"article","og_title":"Cysterna do przewozu ON - 500 l | EuroGate International","og_description":"Skonstruowane zgodnie z wytycznymi transportu paliw ADR oraz pe\u0142n\u0105 certyfikacj\u0105 EU cysterny o pojemno\u015bci 500 l jest idealnym rozwi\u0105zaniem do transportu paliwa drogami publicznymi. Zbiornik dwup\u0142aszczowy, zbudowany ze stali, osadzony na rurowym podwoziu z ocynkowanej stali. Opcje \u201eautostradowe\u201d zawieraj\u0105 hamulec r\u0119czny, hydraulicznie amortyzowany uchwyt z hamulcem najazdowym, b\u0142otniki, \u015bwiat\u0142a, osie i opony ze specyfikacj\u0105 wysokiej pr\u0119dko\u015bci. Zbiornik wewn\u0119trzny posiada system przegr\u00f3d zapewniaj\u0105cy stabilno\u015b\u0107 zbiornika na drodze. Sprz\u0119t dostawczy oraz wloty i wyloty do zbiornika wewn\u0119trznego s\u0105 bezpiecznie umieszczone w zamykanej skrzyni z ty\u0142u zbiornika. Do u\u017cytku z olejem nap\u0119dowym.  Cena nie zawiera zestawu dystrybucji.","og_url":"https:\/\/www.eurogate-international.com\/pl\/produkt\/highway-tow-diesel-bowser-500-liter\/","og_site_name":"EuroGate International","article_publisher":"https:\/\/www.facebook.com\/EuroGateInternational\/","article_modified_time":"2020-03-09T11:16:51+00:00","og_image":[{"width":4032,"height":3024,"url":"https:\/\/www.eurogate-international.com\/wp-content\/uploads\/2018\/10\/Highway_Tow_Diesel_Bowser_500L.png","type":"image\/png"}],"twitter_card":"summary_large_image","schema":{"@context":"https:\/\/schema.org","@graph":[{"@type":"WebPage","@id":"https:\/\/www.eurogate-international.com\/pl\/produkt\/highway-tow-diesel-bowser-500-liter\/","url":"https:\/\/www.eurogate-international.com\/pl\/produkt\/highway-tow-diesel-bowser-500-liter\/","name":"Cysterna do przewozu ON - 500 l | EuroGate International","isPartOf":{"@id":"https:\/\/www.eurogate-international.com\/pl\/#website"},"primaryImageOfPage":{"@id":"https:\/\/www.eurogate-international.com\/pl\/produkt\/highway-tow-diesel-bowser-500-liter\/#primaryimage"},"image":{"@id":"https:\/\/www.eurogate-international.com\/pl\/produkt\/highway-tow-diesel-bowser-500-liter\/#primaryimage"},"thumbnailUrl":"https:\/\/www.eurogate-international.com\/wp-content\/uploads\/2018\/10\/Highway_Tow_Diesel_Bowser_500L.png","datePublished":"2018-10-03T11:56:25+00:00","dateModified":"2020-03-09T11:16:51+00:00","breadcrumb":{"@id":"https:\/\/www.eurogate-international.com\/pl\/produkt\/highway-tow-diesel-bowser-500-liter\/#breadcrumb"},"inLanguage":"pl-PL","potentialAction":[{"@type":"ReadAction","target":["https:\/\/www.eurogate-international.com\/pl\/produkt\/highway-tow-diesel-bowser-500-liter\/"]}]},{"@type":"ImageObject","inLanguage":"pl-PL","@id":"https:\/\/www.eurogate-international.com\/pl\/produkt\/highway-tow-diesel-bowser-500-liter\/#primaryimage","url":"https:\/\/www.eurogate-international.com\/wp-content\/uploads\/2018\/10\/Highway_Tow_Diesel_Bowser_500L.png","contentUrl":"https:\/\/www.eurogate-international.com\/wp-content\/uploads\/2018\/10\/Highway_Tow_Diesel_Bowser_500L.png","width":4032,"height":3024},{"@type":"BreadcrumbList","@id":"https:\/\/www.eurogate-international.com\/pl\/produkt\/highway-tow-diesel-bowser-500-liter\/#breadcrumb","itemListElement":[{"@type":"ListItem","position":1,"name":"Home","item":"https:\/\/www.eurogate-international.com\/pl\/home\/"},{"@type":"ListItem","position":2,"name":"Sklep","item":"https:\/\/www.eurogate-international.com\/pl\/sklep-2\/"},{"@type":"ListItem","position":3,"name":"Cysterna do przewozu ON &#8211; 500 l"}]},{"@type":"WebSite","@id":"https:\/\/www.eurogate-international.com\/pl\/#website","url":"https:\/\/www.eurogate-international.com\/pl\/","name":"EuroGate International","description":"D\u00e9 onafhankelijke Europese verkooporganisatie van machines","publisher":{"@id":"https:\/\/www.eurogate-international.com\/pl\/#organization"},"potentialAction":[{"@type":"SearchAction","target":{"@type":"EntryPoint","urlTemplate":"https:\/\/www.eurogate-international.com\/pl\/?s={search_term_string}"},"query-input":{"@type":"PropertyValueSpecification","valueRequired":true,"valueName":"search_term_string"}}],"inLanguage":"pl-PL"},{"@type":"Organization","@id":"https:\/\/www.eurogate-international.com\/pl\/#organization","name":"EuroGate International","url":"https:\/\/www.eurogate-international.com\/pl\/","logo":{"@type":"ImageObject","inLanguage":"pl-PL","@id":"https:\/\/www.eurogate-international.com\/pl\/#\/schema\/logo\/image\/","url":"https:\/\/www.eurogate-international.com\/wp-content\/uploads\/2020\/06\/Logo_EuroGateInternational2.png","contentUrl":"https:\/\/www.eurogate-international.com\/wp-content\/uploads\/2020\/06\/Logo_EuroGateInternational2.png","width":150,"height":148,"caption":"EuroGate International"},"image":{"@id":"https:\/\/www.eurogate-international.com\/pl\/#\/schema\/logo\/image\/"},"sameAs":["https:\/\/www.facebook.com\/EuroGateInternational\/","https:\/\/nl.linkedin.com\/company\/eurogate-international"]}]}},"jetpack_sharing_enabled":true,"_links":{"self":[{"href":"https:\/\/www.eurogate-international.com\/pl\/wp-json\/wp\/v2\/product\/8027","targetHints":{"allow":["GET"]}}],"collection":[{"href":"https:\/\/www.eurogate-international.com\/pl\/wp-json\/wp\/v2\/product"}],"about":[{"href":"https:\/\/www.eurogate-international.com\/pl\/wp-json\/wp\/v2\/types\/product"}],"replies":[{"embeddable":true,"href":"https:\/\/www.eurogate-international.com\/pl\/wp-json\/wp\/v2\/comments?post=8027"}],"version-history":[{"count":0,"href":"https:\/\/www.eurogate-international.com\/pl\/wp-json\/wp\/v2\/product\/8027\/revisions"}],"wp:featuredmedia":[{"embeddable":true,"href":"https:\/\/www.eurogate-international.com\/pl\/wp-json\/wp\/v2\/media\/887"}],"wp:attachment":[{"href":"https:\/\/www.eurogate-international.com\/pl\/wp-json\/wp\/v2\/media?parent=8027"}],"wp:term":[{"taxonomy":"product_cat","embeddable":true,"href":"https:\/\/www.eurogate-international.com\/pl\/wp-json\/wp\/v2\/product_cat?post=8027"},{"taxonomy":"product_tag","embeddable":true,"href":"https:\/\/www.eurogate-international.com\/pl\/wp-json\/wp\/v2\/product_tag?post=8027"}],"curies":[{"name":"wp","href":"https:\/\/api.w.org\/{rel}","templated":true}]}}