{"id":8044,"date":"2018-10-03T13:31:28","date_gmt":"2018-10-03T12:31:28","guid":{"rendered":"https:\/\/www.eurogate-international.com\/product\/highway-tow-diesel-bowser-2000-liter\/"},"modified":"2020-03-09T12:22:15","modified_gmt":"2020-03-09T11:22:15","slug":"highway-tow-diesel-bowser-2000-liter","status":"publish","type":"product","link":"https:\/\/www.eurogate-international.com\/pl\/produkt\/highway-tow-diesel-bowser-2000-liter\/","title":{"rendered":"Cysterna do przewozu ON &#8211; 2000 l (dwuosiowa)"},"excerpt":{"rendered":"<p>Cysterna do transportu ON &#8211; 2000 litr\u00f3w z zbiornikiem dwup\u0142aszczowym, kt\u00f3ry jest zamontowany na przyczepie z podw\u00f3jn\u0105 osi\u0105. Zbiornik zbudowany ze stali o grubo\u015bci 3 i 4 mm osadzony jest na rurowym podwoziu z ocynkowanej stali. Wysoka jako\u015b\u0107 wykonania cysterny zapewnia lata beztroskiej jazdy. Ponadto, produkt ten posiada homologacj\u0119 drogow\u0105 i wyr\u00f3\u017cnia si\u0119 obecnie na rynku, jako unikalny produkt. Skonstruowany zgodnie z wytycznymi transportu paliw ADR oraz z pe\u0142n\u0105 certyfikacj\u0105. Wyposa\u017cona w hamulec najazdowy, pe\u0142ne \u015bwiat\u0142a drogowe i b\u0142otniki.\u00a0 Dodatkowo, przyczepa wyposa\u017cona w cztery uchwyty do podnoszenia a dystrybutor, wraz z pomp\u0105 i w\u0119\u017cem umieszczony w zamykanej skrzyni z ty\u0142u cysterny. Dost\u0119pne r\u00f3\u017cne opcje pomp.<\/p>\n<p>Cena nie obejmuje zestawu dystrybucji paliwa.<\/p>\n","protected":false},"featured_media":901,"comment_status":"closed","ping_status":"closed","template":"","meta":{"_acf_changed":false},"product_cat":[1796],"product_tag":[],"class_list":{"0":"post-8044","1":"product","2":"type-product","3":"status-publish","4":"has-post-thumbnail","6":"product_brand-fuel-proof-pl","7":"product_cat-zbiornik-paliwa-pl","9":"first","10":"instock","11":"taxable","12":"shipping-taxable","13":"purchasable","14":"product-type-variable","15":"has-default-attributes"},"acf":[],"yoast_head":"<!-- This site is optimized with the Yoast SEO plugin v27.5 - https:\/\/yoast.com\/product\/yoast-seo-wordpress\/ -->\n<title>Cysterna do przewozu ON - 2000 l (dwuosiowa) | EuroGate International<\/title>\n<meta name=\"robots\" content=\"index, follow, max-snippet:-1, max-image-preview:large, max-video-preview:-1\" \/>\n<link rel=\"canonical\" href=\"https:\/\/www.eurogate-international.com\/pl\/produkt\/highway-tow-diesel-bowser-2000-liter\/\" \/>\n<meta property=\"og:locale\" content=\"pl_PL\" \/>\n<meta property=\"og:type\" content=\"article\" \/>\n<meta property=\"og:title\" content=\"Cysterna do przewozu ON - 2000 l (dwuosiowa) | EuroGate International\" \/>\n<meta property=\"og:description\" content=\"Cysterna do transportu ON - 2000 litr\u00f3w z zbiornikiem dwup\u0142aszczowym, kt\u00f3ry jest zamontowany na przyczepie z podw\u00f3jn\u0105 osi\u0105. Zbiornik zbudowany ze stali o grubo\u015bci 3 i 4 mm osadzony jest na rurowym podwoziu z ocynkowanej stali. Wysoka jako\u015b\u0107 wykonania cysterny zapewnia lata beztroskiej jazdy. Ponadto, produkt ten posiada homologacj\u0119 drogow\u0105 i wyr\u00f3\u017cnia si\u0119 obecnie na rynku, jako unikalny produkt. Skonstruowany zgodnie z wytycznymi transportu paliw ADR oraz z pe\u0142n\u0105 certyfikacj\u0105. Wyposa\u017cona w hamulec najazdowy, pe\u0142ne \u015bwiat\u0142a drogowe i b\u0142otniki.\u00a0 Dodatkowo, przyczepa wyposa\u017cona w cztery uchwyty do podnoszenia a dystrybutor, wraz z pomp\u0105 i w\u0119\u017cem umieszczony w zamykanej skrzyni z ty\u0142u cysterny. Dost\u0119pne r\u00f3\u017cne opcje pomp.  Cena nie obejmuje zestawu dystrybucji paliwa.\" \/>\n<meta property=\"og:url\" content=\"https:\/\/www.eurogate-international.com\/pl\/produkt\/highway-tow-diesel-bowser-2000-liter\/\" \/>\n<meta property=\"og:site_name\" content=\"EuroGate International\" \/>\n<meta property=\"article:publisher\" content=\"https:\/\/www.facebook.com\/EuroGateInternational\/\" \/>\n<meta property=\"article:modified_time\" content=\"2020-03-09T11:22:15+00:00\" \/>\n<meta property=\"og:image\" content=\"https:\/\/www.eurogate-international.com\/wp-content\/uploads\/2018\/10\/Higway_Tow_Diesel_Bowser_2000L.png\" \/>\n\t<meta property=\"og:image:width\" content=\"2400\" \/>\n\t<meta property=\"og:image:height\" content=\"1800\" \/>\n\t<meta property=\"og:image:type\" content=\"image\/png\" \/>\n<meta name=\"twitter:card\" content=\"summary_large_image\" \/>\n<!-- \/ Yoast SEO plugin. -->","yoast_head_json":{"title":"Cysterna do przewozu ON - 2000 l (dwuosiowa) | EuroGate International","robots":{"index":"index","follow":"follow","max-snippet":"max-snippet:-1","max-image-preview":"max-image-preview:large","max-video-preview":"max-video-preview:-1"},"canonical":"https:\/\/www.eurogate-international.com\/pl\/produkt\/highway-tow-diesel-bowser-2000-liter\/","og_locale":"pl_PL","og_type":"article","og_title":"Cysterna do przewozu ON - 2000 l (dwuosiowa) | EuroGate International","og_description":"Cysterna do transportu ON - 2000 litr\u00f3w z zbiornikiem dwup\u0142aszczowym, kt\u00f3ry jest zamontowany na przyczepie z podw\u00f3jn\u0105 osi\u0105. Zbiornik zbudowany ze stali o grubo\u015bci 3 i 4 mm osadzony jest na rurowym podwoziu z ocynkowanej stali. Wysoka jako\u015b\u0107 wykonania cysterny zapewnia lata beztroskiej jazdy. Ponadto, produkt ten posiada homologacj\u0119 drogow\u0105 i wyr\u00f3\u017cnia si\u0119 obecnie na rynku, jako unikalny produkt. Skonstruowany zgodnie z wytycznymi transportu paliw ADR oraz z pe\u0142n\u0105 certyfikacj\u0105. Wyposa\u017cona w hamulec najazdowy, pe\u0142ne \u015bwiat\u0142a drogowe i b\u0142otniki.\u00a0 Dodatkowo, przyczepa wyposa\u017cona w cztery uchwyty do podnoszenia a dystrybutor, wraz z pomp\u0105 i w\u0119\u017cem umieszczony w zamykanej skrzyni z ty\u0142u cysterny. Dost\u0119pne r\u00f3\u017cne opcje pomp.  Cena nie obejmuje zestawu dystrybucji paliwa.","og_url":"https:\/\/www.eurogate-international.com\/pl\/produkt\/highway-tow-diesel-bowser-2000-liter\/","og_site_name":"EuroGate International","article_publisher":"https:\/\/www.facebook.com\/EuroGateInternational\/","article_modified_time":"2020-03-09T11:22:15+00:00","og_image":[{"width":2400,"height":1800,"url":"https:\/\/www.eurogate-international.com\/wp-content\/uploads\/2018\/10\/Higway_Tow_Diesel_Bowser_2000L.png","type":"image\/png"}],"twitter_card":"summary_large_image","schema":{"@context":"https:\/\/schema.org","@graph":[{"@type":"WebPage","@id":"https:\/\/www.eurogate-international.com\/pl\/produkt\/highway-tow-diesel-bowser-2000-liter\/","url":"https:\/\/www.eurogate-international.com\/pl\/produkt\/highway-tow-diesel-bowser-2000-liter\/","name":"Cysterna do przewozu ON - 2000 l (dwuosiowa) | EuroGate International","isPartOf":{"@id":"https:\/\/www.eurogate-international.com\/pl\/#website"},"primaryImageOfPage":{"@id":"https:\/\/www.eurogate-international.com\/pl\/produkt\/highway-tow-diesel-bowser-2000-liter\/#primaryimage"},"image":{"@id":"https:\/\/www.eurogate-international.com\/pl\/produkt\/highway-tow-diesel-bowser-2000-liter\/#primaryimage"},"thumbnailUrl":"https:\/\/www.eurogate-international.com\/wp-content\/uploads\/2018\/10\/Higway_Tow_Diesel_Bowser_2000L.png","datePublished":"2018-10-03T12:31:28+00:00","dateModified":"2020-03-09T11:22:15+00:00","breadcrumb":{"@id":"https:\/\/www.eurogate-international.com\/pl\/produkt\/highway-tow-diesel-bowser-2000-liter\/#breadcrumb"},"inLanguage":"pl-PL","potentialAction":[{"@type":"ReadAction","target":["https:\/\/www.eurogate-international.com\/pl\/produkt\/highway-tow-diesel-bowser-2000-liter\/"]}]},{"@type":"ImageObject","inLanguage":"pl-PL","@id":"https:\/\/www.eurogate-international.com\/pl\/produkt\/highway-tow-diesel-bowser-2000-liter\/#primaryimage","url":"https:\/\/www.eurogate-international.com\/wp-content\/uploads\/2018\/10\/Higway_Tow_Diesel_Bowser_2000L.png","contentUrl":"https:\/\/www.eurogate-international.com\/wp-content\/uploads\/2018\/10\/Higway_Tow_Diesel_Bowser_2000L.png","width":2400,"height":1800},{"@type":"BreadcrumbList","@id":"https:\/\/www.eurogate-international.com\/pl\/produkt\/highway-tow-diesel-bowser-2000-liter\/#breadcrumb","itemListElement":[{"@type":"ListItem","position":1,"name":"Home","item":"https:\/\/www.eurogate-international.com\/pl\/home\/"},{"@type":"ListItem","position":2,"name":"Sklep","item":"https:\/\/www.eurogate-international.com\/pl\/sklep-2\/"},{"@type":"ListItem","position":3,"name":"Cysterna do przewozu ON &#8211; 2000 l (dwuosiowa)"}]},{"@type":"WebSite","@id":"https:\/\/www.eurogate-international.com\/pl\/#website","url":"https:\/\/www.eurogate-international.com\/pl\/","name":"EuroGate International","description":"D\u00e9 onafhankelijke Europese verkooporganisatie van machines","publisher":{"@id":"https:\/\/www.eurogate-international.com\/pl\/#organization"},"potentialAction":[{"@type":"SearchAction","target":{"@type":"EntryPoint","urlTemplate":"https:\/\/www.eurogate-international.com\/pl\/?s={search_term_string}"},"query-input":{"@type":"PropertyValueSpecification","valueRequired":true,"valueName":"search_term_string"}}],"inLanguage":"pl-PL"},{"@type":"Organization","@id":"https:\/\/www.eurogate-international.com\/pl\/#organization","name":"EuroGate International","url":"https:\/\/www.eurogate-international.com\/pl\/","logo":{"@type":"ImageObject","inLanguage":"pl-PL","@id":"https:\/\/www.eurogate-international.com\/pl\/#\/schema\/logo\/image\/","url":"https:\/\/www.eurogate-international.com\/wp-content\/uploads\/2020\/06\/Logo_EuroGateInternational2.png","contentUrl":"https:\/\/www.eurogate-international.com\/wp-content\/uploads\/2020\/06\/Logo_EuroGateInternational2.png","width":150,"height":148,"caption":"EuroGate International"},"image":{"@id":"https:\/\/www.eurogate-international.com\/pl\/#\/schema\/logo\/image\/"},"sameAs":["https:\/\/www.facebook.com\/EuroGateInternational\/","https:\/\/nl.linkedin.com\/company\/eurogate-international"]}]}},"jetpack_sharing_enabled":true,"_links":{"self":[{"href":"https:\/\/www.eurogate-international.com\/pl\/wp-json\/wp\/v2\/product\/8044","targetHints":{"allow":["GET"]}}],"collection":[{"href":"https:\/\/www.eurogate-international.com\/pl\/wp-json\/wp\/v2\/product"}],"about":[{"href":"https:\/\/www.eurogate-international.com\/pl\/wp-json\/wp\/v2\/types\/product"}],"replies":[{"embeddable":true,"href":"https:\/\/www.eurogate-international.com\/pl\/wp-json\/wp\/v2\/comments?post=8044"}],"version-history":[{"count":0,"href":"https:\/\/www.eurogate-international.com\/pl\/wp-json\/wp\/v2\/product\/8044\/revisions"}],"wp:featuredmedia":[{"embeddable":true,"href":"https:\/\/www.eurogate-international.com\/pl\/wp-json\/wp\/v2\/media\/901"}],"wp:attachment":[{"href":"https:\/\/www.eurogate-international.com\/pl\/wp-json\/wp\/v2\/media?parent=8044"}],"wp:term":[{"taxonomy":"product_cat","embeddable":true,"href":"https:\/\/www.eurogate-international.com\/pl\/wp-json\/wp\/v2\/product_cat?post=8044"},{"taxonomy":"product_tag","embeddable":true,"href":"https:\/\/www.eurogate-international.com\/pl\/wp-json\/wp\/v2\/product_tag?post=8044"}],"curies":[{"name":"wp","href":"https:\/\/api.w.org\/{rel}","templated":true}]}}