{"id":8154,"date":"2018-09-24T15:19:13","date_gmt":"2018-09-24T14:19:13","guid":{"rendered":"https:\/\/www.eurogate-international.com\/product\/pd-140-pneumatisch\/"},"modified":"2019-03-26T16:59:09","modified_gmt":"2019-03-26T15:59:09","slug":"pd-140","status":"publish","type":"product","link":"https:\/\/www.eurogate-international.com\/pl\/produkt\/pd-140\/","title":{"rendered":"PD-140"},"excerpt":{"rendered":"<p>Model PD-140 to pot\u0119\u017cne urz\u0105dzenie. Cz\u0119sto okre\u015blany, jako kafar barier ochronnych, PD-140 bez problemu wbija w ziemi\u0119 pale, z kt\u00f3rymi konkurencyjne systemy nie mog\u0105 sobie poradzi\u0107. \u017baden inny system nie zapewnia tak korzystnego zwrotu z inwestycji jak PD-140. PD-140 przeznaczony jest w szczeg\u00f3lno\u015bci do wbijania s\u0142upk\u00f3w barier ochronnych, s\u0142upk\u00f3w podtrzymuj\u0105cych ci\u0119\u017ckie linie, s\u0142upk\u00f3w naro\u017cnych, s\u0142upk\u00f3w bramowych, s\u0142upk\u00f3w os\u0142ony boiska do baseballa, pali cumowniczych, pali stabilizacyjnych, pali fundamentowych, s\u0142upk\u00f3w drewnianych, s\u0142upk\u00f3w betonowych, s\u0142upk\u00f3w aluminiowych, rur studniowych, os\u0142on studniowych i s\u0142upk\u00f3w ogrodzeniowych o \u015brednicy od 5 do 12 cm.<\/p>\n","protected":false},"featured_media":633,"comment_status":"closed","ping_status":"closed","template":"","meta":{"_acf_changed":false},"product_cat":[2314,1806],"product_tag":[],"class_list":{"0":"post-8154","1":"product","2":"type-product","3":"status-publish","4":"has-post-thumbnail","6":"product_brand-rhino-tool-pl","7":"product_cat-kafary","8":"product_cat-kafary-maszyn","9":"pa_aandrijving-pneumatyczny","11":"first","12":"instock","13":"taxable","14":"shipping-taxable","15":"purchasable","16":"product-type-simple"},"acf":[],"yoast_head":"<!-- This site is optimized with the Yoast SEO plugin v27.4 - https:\/\/yoast.com\/product\/yoast-seo-wordpress\/ -->\n<title>PD-140 | EuroGate International<\/title>\n<meta name=\"robots\" content=\"index, follow, max-snippet:-1, max-image-preview:large, max-video-preview:-1\" \/>\n<link rel=\"canonical\" href=\"https:\/\/www.eurogate-international.com\/pl\/produkt\/pd-140\/\" \/>\n<meta property=\"og:locale\" content=\"pl_PL\" \/>\n<meta property=\"og:type\" content=\"article\" \/>\n<meta property=\"og:title\" content=\"PD-140 | EuroGate International\" \/>\n<meta property=\"og:description\" content=\"Model PD-140 to pot\u0119\u017cne urz\u0105dzenie. Cz\u0119sto okre\u015blany, jako kafar barier ochronnych, PD-140 bez problemu wbija w ziemi\u0119 pale, z kt\u00f3rymi konkurencyjne systemy nie mog\u0105 sobie poradzi\u0107. \u017baden inny system nie zapewnia tak korzystnego zwrotu z inwestycji jak PD-140. PD-140 przeznaczony jest w szczeg\u00f3lno\u015bci do wbijania s\u0142upk\u00f3w barier ochronnych, s\u0142upk\u00f3w podtrzymuj\u0105cych ci\u0119\u017ckie linie, s\u0142upk\u00f3w naro\u017cnych, s\u0142upk\u00f3w bramowych, s\u0142upk\u00f3w os\u0142ony boiska do baseballa, pali cumowniczych, pali stabilizacyjnych, pali fundamentowych, s\u0142upk\u00f3w drewnianych, s\u0142upk\u00f3w betonowych, s\u0142upk\u00f3w aluminiowych, rur studniowych, os\u0142on studniowych i s\u0142upk\u00f3w ogrodzeniowych o \u015brednicy od 5 do 12 cm.\" \/>\n<meta property=\"og:url\" content=\"https:\/\/www.eurogate-international.com\/pl\/produkt\/pd-140\/\" \/>\n<meta property=\"og:site_name\" content=\"EuroGate International\" \/>\n<meta property=\"article:publisher\" content=\"https:\/\/www.facebook.com\/EuroGateInternational\/\" \/>\n<meta property=\"article:modified_time\" content=\"2019-03-26T15:59:09+00:00\" \/>\n<meta property=\"og:image\" content=\"https:\/\/www.eurogate-international.com\/wp-content\/uploads\/2018\/09\/PD140_palenrammer.png\" \/>\n\t<meta property=\"og:image:width\" content=\"2500\" \/>\n\t<meta property=\"og:image:height\" content=\"2500\" \/>\n\t<meta property=\"og:image:type\" content=\"image\/png\" \/>\n<meta name=\"twitter:card\" content=\"summary_large_image\" \/>\n<!-- \/ Yoast SEO plugin. -->","yoast_head_json":{"title":"PD-140 | EuroGate International","robots":{"index":"index","follow":"follow","max-snippet":"max-snippet:-1","max-image-preview":"max-image-preview:large","max-video-preview":"max-video-preview:-1"},"canonical":"https:\/\/www.eurogate-international.com\/pl\/produkt\/pd-140\/","og_locale":"pl_PL","og_type":"article","og_title":"PD-140 | EuroGate International","og_description":"Model PD-140 to pot\u0119\u017cne urz\u0105dzenie. Cz\u0119sto okre\u015blany, jako kafar barier ochronnych, PD-140 bez problemu wbija w ziemi\u0119 pale, z kt\u00f3rymi konkurencyjne systemy nie mog\u0105 sobie poradzi\u0107. \u017baden inny system nie zapewnia tak korzystnego zwrotu z inwestycji jak PD-140. PD-140 przeznaczony jest w szczeg\u00f3lno\u015bci do wbijania s\u0142upk\u00f3w barier ochronnych, s\u0142upk\u00f3w podtrzymuj\u0105cych ci\u0119\u017ckie linie, s\u0142upk\u00f3w naro\u017cnych, s\u0142upk\u00f3w bramowych, s\u0142upk\u00f3w os\u0142ony boiska do baseballa, pali cumowniczych, pali stabilizacyjnych, pali fundamentowych, s\u0142upk\u00f3w drewnianych, s\u0142upk\u00f3w betonowych, s\u0142upk\u00f3w aluminiowych, rur studniowych, os\u0142on studniowych i s\u0142upk\u00f3w ogrodzeniowych o \u015brednicy od 5 do 12 cm.","og_url":"https:\/\/www.eurogate-international.com\/pl\/produkt\/pd-140\/","og_site_name":"EuroGate International","article_publisher":"https:\/\/www.facebook.com\/EuroGateInternational\/","article_modified_time":"2019-03-26T15:59:09+00:00","og_image":[{"width":2500,"height":2500,"url":"https:\/\/www.eurogate-international.com\/wp-content\/uploads\/2018\/09\/PD140_palenrammer.png","type":"image\/png"}],"twitter_card":"summary_large_image","schema":{"@context":"https:\/\/schema.org","@graph":[{"@type":"WebPage","@id":"https:\/\/www.eurogate-international.com\/pl\/produkt\/pd-140\/","url":"https:\/\/www.eurogate-international.com\/pl\/produkt\/pd-140\/","name":"PD-140 | EuroGate International","isPartOf":{"@id":"https:\/\/www.eurogate-international.com\/pl\/#website"},"primaryImageOfPage":{"@id":"https:\/\/www.eurogate-international.com\/pl\/produkt\/pd-140\/#primaryimage"},"image":{"@id":"https:\/\/www.eurogate-international.com\/pl\/produkt\/pd-140\/#primaryimage"},"thumbnailUrl":"https:\/\/www.eurogate-international.com\/wp-content\/uploads\/2018\/09\/PD140_palenrammer.png","datePublished":"2018-09-24T14:19:13+00:00","dateModified":"2019-03-26T15:59:09+00:00","breadcrumb":{"@id":"https:\/\/www.eurogate-international.com\/pl\/produkt\/pd-140\/#breadcrumb"},"inLanguage":"pl-PL","potentialAction":[{"@type":"ReadAction","target":["https:\/\/www.eurogate-international.com\/pl\/produkt\/pd-140\/"]}]},{"@type":"ImageObject","inLanguage":"pl-PL","@id":"https:\/\/www.eurogate-international.com\/pl\/produkt\/pd-140\/#primaryimage","url":"https:\/\/www.eurogate-international.com\/wp-content\/uploads\/2018\/09\/PD140_palenrammer.png","contentUrl":"https:\/\/www.eurogate-international.com\/wp-content\/uploads\/2018\/09\/PD140_palenrammer.png","width":2500,"height":2500},{"@type":"BreadcrumbList","@id":"https:\/\/www.eurogate-international.com\/pl\/produkt\/pd-140\/#breadcrumb","itemListElement":[{"@type":"ListItem","position":1,"name":"Home","item":"https:\/\/www.eurogate-international.com\/pl\/home\/"},{"@type":"ListItem","position":2,"name":"Sklep","item":"https:\/\/www.eurogate-international.com\/pl\/sklep-2\/"},{"@type":"ListItem","position":3,"name":"PD-140"}]},{"@type":"WebSite","@id":"https:\/\/www.eurogate-international.com\/pl\/#website","url":"https:\/\/www.eurogate-international.com\/pl\/","name":"EuroGate International","description":"D\u00e9 onafhankelijke Europese verkooporganisatie van machines","publisher":{"@id":"https:\/\/www.eurogate-international.com\/pl\/#organization"},"potentialAction":[{"@type":"SearchAction","target":{"@type":"EntryPoint","urlTemplate":"https:\/\/www.eurogate-international.com\/pl\/?s={search_term_string}"},"query-input":{"@type":"PropertyValueSpecification","valueRequired":true,"valueName":"search_term_string"}}],"inLanguage":"pl-PL"},{"@type":"Organization","@id":"https:\/\/www.eurogate-international.com\/pl\/#organization","name":"EuroGate International","url":"https:\/\/www.eurogate-international.com\/pl\/","logo":{"@type":"ImageObject","inLanguage":"pl-PL","@id":"https:\/\/www.eurogate-international.com\/pl\/#\/schema\/logo\/image\/","url":"https:\/\/www.eurogate-international.com\/wp-content\/uploads\/2020\/06\/Logo_EuroGateInternational2.png","contentUrl":"https:\/\/www.eurogate-international.com\/wp-content\/uploads\/2020\/06\/Logo_EuroGateInternational2.png","width":150,"height":148,"caption":"EuroGate International"},"image":{"@id":"https:\/\/www.eurogate-international.com\/pl\/#\/schema\/logo\/image\/"},"sameAs":["https:\/\/www.facebook.com\/EuroGateInternational\/","https:\/\/nl.linkedin.com\/company\/eurogate-international"]}]}},"jetpack_sharing_enabled":true,"_links":{"self":[{"href":"https:\/\/www.eurogate-international.com\/pl\/wp-json\/wp\/v2\/product\/8154","targetHints":{"allow":["GET"]}}],"collection":[{"href":"https:\/\/www.eurogate-international.com\/pl\/wp-json\/wp\/v2\/product"}],"about":[{"href":"https:\/\/www.eurogate-international.com\/pl\/wp-json\/wp\/v2\/types\/product"}],"replies":[{"embeddable":true,"href":"https:\/\/www.eurogate-international.com\/pl\/wp-json\/wp\/v2\/comments?post=8154"}],"version-history":[{"count":0,"href":"https:\/\/www.eurogate-international.com\/pl\/wp-json\/wp\/v2\/product\/8154\/revisions"}],"wp:featuredmedia":[{"embeddable":true,"href":"https:\/\/www.eurogate-international.com\/pl\/wp-json\/wp\/v2\/media\/633"}],"wp:attachment":[{"href":"https:\/\/www.eurogate-international.com\/pl\/wp-json\/wp\/v2\/media?parent=8154"}],"wp:term":[{"taxonomy":"product_cat","embeddable":true,"href":"https:\/\/www.eurogate-international.com\/pl\/wp-json\/wp\/v2\/product_cat?post=8154"},{"taxonomy":"product_tag","embeddable":true,"href":"https:\/\/www.eurogate-international.com\/pl\/wp-json\/wp\/v2\/product_tag?post=8154"}],"curies":[{"name":"wp","href":"https:\/\/api.w.org\/{rel}","templated":true}]}}